{"id":3304,"date":"2019-08-23T16:50:55","date_gmt":"2019-08-23T14:50:55","guid":{"rendered":"https:\/\/www.ameco-group.com\/?page_id=3304"},"modified":"2022-01-05T14:37:20","modified_gmt":"2022-01-05T13:37:20","slug":"obrigado-referencias","status":"publish","type":"page","link":"https:\/\/www.ameco-group.com\/pt-br\/obrigado-referencias\/","title":{"rendered":"Solicita\u00e7\u00e3o enviada"},"content":{"rendered":"<p>Obrigado! Voc\u00ea ser\u00e1 contatado nos pr\u00f3ximos 2 dias \u00fateis sobre sua solicita\u00e7\u00e3o.<\/p>\n<p><a class=\"btn\" href=\"https:\/\/www.ameco-group.com\/pt-br\/\">Voltar para p\u00e1gina inicial<\/a><\/p>\n","protected":false},"excerpt":{"rendered":"<p>Obrigado! Voc\u00ea ser\u00e1 contatado nos pr\u00f3ximos 2 dias \u00fateis sobre sua solicita\u00e7\u00e3o. Voltar para p\u00e1gina inicial<\/p>\n","protected":false},"author":2,"featured_media":0,"parent":0,"menu_order":0,"comment_status":"closed","ping_status":"closed","template":"","meta":{"_acf_changed":false,"footnotes":""},"class_list":["post-3304","page","type-page","status-publish","hentry","wp-sticky"],"acf":[],"yoast_head":"<!-- This site is optimized with the Yoast SEO plugin v27.5 - https:\/\/yoast.com\/product\/yoast-seo-wordpress\/ -->\n<title>Solicita\u00e7\u00e3o enviada<\/title>\n<meta name=\"robots\" content=\"noindex, follow\" \/>\n<meta property=\"og:locale\" content=\"pt_BR\" \/>\n<meta property=\"og:type\" content=\"article\" \/>\n<meta property=\"og:title\" content=\"Solicita\u00e7\u00e3o enviada\" \/>\n<meta property=\"og:description\" content=\"Obrigado! Voc\u00ea ser\u00e1 contatado nos pr\u00f3ximos 2 dias \u00fateis sobre sua solicita\u00e7\u00e3o. Voltar para p\u00e1gina inicial\" \/>\n<meta property=\"og:url\" content=\"https:\/\/www.ameco-group.com\/pt-br\/obrigado-referencias\/\" \/>\n<meta property=\"og:site_name\" content=\"AMECO Group\" \/>\n<meta property=\"article:modified_time\" content=\"2022-01-05T13:37:20+00:00\" \/>\n<meta name=\"twitter:card\" content=\"summary_large_image\" \/>\n<meta name=\"twitter:label1\" content=\"Est. tempo de leitura\" \/>\n\t<meta name=\"twitter:data1\" content=\"1 minuto\" \/>\n<script type=\"application\/ld+json\" class=\"yoast-schema-graph\">{\"@context\":\"https:\\\/\\\/schema.org\",\"@graph\":[{\"@type\":\"WebPage\",\"@id\":\"https:\\\/\\\/www.ameco-group.com\\\/pt-br\\\/obrigado-referencias\\\/\",\"url\":\"https:\\\/\\\/www.ameco-group.com\\\/pt-br\\\/obrigado-referencias\\\/\",\"name\":\"Solicita\u00e7\u00e3o enviada\",\"isPartOf\":{\"@id\":\"https:\\\/\\\/www.ameco-group.com\\\/pt-br\\\/#website\"},\"datePublished\":\"2019-08-23T14:50:55+00:00\",\"dateModified\":\"2022-01-05T13:37:20+00:00\",\"breadcrumb\":{\"@id\":\"https:\\\/\\\/www.ameco-group.com\\\/pt-br\\\/obrigado-referencias\\\/#breadcrumb\"},\"inLanguage\":\"pt-BR\",\"potentialAction\":[{\"@type\":\"ReadAction\",\"target\":[\"https:\\\/\\\/www.ameco-group.com\\\/pt-br\\\/obrigado-referencias\\\/\"]}]},{\"@type\":\"BreadcrumbList\",\"@id\":\"https:\\\/\\\/www.ameco-group.com\\\/pt-br\\\/obrigado-referencias\\\/#breadcrumb\",\"itemListElement\":[{\"@type\":\"ListItem\",\"position\":1,\"name\":\"Inicial\",\"item\":\"https:\\\/\\\/www.ameco-group.com\\\/pt-br\\\/\"},{\"@type\":\"ListItem\",\"position\":2,\"name\":\"Solicita\u00e7\u00e3o enviada\"}]},{\"@type\":\"WebSite\",\"@id\":\"https:\\\/\\\/www.ameco-group.com\\\/pt-br\\\/#website\",\"url\":\"https:\\\/\\\/www.ameco-group.com\\\/pt-br\\\/\",\"name\":\"AMECO Group\",\"description\":\"Stackers, Reclaimers, Blending Systems and Shiploaders\",\"publisher\":{\"@id\":\"https:\\\/\\\/www.ameco-group.com\\\/pt-br\\\/#organization\"},\"potentialAction\":[{\"@type\":\"SearchAction\",\"target\":{\"@type\":\"EntryPoint\",\"urlTemplate\":\"https:\\\/\\\/www.ameco-group.com\\\/pt-br\\\/?s={search_term_string}\"},\"query-input\":{\"@type\":\"PropertyValueSpecification\",\"valueRequired\":true,\"valueName\":\"search_term_string\"}}],\"inLanguage\":\"pt-BR\"},{\"@type\":\"Organization\",\"@id\":\"https:\\\/\\\/www.ameco-group.com\\\/pt-br\\\/#organization\",\"name\":\"Ameco\",\"url\":\"https:\\\/\\\/www.ameco-group.com\\\/pt-br\\\/\",\"logo\":{\"@type\":\"ImageObject\",\"inLanguage\":\"pt-BR\",\"@id\":\"https:\\\/\\\/www.ameco-group.com\\\/pt-br\\\/#\\\/schema\\\/logo\\\/image\\\/\",\"url\":\"https:\\\/\\\/www.ameco-group.com\\\/wp-inside\\\/uploads\\\/2022\\\/06\\\/ameco-logo.png\",\"contentUrl\":\"https:\\\/\\\/www.ameco-group.com\\\/wp-inside\\\/uploads\\\/2022\\\/06\\\/ameco-logo.png\",\"width\":500,\"height\":134,\"caption\":\"Ameco\"},\"image\":{\"@id\":\"https:\\\/\\\/www.ameco-group.com\\\/pt-br\\\/#\\\/schema\\\/logo\\\/image\\\/\"}}]}<\/script>\n<!-- \/ Yoast SEO plugin. -->","yoast_head_json":{"title":"Solicita\u00e7\u00e3o enviada","robots":{"index":"noindex","follow":"follow"},"og_locale":"pt_BR","og_type":"article","og_title":"Solicita\u00e7\u00e3o enviada","og_description":"Obrigado! Voc\u00ea ser\u00e1 contatado nos pr\u00f3ximos 2 dias \u00fateis sobre sua solicita\u00e7\u00e3o. Voltar para p\u00e1gina inicial","og_url":"https:\/\/www.ameco-group.com\/pt-br\/obrigado-referencias\/","og_site_name":"AMECO Group","article_modified_time":"2022-01-05T13:37:20+00:00","twitter_card":"summary_large_image","twitter_misc":{"Est. tempo de leitura":"1 minuto"},"schema":{"@context":"https:\/\/schema.org","@graph":[{"@type":"WebPage","@id":"https:\/\/www.ameco-group.com\/pt-br\/obrigado-referencias\/","url":"https:\/\/www.ameco-group.com\/pt-br\/obrigado-referencias\/","name":"Solicita\u00e7\u00e3o enviada","isPartOf":{"@id":"https:\/\/www.ameco-group.com\/pt-br\/#website"},"datePublished":"2019-08-23T14:50:55+00:00","dateModified":"2022-01-05T13:37:20+00:00","breadcrumb":{"@id":"https:\/\/www.ameco-group.com\/pt-br\/obrigado-referencias\/#breadcrumb"},"inLanguage":"pt-BR","potentialAction":[{"@type":"ReadAction","target":["https:\/\/www.ameco-group.com\/pt-br\/obrigado-referencias\/"]}]},{"@type":"BreadcrumbList","@id":"https:\/\/www.ameco-group.com\/pt-br\/obrigado-referencias\/#breadcrumb","itemListElement":[{"@type":"ListItem","position":1,"name":"Inicial","item":"https:\/\/www.ameco-group.com\/pt-br\/"},{"@type":"ListItem","position":2,"name":"Solicita\u00e7\u00e3o enviada"}]},{"@type":"WebSite","@id":"https:\/\/www.ameco-group.com\/pt-br\/#website","url":"https:\/\/www.ameco-group.com\/pt-br\/","name":"AMECO Group","description":"Stackers, Reclaimers, Blending Systems and Shiploaders","publisher":{"@id":"https:\/\/www.ameco-group.com\/pt-br\/#organization"},"potentialAction":[{"@type":"SearchAction","target":{"@type":"EntryPoint","urlTemplate":"https:\/\/www.ameco-group.com\/pt-br\/?s={search_term_string}"},"query-input":{"@type":"PropertyValueSpecification","valueRequired":true,"valueName":"search_term_string"}}],"inLanguage":"pt-BR"},{"@type":"Organization","@id":"https:\/\/www.ameco-group.com\/pt-br\/#organization","name":"Ameco","url":"https:\/\/www.ameco-group.com\/pt-br\/","logo":{"@type":"ImageObject","inLanguage":"pt-BR","@id":"https:\/\/www.ameco-group.com\/pt-br\/#\/schema\/logo\/image\/","url":"https:\/\/www.ameco-group.com\/wp-inside\/uploads\/2022\/06\/ameco-logo.png","contentUrl":"https:\/\/www.ameco-group.com\/wp-inside\/uploads\/2022\/06\/ameco-logo.png","width":500,"height":134,"caption":"Ameco"},"image":{"@id":"https:\/\/www.ameco-group.com\/pt-br\/#\/schema\/logo\/image\/"}}]}},"_links":{"self":[{"href":"https:\/\/www.ameco-group.com\/pt-br\/wp-json\/wp\/v2\/pages\/3304","targetHints":{"allow":["GET"]}}],"collection":[{"href":"https:\/\/www.ameco-group.com\/pt-br\/wp-json\/wp\/v2\/pages"}],"about":[{"href":"https:\/\/www.ameco-group.com\/pt-br\/wp-json\/wp\/v2\/types\/page"}],"author":[{"embeddable":true,"href":"https:\/\/www.ameco-group.com\/pt-br\/wp-json\/wp\/v2\/users\/2"}],"replies":[{"embeddable":true,"href":"https:\/\/www.ameco-group.com\/pt-br\/wp-json\/wp\/v2\/comments?post=3304"}],"version-history":[{"count":5,"href":"https:\/\/www.ameco-group.com\/pt-br\/wp-json\/wp\/v2\/pages\/3304\/revisions"}],"predecessor-version":[{"id":6929,"href":"https:\/\/www.ameco-group.com\/pt-br\/wp-json\/wp\/v2\/pages\/3304\/revisions\/6929"}],"wp:attachment":[{"href":"https:\/\/www.ameco-group.com\/pt-br\/wp-json\/wp\/v2\/media?parent=3304"}],"curies":[{"name":"wp","href":"https:\/\/api.w.org\/{rel}","templated":true}]}}