{"id":3302,"date":"2019-08-23T16:50:18","date_gmt":"2019-08-23T14:50:18","guid":{"rendered":"https:\/\/www.ameco-group.com\/?page_id=3302"},"modified":"2019-09-27T01:49:36","modified_gmt":"2019-09-26T23:49:36","slug":"trabalhe-conosco","status":"publish","type":"page","link":"https:\/\/www.ameco-group.com\/pt-br\/trabalhe-conosco\/","title":{"rendered":"Trabalhe conosco"},"content":{"rendered":"<p><strong>A AMECO \u00e9 uma empresa em pleno crescimento, por isso estamos sempre em busca de pessoas altamente motivadas e talentosas que queiram se juntar \u00e0 nossa equipe.<\/strong><\/p>\n<h2>O que a AMECO pode lhe oferecer?<\/h2>\n<ul>\n<li>Um ambiente de alto impacto aberto \u00e0s suas ideias inovadoras e criativas.<\/li>\n<li>A oportunidade de trabalhar com uma equipe de jovens profissionais e de profissionais experientes em um ambiente internacional.<\/li>\n<li>Oportunidades para viagens de neg\u00f3cios, j\u00e1 que os equipamentos de AMECO est\u00e3o instalados em todas as partes do mundo.<\/li>\n<\/ul>\n<p><iframe title=\"AMECO Group -  Meet the team !\" width=\"500\" height=\"281\" src=\"https:\/\/www.youtube.com\/embed\/IAraac4RLYQ?feature=oembed\" frameborder=\"0\" allow=\"accelerometer; autoplay; clipboard-write; encrypted-media; gyroscope; picture-in-picture; web-share\" referrerpolicy=\"strict-origin-when-cross-origin\" allowfullscreen><\/iframe><\/p>\n","protected":false},"excerpt":{"rendered":"<p>A AMECO \u00e9 uma empresa em pleno crescimento, por isso estamos sempre em busca de pessoas altamente motivadas e talentosas [&hellip;]<\/p>\n","protected":false},"author":2,"featured_media":0,"parent":0,"menu_order":0,"comment_status":"closed","ping_status":"closed","template":"","meta":{"_acf_changed":false,"footnotes":""},"class_list":["post-3302","page","type-page","status-publish","hentry","wp-sticky"],"acf":[],"yoast_head":"<!-- This site is optimized with the Yoast SEO plugin v27.4 - https:\/\/yoast.com\/product\/yoast-seo-wordpress\/ -->\n<title>Trabalhe conosco<\/title>\n<meta name=\"robots\" content=\"index, follow, max-snippet:-1, max-image-preview:large, max-video-preview:-1\" \/>\n<link rel=\"canonical\" href=\"https:\/\/www.ameco-group.com\/pt-br\/trabalhe-conosco\/\" \/>\n<meta property=\"og:locale\" content=\"pt_BR\" \/>\n<meta property=\"og:type\" content=\"article\" \/>\n<meta property=\"og:title\" content=\"Trabalhe conosco\" \/>\n<meta property=\"og:description\" content=\"A AMECO \u00e9 uma empresa em pleno crescimento, por isso estamos sempre em busca de pessoas altamente motivadas e talentosas [&hellip;]\" \/>\n<meta property=\"og:url\" content=\"https:\/\/www.ameco-group.com\/pt-br\/trabalhe-conosco\/\" \/>\n<meta property=\"og:site_name\" content=\"AMECO Group\" \/>\n<meta property=\"article:modified_time\" content=\"2019-09-26T23:49:36+00:00\" \/>\n<meta name=\"twitter:card\" content=\"summary_large_image\" \/>\n<script type=\"application\/ld+json\" class=\"yoast-schema-graph\">{\"@context\":\"https:\\\/\\\/schema.org\",\"@graph\":[{\"@type\":\"WebPage\",\"@id\":\"https:\\\/\\\/www.ameco-group.com\\\/pt-br\\\/trabalhe-conosco\\\/\",\"url\":\"https:\\\/\\\/www.ameco-group.com\\\/pt-br\\\/trabalhe-conosco\\\/\",\"name\":\"Trabalhe conosco\",\"isPartOf\":{\"@id\":\"https:\\\/\\\/www.ameco-group.com\\\/pt-br\\\/#website\"},\"datePublished\":\"2019-08-23T14:50:18+00:00\",\"dateModified\":\"2019-09-26T23:49:36+00:00\",\"breadcrumb\":{\"@id\":\"https:\\\/\\\/www.ameco-group.com\\\/pt-br\\\/trabalhe-conosco\\\/#breadcrumb\"},\"inLanguage\":\"pt-BR\",\"potentialAction\":[{\"@type\":\"ReadAction\",\"target\":[\"https:\\\/\\\/www.ameco-group.com\\\/pt-br\\\/trabalhe-conosco\\\/\"]}]},{\"@type\":\"BreadcrumbList\",\"@id\":\"https:\\\/\\\/www.ameco-group.com\\\/pt-br\\\/trabalhe-conosco\\\/#breadcrumb\",\"itemListElement\":[{\"@type\":\"ListItem\",\"position\":1,\"name\":\"Inicial\",\"item\":\"https:\\\/\\\/www.ameco-group.com\\\/pt-br\\\/\"},{\"@type\":\"ListItem\",\"position\":2,\"name\":\"Trabalhe conosco\"}]},{\"@type\":\"WebSite\",\"@id\":\"https:\\\/\\\/www.ameco-group.com\\\/pt-br\\\/#website\",\"url\":\"https:\\\/\\\/www.ameco-group.com\\\/pt-br\\\/\",\"name\":\"AMECO Group\",\"description\":\"Stackers, Reclaimers, Blending Systems and Shiploaders\",\"publisher\":{\"@id\":\"https:\\\/\\\/www.ameco-group.com\\\/pt-br\\\/#organization\"},\"potentialAction\":[{\"@type\":\"SearchAction\",\"target\":{\"@type\":\"EntryPoint\",\"urlTemplate\":\"https:\\\/\\\/www.ameco-group.com\\\/pt-br\\\/?s={search_term_string}\"},\"query-input\":{\"@type\":\"PropertyValueSpecification\",\"valueRequired\":true,\"valueName\":\"search_term_string\"}}],\"inLanguage\":\"pt-BR\"},{\"@type\":\"Organization\",\"@id\":\"https:\\\/\\\/www.ameco-group.com\\\/pt-br\\\/#organization\",\"name\":\"Ameco\",\"url\":\"https:\\\/\\\/www.ameco-group.com\\\/pt-br\\\/\",\"logo\":{\"@type\":\"ImageObject\",\"inLanguage\":\"pt-BR\",\"@id\":\"https:\\\/\\\/www.ameco-group.com\\\/pt-br\\\/#\\\/schema\\\/logo\\\/image\\\/\",\"url\":\"https:\\\/\\\/www.ameco-group.com\\\/wp-inside\\\/uploads\\\/2022\\\/06\\\/ameco-logo.png\",\"contentUrl\":\"https:\\\/\\\/www.ameco-group.com\\\/wp-inside\\\/uploads\\\/2022\\\/06\\\/ameco-logo.png\",\"width\":500,\"height\":134,\"caption\":\"Ameco\"},\"image\":{\"@id\":\"https:\\\/\\\/www.ameco-group.com\\\/pt-br\\\/#\\\/schema\\\/logo\\\/image\\\/\"}}]}<\/script>\n<!-- \/ Yoast SEO plugin. -->","yoast_head_json":{"title":"Trabalhe conosco","robots":{"index":"index","follow":"follow","max-snippet":"max-snippet:-1","max-image-preview":"max-image-preview:large","max-video-preview":"max-video-preview:-1"},"canonical":"https:\/\/www.ameco-group.com\/pt-br\/trabalhe-conosco\/","og_locale":"pt_BR","og_type":"article","og_title":"Trabalhe conosco","og_description":"A AMECO \u00e9 uma empresa em pleno crescimento, por isso estamos sempre em busca de pessoas altamente motivadas e talentosas [&hellip;]","og_url":"https:\/\/www.ameco-group.com\/pt-br\/trabalhe-conosco\/","og_site_name":"AMECO Group","article_modified_time":"2019-09-26T23:49:36+00:00","twitter_card":"summary_large_image","schema":{"@context":"https:\/\/schema.org","@graph":[{"@type":"WebPage","@id":"https:\/\/www.ameco-group.com\/pt-br\/trabalhe-conosco\/","url":"https:\/\/www.ameco-group.com\/pt-br\/trabalhe-conosco\/","name":"Trabalhe conosco","isPartOf":{"@id":"https:\/\/www.ameco-group.com\/pt-br\/#website"},"datePublished":"2019-08-23T14:50:18+00:00","dateModified":"2019-09-26T23:49:36+00:00","breadcrumb":{"@id":"https:\/\/www.ameco-group.com\/pt-br\/trabalhe-conosco\/#breadcrumb"},"inLanguage":"pt-BR","potentialAction":[{"@type":"ReadAction","target":["https:\/\/www.ameco-group.com\/pt-br\/trabalhe-conosco\/"]}]},{"@type":"BreadcrumbList","@id":"https:\/\/www.ameco-group.com\/pt-br\/trabalhe-conosco\/#breadcrumb","itemListElement":[{"@type":"ListItem","position":1,"name":"Inicial","item":"https:\/\/www.ameco-group.com\/pt-br\/"},{"@type":"ListItem","position":2,"name":"Trabalhe conosco"}]},{"@type":"WebSite","@id":"https:\/\/www.ameco-group.com\/pt-br\/#website","url":"https:\/\/www.ameco-group.com\/pt-br\/","name":"AMECO Group","description":"Stackers, Reclaimers, Blending Systems and Shiploaders","publisher":{"@id":"https:\/\/www.ameco-group.com\/pt-br\/#organization"},"potentialAction":[{"@type":"SearchAction","target":{"@type":"EntryPoint","urlTemplate":"https:\/\/www.ameco-group.com\/pt-br\/?s={search_term_string}"},"query-input":{"@type":"PropertyValueSpecification","valueRequired":true,"valueName":"search_term_string"}}],"inLanguage":"pt-BR"},{"@type":"Organization","@id":"https:\/\/www.ameco-group.com\/pt-br\/#organization","name":"Ameco","url":"https:\/\/www.ameco-group.com\/pt-br\/","logo":{"@type":"ImageObject","inLanguage":"pt-BR","@id":"https:\/\/www.ameco-group.com\/pt-br\/#\/schema\/logo\/image\/","url":"https:\/\/www.ameco-group.com\/wp-inside\/uploads\/2022\/06\/ameco-logo.png","contentUrl":"https:\/\/www.ameco-group.com\/wp-inside\/uploads\/2022\/06\/ameco-logo.png","width":500,"height":134,"caption":"Ameco"},"image":{"@id":"https:\/\/www.ameco-group.com\/pt-br\/#\/schema\/logo\/image\/"}}]}},"_links":{"self":[{"href":"https:\/\/www.ameco-group.com\/pt-br\/wp-json\/wp\/v2\/pages\/3302","targetHints":{"allow":["GET"]}}],"collection":[{"href":"https:\/\/www.ameco-group.com\/pt-br\/wp-json\/wp\/v2\/pages"}],"about":[{"href":"https:\/\/www.ameco-group.com\/pt-br\/wp-json\/wp\/v2\/types\/page"}],"author":[{"embeddable":true,"href":"https:\/\/www.ameco-group.com\/pt-br\/wp-json\/wp\/v2\/users\/2"}],"replies":[{"embeddable":true,"href":"https:\/\/www.ameco-group.com\/pt-br\/wp-json\/wp\/v2\/comments?post=3302"}],"version-history":[{"count":5,"href":"https:\/\/www.ameco-group.com\/pt-br\/wp-json\/wp\/v2\/pages\/3302\/revisions"}],"predecessor-version":[{"id":3539,"href":"https:\/\/www.ameco-group.com\/pt-br\/wp-json\/wp\/v2\/pages\/3302\/revisions\/3539"}],"wp:attachment":[{"href":"https:\/\/www.ameco-group.com\/pt-br\/wp-json\/wp\/v2\/media?parent=3302"}],"curies":[{"name":"wp","href":"https:\/\/api.w.org\/{rel}","templated":true}]}}