{"id":3298,"date":"2019-08-23T16:49:37","date_gmt":"2019-08-23T14:49:37","guid":{"rendered":"https:\/\/www.ameco-group.com\/?page_id=3298"},"modified":"2019-09-24T20:49:56","modified_gmt":"2019-09-24T18:49:56","slug":"servicos","status":"publish","type":"page","link":"https:\/\/www.ameco-group.com\/pt-br\/servicos\/","title":{"rendered":"Servi\u00e7os"},"content":{"rendered":"<p><strong>No grupo AMECO, n\u00e3o queremos apenas projetar e fabricar equipamentos de alta qualidade para nossos clientes. Queremos tamb\u00e9m fornecer aos nossos clientes um servi\u00e7o p\u00f3s-venda excelente, onde quer que estejam no mundo.<\/strong><\/p>\n<p>Nossa oferta de servi\u00e7os inclui o seguinte:<\/p>\n","protected":false},"excerpt":{"rendered":"<p>No grupo AMECO, n\u00e3o queremos apenas projetar e fabricar equipamentos de alta qualidade para nossos clientes. Queremos tamb\u00e9m fornecer aos [&hellip;]<\/p>\n","protected":false},"author":2,"featured_media":0,"parent":0,"menu_order":0,"comment_status":"closed","ping_status":"closed","template":"","meta":{"_acf_changed":false,"footnotes":""},"class_list":["post-3298","page","type-page","status-publish","hentry","wp-sticky"],"acf":[],"yoast_head":"<!-- This site is optimized with the Yoast SEO plugin v27.4 - https:\/\/yoast.com\/product\/yoast-seo-wordpress\/ -->\n<title>Servi\u00e7os<\/title>\n<meta name=\"robots\" content=\"index, follow, max-snippet:-1, max-image-preview:large, max-video-preview:-1\" \/>\n<link rel=\"canonical\" href=\"https:\/\/www.ameco-group.com\/pt-br\/servicos\/\" \/>\n<meta property=\"og:locale\" content=\"pt_BR\" \/>\n<meta property=\"og:type\" content=\"article\" \/>\n<meta property=\"og:title\" content=\"Servi\u00e7os\" \/>\n<meta property=\"og:description\" content=\"No grupo AMECO, n\u00e3o queremos apenas projetar e fabricar equipamentos de alta qualidade para nossos clientes. Queremos tamb\u00e9m fornecer aos [&hellip;]\" \/>\n<meta property=\"og:url\" content=\"https:\/\/www.ameco-group.com\/pt-br\/servicos\/\" \/>\n<meta property=\"og:site_name\" content=\"AMECO Group\" \/>\n<meta property=\"article:modified_time\" content=\"2019-09-24T18:49:56+00:00\" \/>\n<meta name=\"twitter:card\" content=\"summary_large_image\" \/>\n<script type=\"application\/ld+json\" class=\"yoast-schema-graph\">{\"@context\":\"https:\\\/\\\/schema.org\",\"@graph\":[{\"@type\":\"WebPage\",\"@id\":\"https:\\\/\\\/www.ameco-group.com\\\/pt-br\\\/servicos\\\/\",\"url\":\"https:\\\/\\\/www.ameco-group.com\\\/pt-br\\\/servicos\\\/\",\"name\":\"Servi\u00e7os\",\"isPartOf\":{\"@id\":\"https:\\\/\\\/www.ameco-group.com\\\/pt-br\\\/#website\"},\"datePublished\":\"2019-08-23T14:49:37+00:00\",\"dateModified\":\"2019-09-24T18:49:56+00:00\",\"breadcrumb\":{\"@id\":\"https:\\\/\\\/www.ameco-group.com\\\/pt-br\\\/servicos\\\/#breadcrumb\"},\"inLanguage\":\"pt-BR\",\"potentialAction\":[{\"@type\":\"ReadAction\",\"target\":[\"https:\\\/\\\/www.ameco-group.com\\\/pt-br\\\/servicos\\\/\"]}]},{\"@type\":\"BreadcrumbList\",\"@id\":\"https:\\\/\\\/www.ameco-group.com\\\/pt-br\\\/servicos\\\/#breadcrumb\",\"itemListElement\":[{\"@type\":\"ListItem\",\"position\":1,\"name\":\"Inicial\",\"item\":\"https:\\\/\\\/www.ameco-group.com\\\/pt-br\\\/\"},{\"@type\":\"ListItem\",\"position\":2,\"name\":\"Servi\u00e7os\"}]},{\"@type\":\"WebSite\",\"@id\":\"https:\\\/\\\/www.ameco-group.com\\\/pt-br\\\/#website\",\"url\":\"https:\\\/\\\/www.ameco-group.com\\\/pt-br\\\/\",\"name\":\"AMECO Group\",\"description\":\"Stackers, Reclaimers, Blending Systems and Shiploaders\",\"publisher\":{\"@id\":\"https:\\\/\\\/www.ameco-group.com\\\/pt-br\\\/#organization\"},\"potentialAction\":[{\"@type\":\"SearchAction\",\"target\":{\"@type\":\"EntryPoint\",\"urlTemplate\":\"https:\\\/\\\/www.ameco-group.com\\\/pt-br\\\/?s={search_term_string}\"},\"query-input\":{\"@type\":\"PropertyValueSpecification\",\"valueRequired\":true,\"valueName\":\"search_term_string\"}}],\"inLanguage\":\"pt-BR\"},{\"@type\":\"Organization\",\"@id\":\"https:\\\/\\\/www.ameco-group.com\\\/pt-br\\\/#organization\",\"name\":\"Ameco\",\"url\":\"https:\\\/\\\/www.ameco-group.com\\\/pt-br\\\/\",\"logo\":{\"@type\":\"ImageObject\",\"inLanguage\":\"pt-BR\",\"@id\":\"https:\\\/\\\/www.ameco-group.com\\\/pt-br\\\/#\\\/schema\\\/logo\\\/image\\\/\",\"url\":\"https:\\\/\\\/www.ameco-group.com\\\/wp-inside\\\/uploads\\\/2022\\\/06\\\/ameco-logo.png\",\"contentUrl\":\"https:\\\/\\\/www.ameco-group.com\\\/wp-inside\\\/uploads\\\/2022\\\/06\\\/ameco-logo.png\",\"width\":500,\"height\":134,\"caption\":\"Ameco\"},\"image\":{\"@id\":\"https:\\\/\\\/www.ameco-group.com\\\/pt-br\\\/#\\\/schema\\\/logo\\\/image\\\/\"}}]}<\/script>\n<!-- \/ Yoast SEO plugin. -->","yoast_head_json":{"title":"Servi\u00e7os","robots":{"index":"index","follow":"follow","max-snippet":"max-snippet:-1","max-image-preview":"max-image-preview:large","max-video-preview":"max-video-preview:-1"},"canonical":"https:\/\/www.ameco-group.com\/pt-br\/servicos\/","og_locale":"pt_BR","og_type":"article","og_title":"Servi\u00e7os","og_description":"No grupo AMECO, n\u00e3o queremos apenas projetar e fabricar equipamentos de alta qualidade para nossos clientes. Queremos tamb\u00e9m fornecer aos [&hellip;]","og_url":"https:\/\/www.ameco-group.com\/pt-br\/servicos\/","og_site_name":"AMECO Group","article_modified_time":"2019-09-24T18:49:56+00:00","twitter_card":"summary_large_image","schema":{"@context":"https:\/\/schema.org","@graph":[{"@type":"WebPage","@id":"https:\/\/www.ameco-group.com\/pt-br\/servicos\/","url":"https:\/\/www.ameco-group.com\/pt-br\/servicos\/","name":"Servi\u00e7os","isPartOf":{"@id":"https:\/\/www.ameco-group.com\/pt-br\/#website"},"datePublished":"2019-08-23T14:49:37+00:00","dateModified":"2019-09-24T18:49:56+00:00","breadcrumb":{"@id":"https:\/\/www.ameco-group.com\/pt-br\/servicos\/#breadcrumb"},"inLanguage":"pt-BR","potentialAction":[{"@type":"ReadAction","target":["https:\/\/www.ameco-group.com\/pt-br\/servicos\/"]}]},{"@type":"BreadcrumbList","@id":"https:\/\/www.ameco-group.com\/pt-br\/servicos\/#breadcrumb","itemListElement":[{"@type":"ListItem","position":1,"name":"Inicial","item":"https:\/\/www.ameco-group.com\/pt-br\/"},{"@type":"ListItem","position":2,"name":"Servi\u00e7os"}]},{"@type":"WebSite","@id":"https:\/\/www.ameco-group.com\/pt-br\/#website","url":"https:\/\/www.ameco-group.com\/pt-br\/","name":"AMECO Group","description":"Stackers, Reclaimers, Blending Systems and Shiploaders","publisher":{"@id":"https:\/\/www.ameco-group.com\/pt-br\/#organization"},"potentialAction":[{"@type":"SearchAction","target":{"@type":"EntryPoint","urlTemplate":"https:\/\/www.ameco-group.com\/pt-br\/?s={search_term_string}"},"query-input":{"@type":"PropertyValueSpecification","valueRequired":true,"valueName":"search_term_string"}}],"inLanguage":"pt-BR"},{"@type":"Organization","@id":"https:\/\/www.ameco-group.com\/pt-br\/#organization","name":"Ameco","url":"https:\/\/www.ameco-group.com\/pt-br\/","logo":{"@type":"ImageObject","inLanguage":"pt-BR","@id":"https:\/\/www.ameco-group.com\/pt-br\/#\/schema\/logo\/image\/","url":"https:\/\/www.ameco-group.com\/wp-inside\/uploads\/2022\/06\/ameco-logo.png","contentUrl":"https:\/\/www.ameco-group.com\/wp-inside\/uploads\/2022\/06\/ameco-logo.png","width":500,"height":134,"caption":"Ameco"},"image":{"@id":"https:\/\/www.ameco-group.com\/pt-br\/#\/schema\/logo\/image\/"}}]}},"_links":{"self":[{"href":"https:\/\/www.ameco-group.com\/pt-br\/wp-json\/wp\/v2\/pages\/3298","targetHints":{"allow":["GET"]}}],"collection":[{"href":"https:\/\/www.ameco-group.com\/pt-br\/wp-json\/wp\/v2\/pages"}],"about":[{"href":"https:\/\/www.ameco-group.com\/pt-br\/wp-json\/wp\/v2\/types\/page"}],"author":[{"embeddable":true,"href":"https:\/\/www.ameco-group.com\/pt-br\/wp-json\/wp\/v2\/users\/2"}],"replies":[{"embeddable":true,"href":"https:\/\/www.ameco-group.com\/pt-br\/wp-json\/wp\/v2\/comments?post=3298"}],"version-history":[{"count":5,"href":"https:\/\/www.ameco-group.com\/pt-br\/wp-json\/wp\/v2\/pages\/3298\/revisions"}],"predecessor-version":[{"id":3531,"href":"https:\/\/www.ameco-group.com\/pt-br\/wp-json\/wp\/v2\/pages\/3298\/revisions\/3531"}],"wp:attachment":[{"href":"https:\/\/www.ameco-group.com\/pt-br\/wp-json\/wp\/v2\/media?parent=3298"}],"curies":[{"name":"wp","href":"https:\/\/api.w.org\/{rel}","templated":true}]}}