{"id":3294,"date":"2019-08-23T16:48:34","date_gmt":"2019-08-23T14:48:34","guid":{"rendered":"https:\/\/www.ameco-group.com\/?page_id=3294"},"modified":"2019-09-10T12:29:53","modified_gmt":"2019-09-10T10:29:53","slug":"privacidade-e-informacoes-legais","status":"publish","type":"page","link":"https:\/\/www.ameco-group.com\/pt-br\/privacidade-e-informacoes-legais\/","title":{"rendered":"Privacidade e informa\u00e7\u00f5es legais"},"content":{"rendered":"<h2>Sobre a p\u00e1gina web<\/h2>\n<p>Voc\u00ea est\u00e1 atualmente conectado ao site do grupo AMECO.<br \/>\nTodos os dados e informa\u00e7\u00f5es apresentadas no site <strong>www.ameco-group.com<\/strong> s\u00e3o disponibilizadas ao p\u00fablico pelo grupo AMECO.<br \/>\nBy consulting our website <strong>www.ameco-group.com<\/strong>, you agree to comply with the terms and conditions set forth in this notice.<\/p>\n<h2>Publica\u00e7\u00e3o<\/h2>\n<p><strong>Sede do grupo AMECO:<\/strong> 43 rue du 21 Novembre \u2013 68720 Illfurth (Fran\u00e7a)<\/p>\n<p>Telefone: +33(0) 389-255-969<\/p>\n<p><strong>Gerente de publica\u00e7\u00f5es:<\/strong> St\u00e9phane Killian<\/p>\n<h2>Prote\u00e7\u00e3o dos dados pessoais<\/h2>\n<p>O grupo AMECO respeita muito os direitos de privacidade dos nossos visitantes on-line e est\u00e1 empenhado em proteger os seus dados pessoais de acordo com a legisla\u00e7\u00e3o francesa e europeia em vigor. Nenhum dado pessoal \u00e9 solicitado aos visitantes para consultar o site <strong>www.ameco-group.com<\/strong>.<\/p>\n<p>Cada formul\u00e1rio no site est\u00e1 limitado ao que \u00e9 estritamente necess\u00e1rio em termos de dados pessoais e indica sistematicamente:<\/p>\n<ul>\n<li>Prop\u00f3sitos da coleta de dados pessoais<\/li>\n<li>Se as informa\u00e7\u00f5es s\u00e3o obrigat\u00f3rias ou opcionais<\/li>\n<li>O(s) destinat\u00e1rio(s) dos dados coletados<\/li>\n<li>Quanto tempo os dados coletados ser\u00e3o conservados<\/li>\n<li>Seus direitos de Privacidade de Dados e como exerc\u00ea-los<\/li>\n<\/ul>\n<p>Cada formul\u00e1rio no site <strong>www.ameco-group.com<\/strong> ter\u00e1 uma ou mais caixas de verifica\u00e7\u00e3o para que voc\u00ea possa expressar explicitamente se est\u00e1 de acordo sobre a coleta e processamento dos dados pessoais que foram solicitados. Isso permite ao grupo AMECO assegurar que os dados pessoais informados possam ser usados para os prop\u00f3sitos explicitamente descritos no formul\u00e1rio e aceitos pelo usu\u00e1rio. Cada caixa de verifica\u00e7\u00e3o selecionada corresponde a um prop\u00f3sito espec\u00edfico para o qual os dados pessoais s\u00e3o processados e servir\u00e1 como prova legal do consentimento do usu\u00e1rio.<\/p>\n<p>O grupo AMECO n\u00e3o poder\u00e1, de maneira nenhuma, utilizar esses dados pessoais para outros fins que n\u00e3o aqueles que foram explicitamente descritos no formul\u00e1rio e aceitos pelo usu\u00e1rio. Da mesma forma, estes dados pessoais n\u00e3o podem ser transmitidos ou transferidos para terceiros sem que esta possibilidade seja mencionada explicitamente no formul\u00e1rio.<\/p>\n<p>De acordo com a Lei de &#8220;Prote\u00e7\u00e3o de Dados &#8221; de 6 de janeiro de 1978 (art. 34), voc\u00ea tem o direito de acessar, modificar, corrigir e excluir quaisquer dados que lhe digam respeito.  Para exercer este direito, voc\u00ea pode entrar <a href=\"https:\/\/www.ameco-group.com\/pt-br\/contato-grupo-ameco\/\">em contato<\/a> com o grupo AMECO atrav\u00e9s do formul\u00e1rio de contato do site ou por correio no seguinte endere\u00e7o:<\/p>\n<p>Grupo AMECO<br \/>\n43 rue du 21 Novembre<br \/>\n68720 Illfurth (Fran\u00e7a)<\/p>\n<p>Os dados pessoais coletados no site www.ameco-group.com s\u00e3o tratados de acordo com protocolos de seguran\u00e7a que limitam consideravelmente o risco de intercepta\u00e7\u00e3o ou recupera\u00e7\u00e3o por terceiros. No entanto, por favor, tenham o cuidado para n\u00e3o divulgar informa\u00e7\u00f5es desnecess\u00e1rias ou confidenciais ao utilizar os nossos formul\u00e1rios. Se voc\u00ea deseja nos fornecer tais informa\u00e7\u00f5es, por favor, entre em contato conosco por correio.<\/p>\n<h2>Cookies<\/h2>\n<p>A p\u00e1gina web <strong>www.ameco-group.com<\/strong> usa cookies. Os cookies s\u00e3o pequenos arquivos que s\u00e3o transferidos para o seu computador e permitem que o site funcione de forma adequada e segura (cookies de sess\u00e3o e de seguran\u00e7a) e guarde informa\u00e7\u00f5es relativas \u00e0 forma como os visitantes consultam o nosso site (cookies de seguimento). Eles nos permitem, por exemplo, saber quais p\u00e1ginas s\u00e3o mais frequentemente visualizadas por nossos visitantes e quanto tempo eles gastam em nosso site.<\/p>\n<p>Ao modificar as configura\u00e7\u00f5es do seu navegador web, voc\u00ea pode desativar os cookies ou ser alertado quando os cookies forem baixados para o seu computador. No entanto, a desativa\u00e7\u00e3o de todos os cookies pode impedi-lo de usar corretamente todas as funcionalidades deste site. Portanto, n\u00f3s oferecemos a possibilidade de desativar apenas os cookies de seguimento, o que n\u00e3o ir\u00e1 dificultar a sua navega\u00e7\u00e3o pelo site (ver &#8220;Configura\u00e7\u00f5es de Cookies&#8221; abaixo)<\/p>\n<h3>Google Analytics<\/h3>\n<p>Este site utiliza o servi\u00e7o Google Analytics. Isso nos permite analisar como os usu\u00e1rios usam o nosso site para lhes oferecer uma melhor experi\u00eancia de navega\u00e7\u00e3o. Para isso, o Google Analytics utiliza cookies de seguimento para acompanhar a navega\u00e7\u00e3o de um usu\u00e1rio no site. Estes cookies s\u00e3o mantidos por 13 meses.<\/p>\n<p>N\u00f3s ativamos o anonimato dos endere\u00e7os IP para este site. Isso significa que os endere\u00e7os IP coletados pelo Google Analytics s\u00e3o sistematicamente encurtados para tornar imposs\u00edvel a identifica\u00e7\u00e3o do usu\u00e1rio. Em alguns casos excepcionais, o endere\u00e7o IP completo pode ser transferido para um servidor Google localizado nos Estados Unidos e ent\u00e3o \u00e9 imediatamente encurtado no servidor. A Google utiliza as informa\u00e7\u00f5es coletadas atrav\u00e9s dos cookies em nome do grupo AMECO para analisar os h\u00e1bitos de navega\u00e7\u00e3o dos usu\u00e1rios e para fornecer relat\u00f3rios de atividades do site.<\/p>\n<p>A Google fornece aos utilizadores um plug-in para o seu navegador web que lhes permite evitar a coleta de dados relacionados com a navega\u00e7\u00e3o no seu site utilizando o Google Analytics.<br \/>\nO plug-in est\u00e1 dispon\u00edvel no seguinte endere\u00e7o: <a href=\"https:\/\/tools.google.com\/dlpage\/gaoptout?hl=en\" target=\"_blank\" rel=\"noopener noreferrer\"><strong>tools.google.com\/dlpage\/gaoptout<\/strong><\/a><\/p>\n<h3>Google Remarketing<\/h3>\n<p>Este site pode usar o servi\u00e7o Google Remarketing, que oferece aos usu\u00e1rios an\u00fancios direcionados com base nos sites visitados na rede de publicidade Google. Desta forma, podemos utilizar os seus dados de navega\u00e7\u00e3o neste site para lhe fornecer an\u00fancios espec\u00edficos quando voc\u00ea visita outros sites da rede Google. Voc\u00ea pode desativar este recurso atrav\u00e9s do seguinte link:  <strong><a href=\"http:\/\/www.google.com\/settings\/ads\" target=\"_blank\" rel=\"noopener noreferrer\">www.google.com\/settings\/ads<\/a><\/strong><\/p>\n<p>Se voc\u00ea possuir uma Conta Google e estiver conectado a ela durante a visita ao nosso site, e se tiver permitido \u00e0 Google conectar o seu hist\u00f3rico de navega\u00e7\u00e3o \u00e0 sua conta Google e utilizar este hist\u00f3rico para personalizar an\u00fancios, a Google conectar\u00e1 os dados de navega\u00e7\u00e3o recolhidos atrav\u00e9s do Google Analytics \u00e0 sua conta Google. Se voc\u00ea utilizar a sua conta Google em v\u00e1rios dispositivos, os nossos an\u00fancios podem ser exibidos nesses outros dispositivos. Embora a Google colete dados ligados ao uso de contas Google neste site, o grupo AMECO n\u00e3o pode, de forma alguma, determinar a identidade dos usu\u00e1rios de contas Google que navegam neste site.<\/p>\n<p>Para mais informa\u00e7\u00f5es em rela\u00e7\u00e3o a forma como a Google coleta e utiliza estes dados, convidamos voc\u00ea a consultar a Pol\u00edtica de Privacidade da Google: <strong><a href=\"http:\/\/www.google.com\/policies\/privacy\/\" target=\"_blank\" rel=\"noopener noreferrer\">www.google.com\/policies\/privacy<\/a><\/strong><\/p>\n<h3>Configura\u00e7\u00f5es de Cookie<\/h3>\n<p>Aqui voc\u00ea poder\u00e1 modificar suas configura\u00e7\u00f5es de cookies para esta p\u00e1gina web:<\/p>\n<div class=\"skp-rgpd-cookie-form\">\r\n\t<div class=\"cookie-options\">\r\n\t\t<label>\r\n\t\t\t<input name=\"skp-rgpd-cookie\" type=\"radio\" value=\"1\" checked=\"checked\" \/>\r\n\t\t\t<strong>Todos os cookies de seguimento est\u00e3o ativados<\/strong>\r\n\t\t<\/label>\r\n\t\t<label>\r\n\t\t\t<input name=\"skp-rgpd-cookie\" type=\"radio\" value=\"2\" \/>\r\n\t\t\t<strong>Todos os cookies de seguimento est\u00e3o desativados<\/strong>\r\n\t\t<\/label>\r\n\t<\/div>\r\n\t<div class=\"cookie-submit\">\r\n\t\t<a href=\"#\" class=\"skp-rgpd-cookie-save\">Salvar<\/a>\r\n\t<\/div>\r\n<\/div>\r\n\n<p>Para mais informa\u00e7\u00f5es sobre cookies e como geri-los, recomendamos que voc\u00ea consulte o site: <strong><a href=\"http:\/\/www.youronlinechoices.com\/\" target=\"_blank\" rel=\"noopener noreferrer\">www.youronlinechoices.com<\/a><\/strong>, desenvolvido pela organiza\u00e7\u00e3o EDAA (European Interactive Digital Advertising Alliance).<\/p>\n<h2>Propriedade intelectual<\/h2>\n<p>A legisla\u00e7\u00e3o francesa e internacional sobre os direitos autorais e propriedade intelectual aplica-se a todo o site. Todos os direitos de reprodu\u00e7\u00e3o s\u00e3o reservados, incluindo os direitos para documentos transfer\u00edveis, representa\u00e7\u00f5es iconogr\u00e1ficas e fotogr\u00e1ficas e imagens m\u00f3veis.<\/p>\n<p>Qualquer reprodu\u00e7\u00e3o e\/ou representa\u00e7\u00e3o, no todo ou em parte e por qualquer meio do conte\u00fado do site <strong>www.ameco-group.com<\/strong>, sem a permiss\u00e3o expressa do grupo AMECO \u00e9 ilegal e constitui uma viola\u00e7\u00e3o da lei de direitos autorais.<\/p>\n<p>Qualquer uso de informa\u00e7\u00f5es do site <strong>www.ameco-group.com<\/strong> deve mencionar a fonte da informa\u00e7\u00e3o. O endere\u00e7o de Internet da p\u00e1gina web do grupo AMECO deve aparecer obrigatoriamente na refer\u00eancia.<\/p>\n<p>As marcas mencionadas neste site foram registradas pelas empresas \u00e0s quais pertencem.<\/p>\n<h2>Responsabilidade<\/h2>\n<p>O conte\u00fado e o ambiente de sites externos para os quais <strong>www.ameco-group.com<\/strong> possa fazer refer\u00eancia (particularmente atrav\u00e9s de links) n\u00e3o est\u00e1 sob a responsabilidade do grupo AMECO.<\/p>\n<p>A introdu\u00e7\u00e3o de links de hipertexto para p\u00e1ginas ou documentos de terceiros do site do grupo AMECO \u00e9 autorizada desde que esses links n\u00e3o contrariem os interesses do grupo AMECO e que eles garantam que o usu\u00e1rio possa identificar a origem e o autor do documento.<\/p>\n<p>O grupo AMECO n\u00e3o pode, de modo algum, ser responsabilizado pelo conte\u00fado das informa\u00e7\u00f5es contidas neste site ou pelas consequ\u00eancias decorrentes da sua utiliza\u00e7\u00e3o e interpreta\u00e7\u00e3o.<\/p>\n<p>A consulta ao site <strong>www.ameco-group.com<\/strong> pressup\u00f5e que o usu\u00e1rio esteja de acordo com os termos e condi\u00e7\u00f5es acima especificados.<\/p>\n","protected":false},"excerpt":{"rendered":"<p>Sobre a p\u00e1gina web Voc\u00ea est\u00e1 atualmente conectado ao site do grupo AMECO. Todos os dados e informa\u00e7\u00f5es apresentadas no [&hellip;]<\/p>\n","protected":false},"author":2,"featured_media":0,"parent":0,"menu_order":0,"comment_status":"closed","ping_status":"closed","template":"","meta":{"_acf_changed":false,"footnotes":""},"class_list":["post-3294","page","type-page","status-publish","hentry","wp-sticky"],"acf":[],"yoast_head":"<!-- This site is optimized with the Yoast SEO plugin v27.4 - https:\/\/yoast.com\/product\/yoast-seo-wordpress\/ -->\n<title>Privacidade e informa\u00e7\u00f5es legais<\/title>\n<meta name=\"robots\" content=\"index, follow, max-snippet:-1, max-image-preview:large, max-video-preview:-1\" \/>\n<link rel=\"canonical\" href=\"https:\/\/www.ameco-group.com\/pt-br\/privacidade-e-informacoes-legais\/\" \/>\n<meta property=\"og:locale\" content=\"pt_BR\" \/>\n<meta property=\"og:type\" content=\"article\" \/>\n<meta property=\"og:title\" content=\"Privacidade e informa\u00e7\u00f5es legais\" \/>\n<meta property=\"og:description\" content=\"Sobre a p\u00e1gina web Voc\u00ea est\u00e1 atualmente conectado ao site do grupo AMECO. Todos os dados e informa\u00e7\u00f5es apresentadas no [&hellip;]\" \/>\n<meta property=\"og:url\" content=\"https:\/\/www.ameco-group.com\/pt-br\/privacidade-e-informacoes-legais\/\" \/>\n<meta property=\"og:site_name\" content=\"AMECO Group\" \/>\n<meta property=\"article:modified_time\" content=\"2019-09-10T10:29:53+00:00\" \/>\n<meta name=\"twitter:card\" content=\"summary_large_image\" \/>\n<meta name=\"twitter:label1\" content=\"Est. tempo de leitura\" \/>\n\t<meta name=\"twitter:data1\" content=\"7 minutos\" \/>\n<script type=\"application\/ld+json\" class=\"yoast-schema-graph\">{\"@context\":\"https:\\\/\\\/schema.org\",\"@graph\":[{\"@type\":\"WebPage\",\"@id\":\"https:\\\/\\\/www.ameco-group.com\\\/pt-br\\\/privacidade-e-informacoes-legais\\\/\",\"url\":\"https:\\\/\\\/www.ameco-group.com\\\/pt-br\\\/privacidade-e-informacoes-legais\\\/\",\"name\":\"Privacidade e informa\u00e7\u00f5es legais\",\"isPartOf\":{\"@id\":\"https:\\\/\\\/www.ameco-group.com\\\/pt-br\\\/#website\"},\"datePublished\":\"2019-08-23T14:48:34+00:00\",\"dateModified\":\"2019-09-10T10:29:53+00:00\",\"breadcrumb\":{\"@id\":\"https:\\\/\\\/www.ameco-group.com\\\/pt-br\\\/privacidade-e-informacoes-legais\\\/#breadcrumb\"},\"inLanguage\":\"pt-BR\",\"potentialAction\":[{\"@type\":\"ReadAction\",\"target\":[\"https:\\\/\\\/www.ameco-group.com\\\/pt-br\\\/privacidade-e-informacoes-legais\\\/\"]}]},{\"@type\":\"BreadcrumbList\",\"@id\":\"https:\\\/\\\/www.ameco-group.com\\\/pt-br\\\/privacidade-e-informacoes-legais\\\/#breadcrumb\",\"itemListElement\":[{\"@type\":\"ListItem\",\"position\":1,\"name\":\"Inicial\",\"item\":\"https:\\\/\\\/www.ameco-group.com\\\/pt-br\\\/\"},{\"@type\":\"ListItem\",\"position\":2,\"name\":\"Privacidade e informa\u00e7\u00f5es legais\"}]},{\"@type\":\"WebSite\",\"@id\":\"https:\\\/\\\/www.ameco-group.com\\\/pt-br\\\/#website\",\"url\":\"https:\\\/\\\/www.ameco-group.com\\\/pt-br\\\/\",\"name\":\"AMECO Group\",\"description\":\"Stackers, Reclaimers, Blending Systems and Shiploaders\",\"publisher\":{\"@id\":\"https:\\\/\\\/www.ameco-group.com\\\/pt-br\\\/#organization\"},\"potentialAction\":[{\"@type\":\"SearchAction\",\"target\":{\"@type\":\"EntryPoint\",\"urlTemplate\":\"https:\\\/\\\/www.ameco-group.com\\\/pt-br\\\/?s={search_term_string}\"},\"query-input\":{\"@type\":\"PropertyValueSpecification\",\"valueRequired\":true,\"valueName\":\"search_term_string\"}}],\"inLanguage\":\"pt-BR\"},{\"@type\":\"Organization\",\"@id\":\"https:\\\/\\\/www.ameco-group.com\\\/pt-br\\\/#organization\",\"name\":\"Ameco\",\"url\":\"https:\\\/\\\/www.ameco-group.com\\\/pt-br\\\/\",\"logo\":{\"@type\":\"ImageObject\",\"inLanguage\":\"pt-BR\",\"@id\":\"https:\\\/\\\/www.ameco-group.com\\\/pt-br\\\/#\\\/schema\\\/logo\\\/image\\\/\",\"url\":\"https:\\\/\\\/www.ameco-group.com\\\/wp-inside\\\/uploads\\\/2022\\\/06\\\/ameco-logo.png\",\"contentUrl\":\"https:\\\/\\\/www.ameco-group.com\\\/wp-inside\\\/uploads\\\/2022\\\/06\\\/ameco-logo.png\",\"width\":500,\"height\":134,\"caption\":\"Ameco\"},\"image\":{\"@id\":\"https:\\\/\\\/www.ameco-group.com\\\/pt-br\\\/#\\\/schema\\\/logo\\\/image\\\/\"}}]}<\/script>\n<!-- \/ Yoast SEO plugin. -->","yoast_head_json":{"title":"Privacidade e informa\u00e7\u00f5es legais","robots":{"index":"index","follow":"follow","max-snippet":"max-snippet:-1","max-image-preview":"max-image-preview:large","max-video-preview":"max-video-preview:-1"},"canonical":"https:\/\/www.ameco-group.com\/pt-br\/privacidade-e-informacoes-legais\/","og_locale":"pt_BR","og_type":"article","og_title":"Privacidade e informa\u00e7\u00f5es legais","og_description":"Sobre a p\u00e1gina web Voc\u00ea est\u00e1 atualmente conectado ao site do grupo AMECO. Todos os dados e informa\u00e7\u00f5es apresentadas no [&hellip;]","og_url":"https:\/\/www.ameco-group.com\/pt-br\/privacidade-e-informacoes-legais\/","og_site_name":"AMECO Group","article_modified_time":"2019-09-10T10:29:53+00:00","twitter_card":"summary_large_image","twitter_misc":{"Est. tempo de leitura":"7 minutos"},"schema":{"@context":"https:\/\/schema.org","@graph":[{"@type":"WebPage","@id":"https:\/\/www.ameco-group.com\/pt-br\/privacidade-e-informacoes-legais\/","url":"https:\/\/www.ameco-group.com\/pt-br\/privacidade-e-informacoes-legais\/","name":"Privacidade e informa\u00e7\u00f5es legais","isPartOf":{"@id":"https:\/\/www.ameco-group.com\/pt-br\/#website"},"datePublished":"2019-08-23T14:48:34+00:00","dateModified":"2019-09-10T10:29:53+00:00","breadcrumb":{"@id":"https:\/\/www.ameco-group.com\/pt-br\/privacidade-e-informacoes-legais\/#breadcrumb"},"inLanguage":"pt-BR","potentialAction":[{"@type":"ReadAction","target":["https:\/\/www.ameco-group.com\/pt-br\/privacidade-e-informacoes-legais\/"]}]},{"@type":"BreadcrumbList","@id":"https:\/\/www.ameco-group.com\/pt-br\/privacidade-e-informacoes-legais\/#breadcrumb","itemListElement":[{"@type":"ListItem","position":1,"name":"Inicial","item":"https:\/\/www.ameco-group.com\/pt-br\/"},{"@type":"ListItem","position":2,"name":"Privacidade e informa\u00e7\u00f5es legais"}]},{"@type":"WebSite","@id":"https:\/\/www.ameco-group.com\/pt-br\/#website","url":"https:\/\/www.ameco-group.com\/pt-br\/","name":"AMECO Group","description":"Stackers, Reclaimers, Blending Systems and Shiploaders","publisher":{"@id":"https:\/\/www.ameco-group.com\/pt-br\/#organization"},"potentialAction":[{"@type":"SearchAction","target":{"@type":"EntryPoint","urlTemplate":"https:\/\/www.ameco-group.com\/pt-br\/?s={search_term_string}"},"query-input":{"@type":"PropertyValueSpecification","valueRequired":true,"valueName":"search_term_string"}}],"inLanguage":"pt-BR"},{"@type":"Organization","@id":"https:\/\/www.ameco-group.com\/pt-br\/#organization","name":"Ameco","url":"https:\/\/www.ameco-group.com\/pt-br\/","logo":{"@type":"ImageObject","inLanguage":"pt-BR","@id":"https:\/\/www.ameco-group.com\/pt-br\/#\/schema\/logo\/image\/","url":"https:\/\/www.ameco-group.com\/wp-inside\/uploads\/2022\/06\/ameco-logo.png","contentUrl":"https:\/\/www.ameco-group.com\/wp-inside\/uploads\/2022\/06\/ameco-logo.png","width":500,"height":134,"caption":"Ameco"},"image":{"@id":"https:\/\/www.ameco-group.com\/pt-br\/#\/schema\/logo\/image\/"}}]}},"_links":{"self":[{"href":"https:\/\/www.ameco-group.com\/pt-br\/wp-json\/wp\/v2\/pages\/3294","targetHints":{"allow":["GET"]}}],"collection":[{"href":"https:\/\/www.ameco-group.com\/pt-br\/wp-json\/wp\/v2\/pages"}],"about":[{"href":"https:\/\/www.ameco-group.com\/pt-br\/wp-json\/wp\/v2\/types\/page"}],"author":[{"embeddable":true,"href":"https:\/\/www.ameco-group.com\/pt-br\/wp-json\/wp\/v2\/users\/2"}],"replies":[{"embeddable":true,"href":"https:\/\/www.ameco-group.com\/pt-br\/wp-json\/wp\/v2\/comments?post=3294"}],"version-history":[{"count":4,"href":"https:\/\/www.ameco-group.com\/pt-br\/wp-json\/wp\/v2\/pages\/3294\/revisions"}],"predecessor-version":[{"id":3458,"href":"https:\/\/www.ameco-group.com\/pt-br\/wp-json\/wp\/v2\/pages\/3294\/revisions\/3458"}],"wp:attachment":[{"href":"https:\/\/www.ameco-group.com\/pt-br\/wp-json\/wp\/v2\/media?parent=3294"}],"curies":[{"name":"wp","href":"https:\/\/api.w.org\/{rel}","templated":true}]}}