{"id":3292,"date":"2019-08-23T16:48:10","date_gmt":"2019-08-23T14:48:10","guid":{"rendered":"https:\/\/www.ameco-group.com\/?page_id=3292"},"modified":"2019-09-27T02:10:31","modified_gmt":"2019-09-27T00:10:31","slug":"downloads","status":"publish","type":"page","link":"https:\/\/www.ameco-group.com\/pt-br\/downloads\/","title":{"rendered":"Transfer\u00eancias"},"content":{"rendered":"<p>Interessado nos produtos da AMECO? Por favor, preencha o formul\u00e1rio abaixo para fazer o download do nosso Cat\u00e1logo de Produtos:<br \/>\n\n<div class=\"wpcf7 no-js\" id=\"wpcf7-f3391-o1\" lang=\"fr-FR\" dir=\"ltr\" data-wpcf7-id=\"3391\">\n<div class=\"screen-reader-response\"><p role=\"status\" aria-live=\"polite\" aria-atomic=\"true\"><\/p> <ul><\/ul><\/div>\n<form action=\"\/pt-br\/wp-json\/wp\/v2\/pages\/3292#wpcf7-f3391-o1\" method=\"post\" class=\"wpcf7-form init\" aria-label=\"Formulaire de contact\" novalidate=\"novalidate\" data-status=\"init\">\n<fieldset class=\"hidden-fields-container\"><input type=\"hidden\" name=\"_wpcf7\" value=\"3391\" \/><input type=\"hidden\" name=\"_wpcf7_version\" value=\"6.1.5\" \/><input type=\"hidden\" name=\"_wpcf7_locale\" value=\"fr_FR\" \/><input type=\"hidden\" name=\"_wpcf7_unit_tag\" value=\"wpcf7-f3391-o1\" \/><input type=\"hidden\" name=\"_wpcf7_container_post\" value=\"0\" \/><input type=\"hidden\" name=\"_wpcf7_posted_data_hash\" value=\"\" \/>\n<\/fieldset>\n<div class=\"formcontact formsite\">\n\n  <div class=\"row\">\n    <div class=\"medium-6 columns\">\n      <label>\n        <span>Nome*<\/span>\n        <span class=\"wpcf7-form-control-wrap\" data-name=\"nom\"><input size=\"40\" maxlength=\"400\" class=\"wpcf7-form-control wpcf7-text wpcf7-validates-as-required\" aria-required=\"true\" aria-invalid=\"false\" value=\"\" type=\"text\" name=\"nom\"><\/span>\n      <\/label>\n    <\/div>\n    <div class=\"medium-6 columns\">\n      <label>\n        <span>E-mail*<\/span>\n        <span class=\"wpcf7-form-control-wrap\" data-name=\"email\"><input size=\"40\" maxlength=\"400\" class=\"wpcf7-form-control wpcf7-email wpcf7-validates-as-required wpcf7-text wpcf7-validates-as-email\" aria-required=\"true\" aria-invalid=\"false\" value=\"\" type=\"email\" name=\"email\"><\/span>\n      <\/label>\n    <\/div>\n  <\/div>\n<span id=\"wpcf7-69f31c2498aac-wrapper\" class=\"wpcf7-form-control-wrap website-wrap\"><input type=\"hidden\" name=\"website-time-start\" value=\"1777540132\"><input type=\"hidden\" name=\"website-time-check\" value=\"10\"><label for=\"wpcf7-69f31c2498aac-field\" class=\"hp-message\">Veuillez laisser ce champ vide.<\/label><input id=\"wpcf7-69f31c2498aac-field\" class=\"wpcf7-form-control wpcf7-text\" type=\"text\" name=\"website\" value=\"\" size=\"40\" tabindex=\"-1\" autocomplete=\"new-password\"><\/span>\n  <div class=\"row\">\n    <div class=\"medium-6 columns end\">\n      <input class=\"wpcf7-form-control wpcf7-hidden\" value=\"\" type=\"hidden\" name=\"societe-value\">\n      <label>\n        <span>Empresa*<\/span>\n        <span class=\"wpcf7-form-control-wrap\" data-name=\"societe\"><select class=\"wpcf7-form-control wpcf7-select wpcf7-validates-as-required\" aria-required=\"true\" aria-invalid=\"false\" name=\"societe\"><option value=\"\">\u2014Por favor insira o nome da sua empresa\u2014<\/option><option value=\"PP\">PP<\/option><\/select><\/span>\n      <\/label>\n    <\/div>\n    <div class=\"medium-6 columns\">\n      <label>\n        <span>Telefone*<\/span>\n        <span class=\"wpcf7-form-control-wrap\" data-name=\"number\"><input size=\"40\" maxlength=\"400\" class=\"wpcf7-form-control wpcf7-tel wpcf7-validates-as-required wpcf7-text wpcf7-validates-as-tel\" aria-required=\"true\" aria-invalid=\"false\" value=\"\" type=\"tel\" name=\"number\"><\/span>\n      <\/label>\n    <\/div>\n  <\/div>\n  <div class=\"row\">\n    <div class=\"medium-6 columns\">\n      <label>\n        <span>Sua \u00e1rea geogr\u00e1fica*<\/span>\n        <span class=\"wpcf7-form-control-wrap\" data-name=\"salesregion\"><select class=\"wpcf7-form-control wpcf7-select wpcf7-validates-as-required\" aria-required=\"true\" aria-invalid=\"false\" name=\"salesregion\"><option value=\"\">\u2014Por favor selecione uma op\u00e7\u00e3o\u2014<\/option><option value=\"APAC\">APAC<\/option><option value=\"EMEACIS\">EMEACIS<\/option><option value=\"AMERICAS\">AMERICAS<\/option><option value=\"De outros\">De outros<\/option><\/select><\/span>\n      <\/label>\n    <\/div>\n    <div class=\"medium-6 columns\">\n      <label>\n        <span>Sua ind\u00fastria*<\/span>\n        <span class=\"wpcf7-form-control-wrap\" data-name=\"industry\"><select class=\"wpcf7-form-control wpcf7-select wpcf7-validates-as-required\" aria-required=\"true\" aria-invalid=\"false\" name=\"industry\"><option value=\"\">\u2014Por favor selecione uma op\u00e7\u00e3o\u2014<\/option><option value=\"Cement\">Cement<\/option><option value=\"Fertilizers\">Fertilizers<\/option><option value=\"Ports &amp; Terminals\">Ports &amp; Terminals<\/option><option value=\"Mining\">Mining<\/option><option value=\"Power Generation\">Power Generation<\/option><option value=\"Pulp &amp; Paper\">Pulp &amp; Paper<\/option><option value=\"De outros\">De outros<\/option><\/select><\/span>\n      <\/label>\n    <\/div>\n  <\/div>\n  <div class=\"row\">\n    <div class=\"large-12 columns\">\n      <label>\n        <span class=\"wpcf7-form-control-wrap\" data-name=\"rgpd\"><span class=\"wpcf7-form-control wpcf7-checkbox wpcf7-validates-as-required\"><span class=\"wpcf7-list-item first last\"><input type=\"checkbox\" name=\"rgpd[]\" value=\"Ao enviar este formul\u00e1rio, aceito receber um link por e-mail para download dos cat\u00e1logos de produtos.*\"><span class=\"wpcf7-list-item-label\">Ao enviar este formul\u00e1rio, aceito receber um link por e-mail para download dos cat\u00e1logos de produtos.*<\/span><\/span><\/span><\/span>\n      <\/label>\n      <label>\n        <span class=\"wpcf7-form-control-wrap\" data-name=\"rgpd-newsletter\"><span class=\"wpcf7-form-control wpcf7-checkbox\"><span class=\"wpcf7-list-item first last\"><input type=\"checkbox\" name=\"rgpd-newsletter[]\" value=\"Gostaria de receber eventualmente not\u00edcias da AMECO sobre o in\u00edcio de novos projetos.\"><span class=\"wpcf7-list-item-label\">Gostaria de receber eventualmente not\u00edcias da AMECO sobre o in\u00edcio de novos projetos.<\/span><\/span><\/span><\/span>\n      <\/label>\n      <label>\n        <span class=\"wpcf7-form-control-wrap\" data-name=\"rgpd-project\"><span class=\"wpcf7-form-control wpcf7-checkbox\"><span class=\"wpcf7-list-item first last\"><input type=\"checkbox\" name=\"rgpd-project[]\" value=\"Desejo ser contatado pela AMECO em rela\u00e7\u00e3o a um projeto particular.\"><span class=\"wpcf7-list-item-label\">Desejo ser contatado pela AMECO em rela\u00e7\u00e3o a um projeto particular.<\/span><\/span><\/span><\/span>\n      <\/label>\n    <\/div>\n  <\/div>\n\n  <div class=\"row\">\n    <div class=\"medium-5 columns\">\n      <div class=\"wpcf7-turnstile cf-turnstile\" data-sitekey=\"0x4AAAAAACGyxy0Uk4EtxHjo\" data-response-field-name=\"_wpcf7_turnstile_response\"><\/div>\n    <\/div>\n    <div class=\"medium-7 columns formcontact-col-submit\">\n      <span class=\"formsite-txt-info\">*Campos obrigat\u00f3rios<\/span>\n      <span class=\"formsite-submit-box\">\n        <input class=\"wpcf7-form-control wpcf7-submit has-spinner button-box\" type=\"submit\" value=\"Enviar\">\n      <\/span>\n    <\/div>\n  <\/div>\n\n  <div class=\"row\">\n    <div class=\"large-12 columns\">\n      <div class=\"formsite-legaltxt\">\n        <p>As informa\u00e7\u00f5es coletadas por este formul\u00e1rio ser\u00e3o armazenadas pela AMECO em um arquivo informatizado que \u00e9 utilizado especificamente para gerenciar as solicita\u00e7\u00f5es de download, enviar boletins informativos e outras rela\u00e7\u00f5es de neg\u00f3cios de acordo com o que foi selecionado nas caixas de verifica\u00e7\u00e3o. Os dados ser\u00e3o armazenados por 12 meses e est\u00e3o destinados ao uso exclusivo por parte da equipe da AMECO. De acordo com a lei francesa de \"Prote\u00e7\u00e3o de Dados\", voc\u00ea pode exercer seu direito de acessar seus dados pessoais e solicitar qualquer modifica\u00e7\u00e3o entrando em contato com a AMECO atrav\u00e9s do <a href=\"https:\/\/www.ameco-group.com\/pt-br\/contato\/\" target=\"_blank\" rel=\"noopener\">formul\u00e1rio de contato<\/a> ou pelo correio no seguinte endere\u00e7o: AMECO - 43 rue du 21 Novembre - 68720 Illfurth (Fran\u00e7a).<\/p>\n        <p><a target=\"_blank\" href=\"https:\/\/www.ameco-group.com\/pt-br\/privacidade-e-informacoes-legais\/\" rel=\"noopener\">Saiba mais sobre a nossa pol\u00edtica de prote\u00e7\u00e3o de dados pessoais<\/a><\/p>\n      <\/div>\n    <\/div>\n  <\/div>\n\n<\/div><div class=\"wpcf7-response-output\" aria-hidden=\"true\"><\/div>\n<\/form>\n<\/div>\n<\/p>\n","protected":false},"excerpt":{"rendered":"<p>Interessado nos produtos da AMECO? Por favor, preencha o formul\u00e1rio abaixo para fazer o download do nosso Cat\u00e1logo de Produtos:<\/p>\n","protected":false},"author":2,"featured_media":0,"parent":0,"menu_order":0,"comment_status":"closed","ping_status":"closed","template":"","meta":{"_acf_changed":false,"footnotes":""},"class_list":["post-3292","page","type-page","status-publish","hentry","wp-sticky"],"acf":[],"yoast_head":"<!-- This site is optimized with the Yoast SEO plugin v27.5 - https:\/\/yoast.com\/product\/yoast-seo-wordpress\/ -->\n<title>Transfer\u00eancias<\/title>\n<meta name=\"robots\" content=\"index, follow, max-snippet:-1, max-image-preview:large, max-video-preview:-1\" \/>\n<link rel=\"canonical\" href=\"https:\/\/www.ameco-group.com\/pt-br\/downloads\/\" \/>\n<meta property=\"og:locale\" content=\"pt_BR\" \/>\n<meta property=\"og:type\" content=\"article\" \/>\n<meta property=\"og:title\" content=\"Transfer\u00eancias\" \/>\n<meta property=\"og:description\" content=\"Interessado nos produtos da AMECO? Por favor, preencha o formul\u00e1rio abaixo para fazer o download do nosso Cat\u00e1logo de Produtos:\" \/>\n<meta property=\"og:url\" content=\"https:\/\/www.ameco-group.com\/pt-br\/downloads\/\" \/>\n<meta property=\"og:site_name\" content=\"AMECO Group\" \/>\n<meta property=\"article:modified_time\" content=\"2019-09-27T00:10:31+00:00\" \/>\n<meta name=\"twitter:card\" content=\"summary_large_image\" \/>\n<script type=\"application\/ld+json\" class=\"yoast-schema-graph\">{\"@context\":\"https:\\\/\\\/schema.org\",\"@graph\":[{\"@type\":\"WebPage\",\"@id\":\"https:\\\/\\\/www.ameco-group.com\\\/pt-br\\\/downloads\\\/\",\"url\":\"https:\\\/\\\/www.ameco-group.com\\\/pt-br\\\/downloads\\\/\",\"name\":\"Transfer\u00eancias\",\"isPartOf\":{\"@id\":\"https:\\\/\\\/www.ameco-group.com\\\/pt-br\\\/#website\"},\"datePublished\":\"2019-08-23T14:48:10+00:00\",\"dateModified\":\"2019-09-27T00:10:31+00:00\",\"breadcrumb\":{\"@id\":\"https:\\\/\\\/www.ameco-group.com\\\/pt-br\\\/downloads\\\/#breadcrumb\"},\"inLanguage\":\"pt-BR\",\"potentialAction\":[{\"@type\":\"ReadAction\",\"target\":[\"https:\\\/\\\/www.ameco-group.com\\\/pt-br\\\/downloads\\\/\"]}]},{\"@type\":\"BreadcrumbList\",\"@id\":\"https:\\\/\\\/www.ameco-group.com\\\/pt-br\\\/downloads\\\/#breadcrumb\",\"itemListElement\":[{\"@type\":\"ListItem\",\"position\":1,\"name\":\"Inicial\",\"item\":\"https:\\\/\\\/www.ameco-group.com\\\/pt-br\\\/\"},{\"@type\":\"ListItem\",\"position\":2,\"name\":\"Transfer\u00eancias\"}]},{\"@type\":\"WebSite\",\"@id\":\"https:\\\/\\\/www.ameco-group.com\\\/pt-br\\\/#website\",\"url\":\"https:\\\/\\\/www.ameco-group.com\\\/pt-br\\\/\",\"name\":\"AMECO Group\",\"description\":\"Stackers, Reclaimers, Blending Systems and Shiploaders\",\"publisher\":{\"@id\":\"https:\\\/\\\/www.ameco-group.com\\\/pt-br\\\/#organization\"},\"potentialAction\":[{\"@type\":\"SearchAction\",\"target\":{\"@type\":\"EntryPoint\",\"urlTemplate\":\"https:\\\/\\\/www.ameco-group.com\\\/pt-br\\\/?s={search_term_string}\"},\"query-input\":{\"@type\":\"PropertyValueSpecification\",\"valueRequired\":true,\"valueName\":\"search_term_string\"}}],\"inLanguage\":\"pt-BR\"},{\"@type\":\"Organization\",\"@id\":\"https:\\\/\\\/www.ameco-group.com\\\/pt-br\\\/#organization\",\"name\":\"Ameco\",\"url\":\"https:\\\/\\\/www.ameco-group.com\\\/pt-br\\\/\",\"logo\":{\"@type\":\"ImageObject\",\"inLanguage\":\"pt-BR\",\"@id\":\"https:\\\/\\\/www.ameco-group.com\\\/pt-br\\\/#\\\/schema\\\/logo\\\/image\\\/\",\"url\":\"https:\\\/\\\/www.ameco-group.com\\\/wp-inside\\\/uploads\\\/2022\\\/06\\\/ameco-logo.png\",\"contentUrl\":\"https:\\\/\\\/www.ameco-group.com\\\/wp-inside\\\/uploads\\\/2022\\\/06\\\/ameco-logo.png\",\"width\":500,\"height\":134,\"caption\":\"Ameco\"},\"image\":{\"@id\":\"https:\\\/\\\/www.ameco-group.com\\\/pt-br\\\/#\\\/schema\\\/logo\\\/image\\\/\"}}]}<\/script>\n<!-- \/ Yoast SEO plugin. -->","yoast_head_json":{"title":"Transfer\u00eancias","robots":{"index":"index","follow":"follow","max-snippet":"max-snippet:-1","max-image-preview":"max-image-preview:large","max-video-preview":"max-video-preview:-1"},"canonical":"https:\/\/www.ameco-group.com\/pt-br\/downloads\/","og_locale":"pt_BR","og_type":"article","og_title":"Transfer\u00eancias","og_description":"Interessado nos produtos da AMECO? Por favor, preencha o formul\u00e1rio abaixo para fazer o download do nosso Cat\u00e1logo de Produtos:","og_url":"https:\/\/www.ameco-group.com\/pt-br\/downloads\/","og_site_name":"AMECO Group","article_modified_time":"2019-09-27T00:10:31+00:00","twitter_card":"summary_large_image","schema":{"@context":"https:\/\/schema.org","@graph":[{"@type":"WebPage","@id":"https:\/\/www.ameco-group.com\/pt-br\/downloads\/","url":"https:\/\/www.ameco-group.com\/pt-br\/downloads\/","name":"Transfer\u00eancias","isPartOf":{"@id":"https:\/\/www.ameco-group.com\/pt-br\/#website"},"datePublished":"2019-08-23T14:48:10+00:00","dateModified":"2019-09-27T00:10:31+00:00","breadcrumb":{"@id":"https:\/\/www.ameco-group.com\/pt-br\/downloads\/#breadcrumb"},"inLanguage":"pt-BR","potentialAction":[{"@type":"ReadAction","target":["https:\/\/www.ameco-group.com\/pt-br\/downloads\/"]}]},{"@type":"BreadcrumbList","@id":"https:\/\/www.ameco-group.com\/pt-br\/downloads\/#breadcrumb","itemListElement":[{"@type":"ListItem","position":1,"name":"Inicial","item":"https:\/\/www.ameco-group.com\/pt-br\/"},{"@type":"ListItem","position":2,"name":"Transfer\u00eancias"}]},{"@type":"WebSite","@id":"https:\/\/www.ameco-group.com\/pt-br\/#website","url":"https:\/\/www.ameco-group.com\/pt-br\/","name":"AMECO Group","description":"Stackers, Reclaimers, Blending Systems and Shiploaders","publisher":{"@id":"https:\/\/www.ameco-group.com\/pt-br\/#organization"},"potentialAction":[{"@type":"SearchAction","target":{"@type":"EntryPoint","urlTemplate":"https:\/\/www.ameco-group.com\/pt-br\/?s={search_term_string}"},"query-input":{"@type":"PropertyValueSpecification","valueRequired":true,"valueName":"search_term_string"}}],"inLanguage":"pt-BR"},{"@type":"Organization","@id":"https:\/\/www.ameco-group.com\/pt-br\/#organization","name":"Ameco","url":"https:\/\/www.ameco-group.com\/pt-br\/","logo":{"@type":"ImageObject","inLanguage":"pt-BR","@id":"https:\/\/www.ameco-group.com\/pt-br\/#\/schema\/logo\/image\/","url":"https:\/\/www.ameco-group.com\/wp-inside\/uploads\/2022\/06\/ameco-logo.png","contentUrl":"https:\/\/www.ameco-group.com\/wp-inside\/uploads\/2022\/06\/ameco-logo.png","width":500,"height":134,"caption":"Ameco"},"image":{"@id":"https:\/\/www.ameco-group.com\/pt-br\/#\/schema\/logo\/image\/"}}]}},"_links":{"self":[{"href":"https:\/\/www.ameco-group.com\/pt-br\/wp-json\/wp\/v2\/pages\/3292","targetHints":{"allow":["GET"]}}],"collection":[{"href":"https:\/\/www.ameco-group.com\/pt-br\/wp-json\/wp\/v2\/pages"}],"about":[{"href":"https:\/\/www.ameco-group.com\/pt-br\/wp-json\/wp\/v2\/types\/page"}],"author":[{"embeddable":true,"href":"https:\/\/www.ameco-group.com\/pt-br\/wp-json\/wp\/v2\/users\/2"}],"replies":[{"embeddable":true,"href":"https:\/\/www.ameco-group.com\/pt-br\/wp-json\/wp\/v2\/comments?post=3292"}],"version-history":[{"count":5,"href":"https:\/\/www.ameco-group.com\/pt-br\/wp-json\/wp\/v2\/pages\/3292\/revisions"}],"predecessor-version":[{"id":3541,"href":"https:\/\/www.ameco-group.com\/pt-br\/wp-json\/wp\/v2\/pages\/3292\/revisions\/3541"}],"wp:attachment":[{"href":"https:\/\/www.ameco-group.com\/pt-br\/wp-json\/wp\/v2\/media?parent=3292"}],"curies":[{"name":"wp","href":"https:\/\/api.w.org\/{rel}","templated":true}]}}