{"id":3290,"date":"2019-08-23T16:47:55","date_gmt":"2019-08-23T14:47:55","guid":{"rendered":"https:\/\/www.ameco-group.com\/?page_id=3290"},"modified":"2024-03-06T09:30:56","modified_gmt":"2024-03-06T08:30:56","slug":"contato-grupo-ameco","status":"publish","type":"page","link":"https:\/\/www.ameco-group.com\/pt-br\/contato-grupo-ameco\/","title":{"rendered":"Contato"},"content":{"rendered":"<h4><strong>P\u00f3s-Vendas<\/strong><\/h4>\n<p>Pe\u00e7as de Reposi\u00e7\u00e3o:\u00a0<strong><a title=\"mailto:spareparts@ameco-group.com?subject=Pe\u00e7as%20de%20Reposi\u00e7\u00e3\">spareparts@ameco-group.com<\/a><\/strong><br \/>\nAssist\u00eancia T\u00e9cnica: <strong><a title=\"mailto:support@ameco-group.com?subject=Assist\u00eancia%20T\u00e9cnica\">support@ameco-group.com<\/a><\/strong><\/p>\n<p>&nbsp;<\/p>\n<h4><strong>Vendas<\/strong><\/h4>\n\n<div class=\"wpcf7 no-js\" id=\"wpcf7-f3368-o1\" lang=\"fr-FR\" dir=\"ltr\" data-wpcf7-id=\"3368\">\n<div class=\"screen-reader-response\"><p role=\"status\" aria-live=\"polite\" aria-atomic=\"true\"><\/p> <ul><\/ul><\/div>\n<form action=\"\/pt-br\/wp-json\/wp\/v2\/pages\/3290#wpcf7-f3368-o1\" method=\"post\" class=\"wpcf7-form init\" aria-label=\"Formulaire de contact\" novalidate=\"novalidate\" data-status=\"init\">\n<fieldset class=\"hidden-fields-container\"><input type=\"hidden\" name=\"_wpcf7\" value=\"3368\" \/><input type=\"hidden\" name=\"_wpcf7_version\" value=\"6.1.5\" \/><input type=\"hidden\" name=\"_wpcf7_locale\" value=\"fr_FR\" \/><input type=\"hidden\" name=\"_wpcf7_unit_tag\" value=\"wpcf7-f3368-o1\" \/><input type=\"hidden\" name=\"_wpcf7_container_post\" value=\"0\" \/><input type=\"hidden\" name=\"_wpcf7_posted_data_hash\" value=\"\" \/>\n<\/fieldset>\n<div class=\"formcontact formsite\">\n\n  <div class=\"row\">\n    <div class=\"medium-6 columns\">\n      <label>\n        <span>Nome*<\/span>\n        <span class=\"wpcf7-form-control-wrap\" data-name=\"nom\"><input size=\"40\" maxlength=\"400\" class=\"wpcf7-form-control wpcf7-text wpcf7-validates-as-required\" aria-required=\"true\" aria-invalid=\"false\" value=\"\" type=\"text\" name=\"nom\"><\/span>\n      <\/label>\n    <\/div>\n    <div class=\"medium-6 columns\">\n      <label>\n        <span>E-mail*<\/span>\n        <span class=\"wpcf7-form-control-wrap\" data-name=\"email\"><input size=\"40\" maxlength=\"400\" class=\"wpcf7-form-control wpcf7-email wpcf7-validates-as-required wpcf7-text wpcf7-validates-as-email\" aria-required=\"true\" aria-invalid=\"false\" value=\"\" type=\"email\" name=\"email\"><\/span>\n      <\/label>\n    <\/div>\n  <\/div>\n<span id=\"wpcf7-69f0da53c7f8d-wrapper\" class=\"wpcf7-form-control-wrap website-wrap\"><input type=\"hidden\" name=\"website-time-start\" value=\"1777392211\"><input type=\"hidden\" name=\"website-time-check\" value=\"10\"><label for=\"wpcf7-69f0da53c7f8d-field\" class=\"hp-message\">Veuillez laisser ce champ vide.<\/label><input id=\"wpcf7-69f0da53c7f8d-field\" class=\"wpcf7-form-control wpcf7-text\" type=\"text\" name=\"website\" value=\"\" size=\"40\" tabindex=\"-1\" autocomplete=\"new-password\"><\/span>\n  <div class=\"row\">\n    <div class=\"medium-6 columns\">\n      <input class=\"wpcf7-form-control wpcf7-hidden\" value=\"\" type=\"hidden\" name=\"societe-value\">\n      <label>\n        <span>Empresa*<\/span>\n        <span class=\"wpcf7-form-control-wrap\" data-name=\"societe\"><select class=\"wpcf7-form-control wpcf7-select wpcf7-validates-as-required\" aria-required=\"true\" aria-invalid=\"false\" name=\"societe\"><option value=\"\">\u2014Por favor insira o nome da sua empresa\u2014<\/option><option value=\"PP\">PP<\/option><\/select><\/span>\n      <\/label>\n    <\/div>\n    <div class=\"medium-6 columns\">\n      <label>\n        <span>Telefone*<\/span>\n        <span class=\"wpcf7-form-control-wrap\" data-name=\"number\"><input size=\"40\" maxlength=\"400\" class=\"wpcf7-form-control wpcf7-tel wpcf7-validates-as-required wpcf7-text wpcf7-validates-as-tel\" aria-required=\"true\" aria-invalid=\"false\" value=\"\" type=\"tel\" name=\"number\"><\/span>\n      <\/label>\n    <\/div>\n  <\/div>\n  <div class=\"row\">\n    <div class=\"medium-6 columns\">\n      <label>\n        <span>Sua \u00e1rea geogr\u00e1fica*<\/span>\n        <span class=\"wpcf7-form-control-wrap\" data-name=\"salesregion\"><select class=\"wpcf7-form-control wpcf7-select wpcf7-validates-as-required\" aria-required=\"true\" aria-invalid=\"false\" name=\"salesregion\"><option value=\"\">\u2014Por favor selecione uma op\u00e7\u00e3o\u2014<\/option><option value=\"APAC\">APAC<\/option><option value=\"EMEACIS\">EMEACIS<\/option><option value=\"AMERICAS\">AMERICAS<\/option><option value=\"De outros\">De outros<\/option><\/select><\/span>\n      <\/label>\n    <\/div>\n    <div class=\"medium-6 columns\">\n      <label>\n        <span>Sua ind\u00fastria*<\/span>\n        <span class=\"wpcf7-form-control-wrap\" data-name=\"industry\"><select class=\"wpcf7-form-control wpcf7-select wpcf7-validates-as-required\" aria-required=\"true\" aria-invalid=\"false\" name=\"industry\"><option value=\"\">\u2014Por favor selecione uma op\u00e7\u00e3o\u2014<\/option><option value=\"Cement\">Cement<\/option><option value=\"Fertilizers\">Fertilizers<\/option><option value=\"Ports &amp; Terminals\">Ports &amp; Terminals<\/option><option value=\"Mining\">Mining<\/option><option value=\"Power Generation\">Power Generation<\/option><option value=\"Pulp &amp; Paper\">Pulp &amp; Paper<\/option><option value=\"De outros\">De outros<\/option><\/select><\/span>\n      <\/label>\n    <\/div>\n  <\/div>\n  <div class=\"row\">\n    <div class=\"medium-6 columns\">\n      <label>\n        <span>Assunto*<\/span>\n        <span class=\"wpcf7-form-control-wrap\" data-name=\"sujet\"><input size=\"40\" maxlength=\"400\" class=\"wpcf7-form-control wpcf7-text wpcf7-validates-as-required\" aria-required=\"true\" aria-invalid=\"false\" value=\"\" type=\"text\" name=\"sujet\"><\/span>\n      <\/label>\n    <\/div>\n  <\/div>\n  <div class=\"row\">\n    <div class=\"large-12 columns\">\n      <label>\n        <span>Mensagem*<\/span>\n        <span class=\"wpcf7-form-control-wrap\" data-name=\"message\"><textarea cols=\"40\" rows=\"10\" maxlength=\"2000\" class=\"wpcf7-form-control wpcf7-textarea wpcf7-validates-as-required\" aria-required=\"true\" aria-invalid=\"false\" name=\"message\"><\/textarea><\/span>\n      <\/label>\n    <\/div>\n  <\/div>\n\n  <div class=\"row\">\n    <div class=\"large-12 columns\">\n      <label>\n        <span class=\"wpcf7-form-control-wrap\" data-name=\"rgpd\"><span class=\"wpcf7-form-control wpcf7-checkbox wpcf7-validates-as-required\"><span class=\"wpcf7-list-item first last\"><input type=\"checkbox\" name=\"rgpd[]\" value=\"Ao enviar este formul\u00e1rio, aceito que as informa\u00e7\u00f5es fornecidas sejam utilizadas como parte da minha solicita\u00e7\u00e3o de contato e da rela\u00e7\u00e3o de neg\u00f3cios que possa surgir.*\"><span class=\"wpcf7-list-item-label\">Ao enviar este formul\u00e1rio, aceito que as informa\u00e7\u00f5es fornecidas sejam utilizadas como parte da minha solicita\u00e7\u00e3o de contato e da rela\u00e7\u00e3o de neg\u00f3cios que possa surgir.*<\/span><\/span><\/span><\/span>\n      <\/label>\n    <\/div>\n  <\/div>\n\n  <div class=\"row\">\n    <div class=\"medium-5 columns\">\n      <div class=\"wpcf7-turnstile cf-turnstile\" data-sitekey=\"0x4AAAAAACGyxy0Uk4EtxHjo\" data-response-field-name=\"_wpcf7_turnstile_response\"><\/div>\n    <\/div>\n    <div class=\"medium-7 columns formcontact-col-submit\">\n      <span class=\"formsite-txt-info\">*Campos obrigat\u00f3rios<\/span>\n      <span class=\"formsite-submit-box\">\n        <input class=\"wpcf7-form-control wpcf7-submit has-spinner button-box\" type=\"submit\" value=\"Enviar\">\n      <\/span>\n    <\/div>\n  <\/div>\n\n  <div class=\"row\">\n    <div class=\"large-12 columns\">\n      <div class=\"formsite-legaltxt\">\n        <p>As informa\u00e7\u00f5es coletadas por este formul\u00e1rio ser\u00e3o armazenadas pela AMECO em um arquivo informatizado que \u00e9 utilizado especificamente para gerenciar as solicita\u00e7\u00f5es, enviar boletins informativos e outras rela\u00e7\u00f5es de neg\u00f3cios de acordo com o que foi selecionado nas caixas de verifica\u00e7\u00e3o. Os dados ser\u00e3o armazenados por 12 meses e est\u00e3o destinados ao uso exclusivo por parte da equipe da AMECO. De acordo com a lei francesa de \"Prote\u00e7\u00e3o de Dados\", voc\u00ea pode exercer seu direito de acessar seus dados pessoais e solicitar qualquer modifica\u00e7\u00e3o entrando em contato com a AMECO atrav\u00e9s do formul\u00e1rio de contato ou pelo correio no seguinte endere\u00e7o: AMECO - 43 rue du 21 Novembre - 68720 Illfurth (Fran\u00e7a).<\/p>\n        <p><a target=\"_blank\" href=\"https:\/\/www.ameco-group.com\/pt-br\/privacidade-e-informacoes-legais\/\" rel=\"noopener\">Saiba mais sobre nossa pol\u00edtica de prote\u00e7\u00e3o de dados pessoais.<\/a><\/p>\n      <\/div>\n    <\/div>\n  <\/div>\n\n<\/div><div class=\"wpcf7-response-output\" aria-hidden=\"true\"><\/div>\n<\/form>\n<\/div>\n\n","protected":false},"excerpt":{"rendered":"<p>P\u00f3s-Vendas Pe\u00e7as de Reposi\u00e7\u00e3o:\u00a0spareparts@ameco-group.com Assist\u00eancia T\u00e9cnica: support@ameco-group.com &nbsp; Vendas<\/p>\n","protected":false},"author":2,"featured_media":3254,"parent":0,"menu_order":0,"comment_status":"closed","ping_status":"closed","template":"","meta":{"_acf_changed":false,"footnotes":""},"class_list":["post-3290","page","type-page","status-publish","has-post-thumbnail","hentry","wp-sticky"],"acf":[],"yoast_head":"<!-- This site is optimized with the Yoast SEO plugin v27.4 - https:\/\/yoast.com\/product\/yoast-seo-wordpress\/ -->\n<title>Contato<\/title>\n<meta name=\"description\" content=\"Contato sales@ameco-group.com +49\u00a07621\u00a09146901\" \/>\n<meta name=\"robots\" content=\"index, follow, max-snippet:-1, max-image-preview:large, max-video-preview:-1\" \/>\n<link rel=\"canonical\" href=\"https:\/\/www.ameco-group.com\/pt-br\/contato-grupo-ameco\/\" \/>\n<meta property=\"og:locale\" content=\"pt_BR\" \/>\n<meta property=\"og:type\" content=\"article\" \/>\n<meta property=\"og:title\" content=\"Contato\" \/>\n<meta property=\"og:description\" content=\"Contato sales@ameco-group.com +49\u00a07621\u00a09146901\" \/>\n<meta property=\"og:url\" content=\"https:\/\/www.ameco-group.com\/pt-br\/contato-grupo-ameco\/\" \/>\n<meta property=\"og:site_name\" content=\"AMECO Group\" \/>\n<meta property=\"article:modified_time\" content=\"2024-03-06T08:30:56+00:00\" \/>\n<meta property=\"og:image\" content=\"https:\/\/www.ameco-group.com\/wp-inside\/uploads\/2018\/11\/haedquarter_ameco.jpg\" \/>\n\t<meta property=\"og:image:width\" content=\"750\" \/>\n\t<meta property=\"og:image:height\" content=\"340\" \/>\n\t<meta property=\"og:image:type\" content=\"image\/jpeg\" \/>\n<meta name=\"twitter:card\" content=\"summary_large_image\" \/>\n<meta name=\"twitter:label1\" content=\"Est. tempo de leitura\" \/>\n\t<meta name=\"twitter:data1\" content=\"1 minuto\" \/>\n<script type=\"application\/ld+json\" class=\"yoast-schema-graph\">{\"@context\":\"https:\\\/\\\/schema.org\",\"@graph\":[{\"@type\":\"WebPage\",\"@id\":\"https:\\\/\\\/www.ameco-group.com\\\/pt-br\\\/contato-grupo-ameco\\\/\",\"url\":\"https:\\\/\\\/www.ameco-group.com\\\/pt-br\\\/contato-grupo-ameco\\\/\",\"name\":\"Contato\",\"isPartOf\":{\"@id\":\"https:\\\/\\\/www.ameco-group.com\\\/pt-br\\\/#website\"},\"primaryImageOfPage\":{\"@id\":\"https:\\\/\\\/www.ameco-group.com\\\/pt-br\\\/contato-grupo-ameco\\\/#primaryimage\"},\"image\":{\"@id\":\"https:\\\/\\\/www.ameco-group.com\\\/pt-br\\\/contato-grupo-ameco\\\/#primaryimage\"},\"thumbnailUrl\":\"https:\\\/\\\/www.ameco-group.com\\\/wp-inside\\\/uploads\\\/2018\\\/11\\\/haedquarter_ameco.jpg\",\"datePublished\":\"2019-08-23T14:47:55+00:00\",\"dateModified\":\"2024-03-06T08:30:56+00:00\",\"description\":\"Contato sales@ameco-group.com +49\u00a07621\u00a09146901\",\"breadcrumb\":{\"@id\":\"https:\\\/\\\/www.ameco-group.com\\\/pt-br\\\/contato-grupo-ameco\\\/#breadcrumb\"},\"inLanguage\":\"pt-BR\",\"potentialAction\":[{\"@type\":\"ReadAction\",\"target\":[\"https:\\\/\\\/www.ameco-group.com\\\/pt-br\\\/contato-grupo-ameco\\\/\"]}]},{\"@type\":\"ImageObject\",\"inLanguage\":\"pt-BR\",\"@id\":\"https:\\\/\\\/www.ameco-group.com\\\/pt-br\\\/contato-grupo-ameco\\\/#primaryimage\",\"url\":\"https:\\\/\\\/www.ameco-group.com\\\/wp-inside\\\/uploads\\\/2018\\\/11\\\/haedquarter_ameco.jpg\",\"contentUrl\":\"https:\\\/\\\/www.ameco-group.com\\\/wp-inside\\\/uploads\\\/2018\\\/11\\\/haedquarter_ameco.jpg\",\"width\":750,\"height\":340,\"caption\":\"Oficina Centrale AMECO\"},{\"@type\":\"BreadcrumbList\",\"@id\":\"https:\\\/\\\/www.ameco-group.com\\\/pt-br\\\/contato-grupo-ameco\\\/#breadcrumb\",\"itemListElement\":[{\"@type\":\"ListItem\",\"position\":1,\"name\":\"Inicial\",\"item\":\"https:\\\/\\\/www.ameco-group.com\\\/pt-br\\\/\"},{\"@type\":\"ListItem\",\"position\":2,\"name\":\"Contato\"}]},{\"@type\":\"WebSite\",\"@id\":\"https:\\\/\\\/www.ameco-group.com\\\/pt-br\\\/#website\",\"url\":\"https:\\\/\\\/www.ameco-group.com\\\/pt-br\\\/\",\"name\":\"AMECO Group\",\"description\":\"Stackers, Reclaimers, Blending Systems and Shiploaders\",\"publisher\":{\"@id\":\"https:\\\/\\\/www.ameco-group.com\\\/pt-br\\\/#organization\"},\"potentialAction\":[{\"@type\":\"SearchAction\",\"target\":{\"@type\":\"EntryPoint\",\"urlTemplate\":\"https:\\\/\\\/www.ameco-group.com\\\/pt-br\\\/?s={search_term_string}\"},\"query-input\":{\"@type\":\"PropertyValueSpecification\",\"valueRequired\":true,\"valueName\":\"search_term_string\"}}],\"inLanguage\":\"pt-BR\"},{\"@type\":\"Organization\",\"@id\":\"https:\\\/\\\/www.ameco-group.com\\\/pt-br\\\/#organization\",\"name\":\"Ameco\",\"url\":\"https:\\\/\\\/www.ameco-group.com\\\/pt-br\\\/\",\"logo\":{\"@type\":\"ImageObject\",\"inLanguage\":\"pt-BR\",\"@id\":\"https:\\\/\\\/www.ameco-group.com\\\/pt-br\\\/#\\\/schema\\\/logo\\\/image\\\/\",\"url\":\"https:\\\/\\\/www.ameco-group.com\\\/wp-inside\\\/uploads\\\/2022\\\/06\\\/ameco-logo.png\",\"contentUrl\":\"https:\\\/\\\/www.ameco-group.com\\\/wp-inside\\\/uploads\\\/2022\\\/06\\\/ameco-logo.png\",\"width\":500,\"height\":134,\"caption\":\"Ameco\"},\"image\":{\"@id\":\"https:\\\/\\\/www.ameco-group.com\\\/pt-br\\\/#\\\/schema\\\/logo\\\/image\\\/\"}}]}<\/script>\n<!-- \/ Yoast SEO plugin. -->","yoast_head_json":{"title":"Contato","description":"Contato sales@ameco-group.com +49\u00a07621\u00a09146901","robots":{"index":"index","follow":"follow","max-snippet":"max-snippet:-1","max-image-preview":"max-image-preview:large","max-video-preview":"max-video-preview:-1"},"canonical":"https:\/\/www.ameco-group.com\/pt-br\/contato-grupo-ameco\/","og_locale":"pt_BR","og_type":"article","og_title":"Contato","og_description":"Contato sales@ameco-group.com +49\u00a07621\u00a09146901","og_url":"https:\/\/www.ameco-group.com\/pt-br\/contato-grupo-ameco\/","og_site_name":"AMECO Group","article_modified_time":"2024-03-06T08:30:56+00:00","og_image":[{"width":750,"height":340,"url":"https:\/\/www.ameco-group.com\/wp-inside\/uploads\/2018\/11\/haedquarter_ameco.jpg","type":"image\/jpeg"}],"twitter_card":"summary_large_image","twitter_misc":{"Est. tempo de leitura":"1 minuto"},"schema":{"@context":"https:\/\/schema.org","@graph":[{"@type":"WebPage","@id":"https:\/\/www.ameco-group.com\/pt-br\/contato-grupo-ameco\/","url":"https:\/\/www.ameco-group.com\/pt-br\/contato-grupo-ameco\/","name":"Contato","isPartOf":{"@id":"https:\/\/www.ameco-group.com\/pt-br\/#website"},"primaryImageOfPage":{"@id":"https:\/\/www.ameco-group.com\/pt-br\/contato-grupo-ameco\/#primaryimage"},"image":{"@id":"https:\/\/www.ameco-group.com\/pt-br\/contato-grupo-ameco\/#primaryimage"},"thumbnailUrl":"https:\/\/www.ameco-group.com\/wp-inside\/uploads\/2018\/11\/haedquarter_ameco.jpg","datePublished":"2019-08-23T14:47:55+00:00","dateModified":"2024-03-06T08:30:56+00:00","description":"Contato sales@ameco-group.com +49\u00a07621\u00a09146901","breadcrumb":{"@id":"https:\/\/www.ameco-group.com\/pt-br\/contato-grupo-ameco\/#breadcrumb"},"inLanguage":"pt-BR","potentialAction":[{"@type":"ReadAction","target":["https:\/\/www.ameco-group.com\/pt-br\/contato-grupo-ameco\/"]}]},{"@type":"ImageObject","inLanguage":"pt-BR","@id":"https:\/\/www.ameco-group.com\/pt-br\/contato-grupo-ameco\/#primaryimage","url":"https:\/\/www.ameco-group.com\/wp-inside\/uploads\/2018\/11\/haedquarter_ameco.jpg","contentUrl":"https:\/\/www.ameco-group.com\/wp-inside\/uploads\/2018\/11\/haedquarter_ameco.jpg","width":750,"height":340,"caption":"Oficina Centrale AMECO"},{"@type":"BreadcrumbList","@id":"https:\/\/www.ameco-group.com\/pt-br\/contato-grupo-ameco\/#breadcrumb","itemListElement":[{"@type":"ListItem","position":1,"name":"Inicial","item":"https:\/\/www.ameco-group.com\/pt-br\/"},{"@type":"ListItem","position":2,"name":"Contato"}]},{"@type":"WebSite","@id":"https:\/\/www.ameco-group.com\/pt-br\/#website","url":"https:\/\/www.ameco-group.com\/pt-br\/","name":"AMECO Group","description":"Stackers, Reclaimers, Blending Systems and Shiploaders","publisher":{"@id":"https:\/\/www.ameco-group.com\/pt-br\/#organization"},"potentialAction":[{"@type":"SearchAction","target":{"@type":"EntryPoint","urlTemplate":"https:\/\/www.ameco-group.com\/pt-br\/?s={search_term_string}"},"query-input":{"@type":"PropertyValueSpecification","valueRequired":true,"valueName":"search_term_string"}}],"inLanguage":"pt-BR"},{"@type":"Organization","@id":"https:\/\/www.ameco-group.com\/pt-br\/#organization","name":"Ameco","url":"https:\/\/www.ameco-group.com\/pt-br\/","logo":{"@type":"ImageObject","inLanguage":"pt-BR","@id":"https:\/\/www.ameco-group.com\/pt-br\/#\/schema\/logo\/image\/","url":"https:\/\/www.ameco-group.com\/wp-inside\/uploads\/2022\/06\/ameco-logo.png","contentUrl":"https:\/\/www.ameco-group.com\/wp-inside\/uploads\/2022\/06\/ameco-logo.png","width":500,"height":134,"caption":"Ameco"},"image":{"@id":"https:\/\/www.ameco-group.com\/pt-br\/#\/schema\/logo\/image\/"}}]}},"_links":{"self":[{"href":"https:\/\/www.ameco-group.com\/pt-br\/wp-json\/wp\/v2\/pages\/3290","targetHints":{"allow":["GET"]}}],"collection":[{"href":"https:\/\/www.ameco-group.com\/pt-br\/wp-json\/wp\/v2\/pages"}],"about":[{"href":"https:\/\/www.ameco-group.com\/pt-br\/wp-json\/wp\/v2\/types\/page"}],"author":[{"embeddable":true,"href":"https:\/\/www.ameco-group.com\/pt-br\/wp-json\/wp\/v2\/users\/2"}],"replies":[{"embeddable":true,"href":"https:\/\/www.ameco-group.com\/pt-br\/wp-json\/wp\/v2\/comments?post=3290"}],"version-history":[{"count":18,"href":"https:\/\/www.ameco-group.com\/pt-br\/wp-json\/wp\/v2\/pages\/3290\/revisions"}],"predecessor-version":[{"id":8318,"href":"https:\/\/www.ameco-group.com\/pt-br\/wp-json\/wp\/v2\/pages\/3290\/revisions\/8318"}],"wp:featuredmedia":[{"embeddable":true,"href":"https:\/\/www.ameco-group.com\/pt-br\/wp-json\/wp\/v2\/media\/3254"}],"wp:attachment":[{"href":"https:\/\/www.ameco-group.com\/pt-br\/wp-json\/wp\/v2\/media?parent=3290"}],"curies":[{"name":"wp","href":"https:\/\/api.w.org\/{rel}","templated":true}]}}