{"id":3288,"date":"2019-08-23T16:47:29","date_gmt":"2019-08-23T14:47:29","guid":{"rendered":"https:\/\/www.ameco-group.com\/?page_id=3288"},"modified":"2020-11-04T02:15:30","modified_gmt":"2020-11-04T01:15:30","slug":"sobre-nos","status":"publish","type":"page","link":"https:\/\/www.ameco-group.com\/pt-br\/sobre-nos\/","title":{"rendered":"Sobre n\u00f3s"},"content":{"rendered":"<h2 style=\"text-align: center;\">As nossas origens<\/h2>\n<p style=\"text-align: center;\"><strong>\u201cGrupo AMECO, Pioneiro em Equipamentos de Manuseio de Materiais a Granel\u201d<\/strong><\/p>\n<p style=\"text-align: center;\">Fundada em 1932, <span lang=\"pt\">a empresa passou de fornecer servi\u00e7os de manuten\u00e7\u00e3o para minas de pot\u00e1ssio <strong>na regi\u00e3o onde as fronteiras da Alemanha, Su\u00ed\u00e7a e Fran\u00e7a<\/strong> se encontram para fornecer transportadores para <a href=\"https:\/\/www.ameco-group.com\/pt-br\/industria\/mineracao\/\">ind\u00fastrias de minera\u00e7\u00e3o<\/a> e <a href=\"https:\/\/www.ameco-group.com\/pt-br\/industria\/fertilizantes\/\">fertilizantes<\/a>. e fornecer equipamentos robustos de manuseio de materiais para atender \u00e0s novas necessidades espec\u00edficas de nossos clientes existentes base.<\/span> Passamos da presta\u00e7\u00e3o de servi\u00e7os de manuten\u00e7\u00e3o ao fornecimento de sistemas de transporte, at\u00e9 chegarmos a disponibilizar todos os tipos de equipamentos para suprir as necessidades espec\u00edficas com rela\u00e7\u00e3o ao manuseio de materiais. Essa tecnologia permitiu \u00e0 grupo AMECO desenvolver-se em diferentes mercados, tais como <a href=\"https:\/\/www.ameco-group.com\/pt-br\/industria\/cimento\/\">F\u00e1bricas de Cimento<\/a> e <a href=\"https:\/\/www.ameco-group.com\/pt-br\/industria\/geracao-de-energia\/\">Usinas de Energia El\u00e9trica<\/a>, onde eram necess\u00e1rias maiores instala\u00e7\u00f5es de armazenamento.<\/p>\n<p style=\"text-align: center;\">Na d\u00e9cada de 1950 a grupo AMECO foi uma das poucas empresas da sua regi\u00e3o a fornecer m\u00e1quinas internacionalmente. Essa <strong>voca\u00e7\u00e3o internacional<\/strong> precoce \u00e9 a origem da presen\u00e7a global da grupo AMECO atualmente. Com mais de 385 refer\u00eancias em todo o mundo, esta orgulhosa empresa agora opera na ind\u00fastria de cimento, produtos alimentares, fertilizantes, minera\u00e7\u00e3o, gera\u00e7\u00e3o de energia e tamb\u00e9m na <a href=\"https:\/\/www.ameco-group.com\/pt-br\/industria\/papel-e-celulose\/\">ind\u00fastria de celulose e papel<\/a>.<\/p>\n","protected":false},"excerpt":{"rendered":"<p>As nossas origens \u201cGrupo AMECO, Pioneiro em Equipamentos de Manuseio de Materiais a Granel\u201d Fundada em 1932, a empresa passou [&hellip;]<\/p>\n","protected":false},"author":2,"featured_media":0,"parent":0,"menu_order":0,"comment_status":"closed","ping_status":"closed","template":"","meta":{"_acf_changed":false,"footnotes":""},"class_list":["post-3288","page","type-page","status-publish","hentry","wp-sticky"],"acf":[],"yoast_head":"<!-- This site is optimized with the Yoast SEO plugin v27.4 - https:\/\/yoast.com\/product\/yoast-seo-wordpress\/ -->\n<title>Sobre n\u00f3s<\/title>\n<meta name=\"description\" content=\"Equipamentos de Manuseio de Materiais a Granel\" \/>\n<meta name=\"robots\" content=\"index, follow, max-snippet:-1, max-image-preview:large, max-video-preview:-1\" \/>\n<link rel=\"canonical\" href=\"https:\/\/www.ameco-group.com\/pt-br\/sobre-nos\/\" \/>\n<meta property=\"og:locale\" content=\"pt_BR\" \/>\n<meta property=\"og:type\" content=\"article\" \/>\n<meta property=\"og:title\" content=\"Sobre n\u00f3s\" \/>\n<meta property=\"og:description\" content=\"Equipamentos de Manuseio de Materiais a Granel\" \/>\n<meta property=\"og:url\" content=\"https:\/\/www.ameco-group.com\/pt-br\/sobre-nos\/\" \/>\n<meta property=\"og:site_name\" content=\"AMECO Group\" \/>\n<meta property=\"article:modified_time\" content=\"2020-11-04T01:15:30+00:00\" \/>\n<meta name=\"twitter:card\" content=\"summary_large_image\" \/>\n<meta name=\"twitter:label1\" content=\"Est. tempo de leitura\" \/>\n\t<meta name=\"twitter:data1\" content=\"1 minuto\" \/>\n<script type=\"application\/ld+json\" class=\"yoast-schema-graph\">{\"@context\":\"https:\\\/\\\/schema.org\",\"@graph\":[{\"@type\":\"WebPage\",\"@id\":\"https:\\\/\\\/www.ameco-group.com\\\/pt-br\\\/sobre-nos\\\/\",\"url\":\"https:\\\/\\\/www.ameco-group.com\\\/pt-br\\\/sobre-nos\\\/\",\"name\":\"Sobre n\u00f3s\",\"isPartOf\":{\"@id\":\"https:\\\/\\\/www.ameco-group.com\\\/pt-br\\\/#website\"},\"datePublished\":\"2019-08-23T14:47:29+00:00\",\"dateModified\":\"2020-11-04T01:15:30+00:00\",\"description\":\"Equipamentos de Manuseio de Materiais a Granel\",\"breadcrumb\":{\"@id\":\"https:\\\/\\\/www.ameco-group.com\\\/pt-br\\\/sobre-nos\\\/#breadcrumb\"},\"inLanguage\":\"pt-BR\",\"potentialAction\":[{\"@type\":\"ReadAction\",\"target\":[\"https:\\\/\\\/www.ameco-group.com\\\/pt-br\\\/sobre-nos\\\/\"]}]},{\"@type\":\"BreadcrumbList\",\"@id\":\"https:\\\/\\\/www.ameco-group.com\\\/pt-br\\\/sobre-nos\\\/#breadcrumb\",\"itemListElement\":[{\"@type\":\"ListItem\",\"position\":1,\"name\":\"Inicial\",\"item\":\"https:\\\/\\\/www.ameco-group.com\\\/pt-br\\\/\"},{\"@type\":\"ListItem\",\"position\":2,\"name\":\"Sobre n\u00f3s\"}]},{\"@type\":\"WebSite\",\"@id\":\"https:\\\/\\\/www.ameco-group.com\\\/pt-br\\\/#website\",\"url\":\"https:\\\/\\\/www.ameco-group.com\\\/pt-br\\\/\",\"name\":\"AMECO Group\",\"description\":\"Stackers, Reclaimers, Blending Systems and Shiploaders\",\"publisher\":{\"@id\":\"https:\\\/\\\/www.ameco-group.com\\\/pt-br\\\/#organization\"},\"potentialAction\":[{\"@type\":\"SearchAction\",\"target\":{\"@type\":\"EntryPoint\",\"urlTemplate\":\"https:\\\/\\\/www.ameco-group.com\\\/pt-br\\\/?s={search_term_string}\"},\"query-input\":{\"@type\":\"PropertyValueSpecification\",\"valueRequired\":true,\"valueName\":\"search_term_string\"}}],\"inLanguage\":\"pt-BR\"},{\"@type\":\"Organization\",\"@id\":\"https:\\\/\\\/www.ameco-group.com\\\/pt-br\\\/#organization\",\"name\":\"Ameco\",\"url\":\"https:\\\/\\\/www.ameco-group.com\\\/pt-br\\\/\",\"logo\":{\"@type\":\"ImageObject\",\"inLanguage\":\"pt-BR\",\"@id\":\"https:\\\/\\\/www.ameco-group.com\\\/pt-br\\\/#\\\/schema\\\/logo\\\/image\\\/\",\"url\":\"https:\\\/\\\/www.ameco-group.com\\\/wp-inside\\\/uploads\\\/2022\\\/06\\\/ameco-logo.png\",\"contentUrl\":\"https:\\\/\\\/www.ameco-group.com\\\/wp-inside\\\/uploads\\\/2022\\\/06\\\/ameco-logo.png\",\"width\":500,\"height\":134,\"caption\":\"Ameco\"},\"image\":{\"@id\":\"https:\\\/\\\/www.ameco-group.com\\\/pt-br\\\/#\\\/schema\\\/logo\\\/image\\\/\"}}]}<\/script>\n<!-- \/ Yoast SEO plugin. -->","yoast_head_json":{"title":"Sobre n\u00f3s","description":"Equipamentos de Manuseio de Materiais a Granel","robots":{"index":"index","follow":"follow","max-snippet":"max-snippet:-1","max-image-preview":"max-image-preview:large","max-video-preview":"max-video-preview:-1"},"canonical":"https:\/\/www.ameco-group.com\/pt-br\/sobre-nos\/","og_locale":"pt_BR","og_type":"article","og_title":"Sobre n\u00f3s","og_description":"Equipamentos de Manuseio de Materiais a Granel","og_url":"https:\/\/www.ameco-group.com\/pt-br\/sobre-nos\/","og_site_name":"AMECO Group","article_modified_time":"2020-11-04T01:15:30+00:00","twitter_card":"summary_large_image","twitter_misc":{"Est. tempo de leitura":"1 minuto"},"schema":{"@context":"https:\/\/schema.org","@graph":[{"@type":"WebPage","@id":"https:\/\/www.ameco-group.com\/pt-br\/sobre-nos\/","url":"https:\/\/www.ameco-group.com\/pt-br\/sobre-nos\/","name":"Sobre n\u00f3s","isPartOf":{"@id":"https:\/\/www.ameco-group.com\/pt-br\/#website"},"datePublished":"2019-08-23T14:47:29+00:00","dateModified":"2020-11-04T01:15:30+00:00","description":"Equipamentos de Manuseio de Materiais a Granel","breadcrumb":{"@id":"https:\/\/www.ameco-group.com\/pt-br\/sobre-nos\/#breadcrumb"},"inLanguage":"pt-BR","potentialAction":[{"@type":"ReadAction","target":["https:\/\/www.ameco-group.com\/pt-br\/sobre-nos\/"]}]},{"@type":"BreadcrumbList","@id":"https:\/\/www.ameco-group.com\/pt-br\/sobre-nos\/#breadcrumb","itemListElement":[{"@type":"ListItem","position":1,"name":"Inicial","item":"https:\/\/www.ameco-group.com\/pt-br\/"},{"@type":"ListItem","position":2,"name":"Sobre n\u00f3s"}]},{"@type":"WebSite","@id":"https:\/\/www.ameco-group.com\/pt-br\/#website","url":"https:\/\/www.ameco-group.com\/pt-br\/","name":"AMECO Group","description":"Stackers, Reclaimers, Blending Systems and Shiploaders","publisher":{"@id":"https:\/\/www.ameco-group.com\/pt-br\/#organization"},"potentialAction":[{"@type":"SearchAction","target":{"@type":"EntryPoint","urlTemplate":"https:\/\/www.ameco-group.com\/pt-br\/?s={search_term_string}"},"query-input":{"@type":"PropertyValueSpecification","valueRequired":true,"valueName":"search_term_string"}}],"inLanguage":"pt-BR"},{"@type":"Organization","@id":"https:\/\/www.ameco-group.com\/pt-br\/#organization","name":"Ameco","url":"https:\/\/www.ameco-group.com\/pt-br\/","logo":{"@type":"ImageObject","inLanguage":"pt-BR","@id":"https:\/\/www.ameco-group.com\/pt-br\/#\/schema\/logo\/image\/","url":"https:\/\/www.ameco-group.com\/wp-inside\/uploads\/2022\/06\/ameco-logo.png","contentUrl":"https:\/\/www.ameco-group.com\/wp-inside\/uploads\/2022\/06\/ameco-logo.png","width":500,"height":134,"caption":"Ameco"},"image":{"@id":"https:\/\/www.ameco-group.com\/pt-br\/#\/schema\/logo\/image\/"}}]}},"_links":{"self":[{"href":"https:\/\/www.ameco-group.com\/pt-br\/wp-json\/wp\/v2\/pages\/3288","targetHints":{"allow":["GET"]}}],"collection":[{"href":"https:\/\/www.ameco-group.com\/pt-br\/wp-json\/wp\/v2\/pages"}],"about":[{"href":"https:\/\/www.ameco-group.com\/pt-br\/wp-json\/wp\/v2\/types\/page"}],"author":[{"embeddable":true,"href":"https:\/\/www.ameco-group.com\/pt-br\/wp-json\/wp\/v2\/users\/2"}],"replies":[{"embeddable":true,"href":"https:\/\/www.ameco-group.com\/pt-br\/wp-json\/wp\/v2\/comments?post=3288"}],"version-history":[{"count":5,"href":"https:\/\/www.ameco-group.com\/pt-br\/wp-json\/wp\/v2\/pages\/3288\/revisions"}],"predecessor-version":[{"id":4427,"href":"https:\/\/www.ameco-group.com\/pt-br\/wp-json\/wp\/v2\/pages\/3288\/revisions\/4427"}],"wp:attachment":[{"href":"https:\/\/www.ameco-group.com\/pt-br\/wp-json\/wp\/v2\/media?parent=3288"}],"curies":[{"name":"wp","href":"https:\/\/api.w.org\/{rel}","templated":true}]}}