{"id":7201,"date":"2022-06-29T10:10:11","date_gmt":"2022-06-29T08:10:11","guid":{"rendered":"https:\/\/www.ameco-group.com\/?page_id=7201"},"modified":"2022-06-29T10:10:11","modified_gmt":"2022-06-29T08:10:11","slug":"consigue-una-cotizacion","status":"publish","type":"page","link":"https:\/\/www.ameco-group.com\/es\/consigue-una-cotizacion\/","title":{"rendered":"Consigue una cotizaci\u00f3n"},"content":{"rendered":"<p>Por favor complete el siguiente formulario para obtener una cotizaci\u00f3n:<\/p>\n\n<div class=\"wpcf7 no-js\" id=\"wpcf7-f7196-o1\" lang=\"en-US\" dir=\"ltr\" data-wpcf7-id=\"7196\">\n<div class=\"screen-reader-response\"><p role=\"status\" aria-live=\"polite\" aria-atomic=\"true\"><\/p> <ul><\/ul><\/div>\n<form action=\"\/es\/wp-json\/wp\/v2\/pages\/7201#wpcf7-f7196-o1\" method=\"post\" class=\"wpcf7-form init\" aria-label=\"Contact form\" novalidate=\"novalidate\" data-status=\"init\">\n<fieldset class=\"hidden-fields-container\"><input type=\"hidden\" name=\"_wpcf7\" value=\"7196\" \/><input type=\"hidden\" name=\"_wpcf7_version\" value=\"6.1.5\" \/><input type=\"hidden\" name=\"_wpcf7_locale\" value=\"en_US\" \/><input type=\"hidden\" name=\"_wpcf7_unit_tag\" value=\"wpcf7-f7196-o1\" \/><input type=\"hidden\" name=\"_wpcf7_container_post\" value=\"0\" \/><input type=\"hidden\" name=\"_wpcf7_posted_data_hash\" value=\"\" \/>\n<\/fieldset>\n<div class=\"formcontact formsite\">\n\n  <div class=\"row\">\n    <div class=\"medium-6 columns\">\n      <label>\n        <span>Nombre*<\/span>\n        <span class=\"wpcf7-form-control-wrap\" data-name=\"prenom\"><input size=\"40\" maxlength=\"400\" class=\"wpcf7-form-control wpcf7-text wpcf7-validates-as-required\" aria-required=\"true\" aria-invalid=\"false\" value=\"\" type=\"text\" name=\"prenom\"><\/span>\n      <\/label>\n    <\/div>\n    <div class=\"medium-6 columns\">\n      <label>\n        <span>Apellido*<\/span>\n        <span class=\"wpcf7-form-control-wrap\" data-name=\"nom\"><input size=\"40\" maxlength=\"400\" class=\"wpcf7-form-control wpcf7-text wpcf7-validates-as-required\" aria-required=\"true\" aria-invalid=\"false\" value=\"\" type=\"text\" name=\"nom\"><\/span>\n      <\/label>\n    <\/div>\n  <\/div>\n\n  <div class=\"row\">\n    <div class=\"large-12 columns\">\n      <label>\n        <span>Correo electr\u00f3nico*<\/span>\n        <span class=\"wpcf7-form-control-wrap\" data-name=\"email\"><input size=\"40\" maxlength=\"400\" class=\"wpcf7-form-control wpcf7-email wpcf7-validates-as-required wpcf7-text wpcf7-validates-as-email\" aria-required=\"true\" aria-invalid=\"false\" value=\"\" type=\"email\" name=\"email\"><\/span>\n      <\/label>\n    <\/div>\n  <\/div>\n<span id=\"wpcf7-69f64873567f0-wrapper\" class=\"wpcf7-form-control-wrap website-wrap\"><input type=\"hidden\" name=\"website-time-start\" value=\"1777748083\"><input type=\"hidden\" name=\"website-time-check\" value=\"10\"><label for=\"wpcf7-69f64873567f0-field\" class=\"hp-message\">Please leave this field empty.<\/label><input id=\"wpcf7-69f64873567f0-field\" class=\"wpcf7-form-control wpcf7-text\" type=\"text\" name=\"website\" value=\"\" size=\"40\" tabindex=\"-1\" autocomplete=\"new-password\"><\/span>\n  <div class=\"row\">\n    <div class=\"medium-6 columns end\">\n      <input class=\"wpcf7-form-control wpcf7-hidden\" value=\"\" type=\"hidden\" name=\"societe-value\">\n      <label>\n        <span>Compa\u00f1\u00eda*<\/span>\n        <span class=\"wpcf7-form-control-wrap\" data-name=\"societe\"><select class=\"wpcf7-form-control wpcf7-select wpcf7-validates-as-required\" aria-required=\"true\" aria-invalid=\"false\" name=\"societe\"><option value=\"\">\u2014Por favor ingrese el nombre de su empresa\u2014<\/option><option value=\"PP\">PP<\/option><\/select><\/span>\n      <\/label>\n    <\/div>\n    <div class=\"medium-6 columns\">\n      <label>\n        <span>N\u00famero de tel\u00e9fono*<\/span>\n        <span class=\"wpcf7-form-control-wrap\" data-name=\"number\"><input size=\"40\" maxlength=\"400\" class=\"wpcf7-form-control wpcf7-tel wpcf7-validates-as-required wpcf7-text wpcf7-validates-as-tel\" aria-required=\"true\" aria-invalid=\"false\" value=\"\" type=\"tel\" name=\"number\"><\/span>\n      <\/label>\n    <\/div>\n  <\/div>\n\n  <div class=\"row\">\n    <div class=\"large-12 columns\">\n      <label>\n        <span class=\"wpcf7-form-control-wrap\" data-name=\"rgpd\"><span class=\"wpcf7-form-control wpcf7-checkbox wpcf7-validates-as-required\"><span class=\"wpcf7-list-item first last\"><input type=\"checkbox\" name=\"rgpd[]\" value=\"Al enviar esta planilla, acepto recibir un enlace para descargar los cat\u00e1logos de producto por correo electr\u00f3nico.*\"><span class=\"wpcf7-list-item-label\">Al enviar esta planilla, acepto recibir un enlace para descargar los cat\u00e1logos de producto por correo electr\u00f3nico.*<\/span><\/span><\/span><\/span>\n      <\/label>\n      <label>\n        <span class=\"wpcf7-form-control-wrap\" data-name=\"rgpd-newsletter\"><span class=\"wpcf7-form-control wpcf7-checkbox\"><span class=\"wpcf7-list-item first last\"><input type=\"checkbox\" name=\"rgpd-newsletter[]\" value=\"Me gustar\u00eda recibir de vez en cuando noticias de AMECO acerca del inicio de nuevos proyectos.\"><span class=\"wpcf7-list-item-label\">Me gustar\u00eda recibir de vez en cuando noticias de AMECO acerca del inicio de nuevos proyectos.<\/span><\/span><\/span><\/span>\n      <\/label>\n      <label>\n        <span class=\"wpcf7-form-control-wrap\" data-name=\"rgpd-project\"><span class=\"wpcf7-form-control wpcf7-checkbox\"><span class=\"wpcf7-list-item first last\"><input type=\"checkbox\" name=\"rgpd-project[]\" value=\"Deseo ser contactado por AMECO en relaci\u00f3n a un proyecto particular.\"><span class=\"wpcf7-list-item-label\">Deseo ser contactado por AMECO en relaci\u00f3n a un proyecto particular.<\/span><\/span><\/span><\/span>\n      <\/label>\n    <\/div>\n  <\/div>\n\n  <div class=\"row\">\n    <div class=\"medium-5 columns\">\n      <div class=\"wpcf7-turnstile cf-turnstile\" data-sitekey=\"0x4AAAAAACGyxy0Uk4EtxHjo\" data-response-field-name=\"_wpcf7_turnstile_response\"><\/div>\n    <\/div>\n    <div class=\"medium-7 columns formcontact-col-submit\">\n      <span class=\"formsite-txt-info\">*Campos requeridos<\/span>\n      <span class=\"formsite-submit-box\">\n        <input class=\"wpcf7-form-control wpcf7-submit has-spinner button-box\" type=\"submit\" value=\"Enviar\">\n      <\/span>\n    <\/div>\n  <\/div>\n\n  <div class=\"row\">\n    <div class=\"large-12 columns\">\n      <div class=\"formsite-legaltxt\">\n        <p>La informaci\u00f3n recolectada mediante esta planilla ser\u00e1 almacenada por AMECO en un archivo computarizado que se utiliza espec\u00edficamente para manejar solicitudes, enviar boletines informativos y otras relaciones de negocios de acuerdo a lo que se seleccione en las casillas de verificaci\u00f3n. La data ser\u00e1 almacenada por 12 meses y solo est\u00e1 destinada a ser utilizada por el equipo de AMECO. De acuerdo con la ley francesa de \"Protecci\u00f3n de Datos\", usted puede ejercer su derecho de acceder a sus datos personales y hacerlos modificar contactando a AMECO a trav\u00e9s de la <a target=\"_blank\" href=\"https:\/\/www.ameco-group.com\/es\/contacto\/\" rel=\"noopener\">planilla de contacto<\/a> o por correo postal a la siguiente direcci\u00f3n: AMECO - 43 rue du 21 Novembre - 68720 Illfurth (Francia).<\/p>\n        <p><a target=\"_blank\" href=\"https:\/\/www.ameco-group.com\/es\/privacidad-legal\/\" rel=\"noopener\">Aprender m\u00e1s acerca de nuestra pol\u00edtica de protecci\u00f3n de datos personales<\/a><\/p>\n      <\/div>\n    <\/div>\n  <\/div>\n\n<\/div><div class=\"wpcf7-response-output\" aria-hidden=\"true\"><\/div>\n<\/form>\n<\/div>\n\n","protected":false},"excerpt":{"rendered":"<p>Por favor complete el siguiente formulario para obtener una cotizaci\u00f3n:<\/p>\n","protected":false},"author":2,"featured_media":7194,"parent":0,"menu_order":0,"comment_status":"closed","ping_status":"closed","template":"","meta":{"_acf_changed":false,"footnotes":""},"class_list":["post-7201","page","type-page","status-publish","has-post-thumbnail","hentry","wp-sticky"],"acf":[],"yoast_head":"<!-- This site is optimized with the Yoast SEO plugin v27.5 - https:\/\/yoast.com\/product\/yoast-seo-wordpress\/ -->\n<title>Consigue una cotizaci\u00f3n<\/title>\n<meta name=\"description\" content=\"Interested in AMECO&#039;s products? Get a quote about Portal reclaimer, Shiploaders, Side Scraper, Circular Stacker \/ Reclaimer System.\" \/>\n<meta name=\"robots\" content=\"index, follow, max-snippet:-1, max-image-preview:large, max-video-preview:-1\" \/>\n<link rel=\"canonical\" href=\"https:\/\/www.ameco-group.com\/es\/consigue-una-cotizacion\/\" \/>\n<meta property=\"og:locale\" content=\"es_ES\" \/>\n<meta property=\"og:type\" content=\"article\" \/>\n<meta property=\"og:title\" content=\"Consigue una cotizaci\u00f3n\" \/>\n<meta property=\"og:description\" content=\"Interested in AMECO&#039;s products? Get a quote about Portal reclaimer, Shiploaders, Side Scraper, Circular Stacker \/ Reclaimer System.\" \/>\n<meta property=\"og:url\" content=\"https:\/\/www.ameco-group.com\/es\/consigue-una-cotizacion\/\" \/>\n<meta property=\"og:site_name\" content=\"AMECO Group\" \/>\n<meta property=\"og:image\" content=\"https:\/\/www.ameco-group.com\/wp-inside\/uploads\/2022\/06\/ameco-logo-seo.png\" \/>\n\t<meta property=\"og:image:width\" content=\"200\" \/>\n\t<meta property=\"og:image:height\" content=\"200\" \/>\n\t<meta property=\"og:image:type\" content=\"image\/png\" \/>\n<meta name=\"twitter:card\" content=\"summary_large_image\" \/>\n<script type=\"application\/ld+json\" class=\"yoast-schema-graph\">{\"@context\":\"https:\\\/\\\/schema.org\",\"@graph\":[{\"@type\":\"WebPage\",\"@id\":\"https:\\\/\\\/www.ameco-group.com\\\/es\\\/consigue-una-cotizacion\\\/\",\"url\":\"https:\\\/\\\/www.ameco-group.com\\\/es\\\/consigue-una-cotizacion\\\/\",\"name\":\"Consigue una cotizaci\u00f3n\",\"isPartOf\":{\"@id\":\"https:\\\/\\\/www.ameco-group.com\\\/es\\\/#website\"},\"primaryImageOfPage\":{\"@id\":\"https:\\\/\\\/www.ameco-group.com\\\/es\\\/consigue-una-cotizacion\\\/#primaryimage\"},\"image\":{\"@id\":\"https:\\\/\\\/www.ameco-group.com\\\/es\\\/consigue-una-cotizacion\\\/#primaryimage\"},\"thumbnailUrl\":\"https:\\\/\\\/www.ameco-group.com\\\/wp-inside\\\/uploads\\\/2022\\\/06\\\/ameco-logo-seo.png\",\"datePublished\":\"2022-06-29T08:10:11+00:00\",\"description\":\"Interested in AMECO's products? Get a quote about Portal reclaimer, Shiploaders, Side Scraper, Circular Stacker \\\/ Reclaimer System.\",\"breadcrumb\":{\"@id\":\"https:\\\/\\\/www.ameco-group.com\\\/es\\\/consigue-una-cotizacion\\\/#breadcrumb\"},\"inLanguage\":\"es\",\"potentialAction\":[{\"@type\":\"ReadAction\",\"target\":[\"https:\\\/\\\/www.ameco-group.com\\\/es\\\/consigue-una-cotizacion\\\/\"]}]},{\"@type\":\"ImageObject\",\"inLanguage\":\"es\",\"@id\":\"https:\\\/\\\/www.ameco-group.com\\\/es\\\/consigue-una-cotizacion\\\/#primaryimage\",\"url\":\"https:\\\/\\\/www.ameco-group.com\\\/wp-inside\\\/uploads\\\/2022\\\/06\\\/ameco-logo-seo.png\",\"contentUrl\":\"https:\\\/\\\/www.ameco-group.com\\\/wp-inside\\\/uploads\\\/2022\\\/06\\\/ameco-logo-seo.png\",\"width\":200,\"height\":200,\"caption\":\"Ameco Group Logo\"},{\"@type\":\"BreadcrumbList\",\"@id\":\"https:\\\/\\\/www.ameco-group.com\\\/es\\\/consigue-una-cotizacion\\\/#breadcrumb\",\"itemListElement\":[{\"@type\":\"ListItem\",\"position\":1,\"name\":\"Inicio\",\"item\":\"https:\\\/\\\/www.ameco-group.com\\\/es\\\/\"},{\"@type\":\"ListItem\",\"position\":2,\"name\":\"Consigue una cotizaci\u00f3n\"}]},{\"@type\":\"WebSite\",\"@id\":\"https:\\\/\\\/www.ameco-group.com\\\/es\\\/#website\",\"url\":\"https:\\\/\\\/www.ameco-group.com\\\/es\\\/\",\"name\":\"AMECO Group\",\"description\":\"Stackers, Reclaimers, Blending Systems and Shiploaders\",\"publisher\":{\"@id\":\"https:\\\/\\\/www.ameco-group.com\\\/es\\\/#organization\"},\"potentialAction\":[{\"@type\":\"SearchAction\",\"target\":{\"@type\":\"EntryPoint\",\"urlTemplate\":\"https:\\\/\\\/www.ameco-group.com\\\/es\\\/?s={search_term_string}\"},\"query-input\":{\"@type\":\"PropertyValueSpecification\",\"valueRequired\":true,\"valueName\":\"search_term_string\"}}],\"inLanguage\":\"es\"},{\"@type\":\"Organization\",\"@id\":\"https:\\\/\\\/www.ameco-group.com\\\/es\\\/#organization\",\"name\":\"Ameco\",\"url\":\"https:\\\/\\\/www.ameco-group.com\\\/es\\\/\",\"logo\":{\"@type\":\"ImageObject\",\"inLanguage\":\"es\",\"@id\":\"https:\\\/\\\/www.ameco-group.com\\\/es\\\/#\\\/schema\\\/logo\\\/image\\\/\",\"url\":\"https:\\\/\\\/www.ameco-group.com\\\/wp-inside\\\/uploads\\\/2022\\\/06\\\/ameco-logo.png\",\"contentUrl\":\"https:\\\/\\\/www.ameco-group.com\\\/wp-inside\\\/uploads\\\/2022\\\/06\\\/ameco-logo.png\",\"width\":500,\"height\":134,\"caption\":\"Ameco\"},\"image\":{\"@id\":\"https:\\\/\\\/www.ameco-group.com\\\/es\\\/#\\\/schema\\\/logo\\\/image\\\/\"}}]}<\/script>\n<!-- \/ Yoast SEO plugin. -->","yoast_head_json":{"title":"Consigue una cotizaci\u00f3n","description":"Interested in AMECO's products? Get a quote about Portal reclaimer, Shiploaders, Side Scraper, Circular Stacker \/ Reclaimer System.","robots":{"index":"index","follow":"follow","max-snippet":"max-snippet:-1","max-image-preview":"max-image-preview:large","max-video-preview":"max-video-preview:-1"},"canonical":"https:\/\/www.ameco-group.com\/es\/consigue-una-cotizacion\/","og_locale":"es_ES","og_type":"article","og_title":"Consigue una cotizaci\u00f3n","og_description":"Interested in AMECO's products? Get a quote about Portal reclaimer, Shiploaders, Side Scraper, Circular Stacker \/ Reclaimer System.","og_url":"https:\/\/www.ameco-group.com\/es\/consigue-una-cotizacion\/","og_site_name":"AMECO Group","og_image":[{"width":200,"height":200,"url":"https:\/\/www.ameco-group.com\/wp-inside\/uploads\/2022\/06\/ameco-logo-seo.png","type":"image\/png"}],"twitter_card":"summary_large_image","schema":{"@context":"https:\/\/schema.org","@graph":[{"@type":"WebPage","@id":"https:\/\/www.ameco-group.com\/es\/consigue-una-cotizacion\/","url":"https:\/\/www.ameco-group.com\/es\/consigue-una-cotizacion\/","name":"Consigue una cotizaci\u00f3n","isPartOf":{"@id":"https:\/\/www.ameco-group.com\/es\/#website"},"primaryImageOfPage":{"@id":"https:\/\/www.ameco-group.com\/es\/consigue-una-cotizacion\/#primaryimage"},"image":{"@id":"https:\/\/www.ameco-group.com\/es\/consigue-una-cotizacion\/#primaryimage"},"thumbnailUrl":"https:\/\/www.ameco-group.com\/wp-inside\/uploads\/2022\/06\/ameco-logo-seo.png","datePublished":"2022-06-29T08:10:11+00:00","description":"Interested in AMECO's products? Get a quote about Portal reclaimer, Shiploaders, Side Scraper, Circular Stacker \/ Reclaimer System.","breadcrumb":{"@id":"https:\/\/www.ameco-group.com\/es\/consigue-una-cotizacion\/#breadcrumb"},"inLanguage":"es","potentialAction":[{"@type":"ReadAction","target":["https:\/\/www.ameco-group.com\/es\/consigue-una-cotizacion\/"]}]},{"@type":"ImageObject","inLanguage":"es","@id":"https:\/\/www.ameco-group.com\/es\/consigue-una-cotizacion\/#primaryimage","url":"https:\/\/www.ameco-group.com\/wp-inside\/uploads\/2022\/06\/ameco-logo-seo.png","contentUrl":"https:\/\/www.ameco-group.com\/wp-inside\/uploads\/2022\/06\/ameco-logo-seo.png","width":200,"height":200,"caption":"Ameco Group Logo"},{"@type":"BreadcrumbList","@id":"https:\/\/www.ameco-group.com\/es\/consigue-una-cotizacion\/#breadcrumb","itemListElement":[{"@type":"ListItem","position":1,"name":"Inicio","item":"https:\/\/www.ameco-group.com\/es\/"},{"@type":"ListItem","position":2,"name":"Consigue una cotizaci\u00f3n"}]},{"@type":"WebSite","@id":"https:\/\/www.ameco-group.com\/es\/#website","url":"https:\/\/www.ameco-group.com\/es\/","name":"AMECO Group","description":"Stackers, Reclaimers, Blending Systems and Shiploaders","publisher":{"@id":"https:\/\/www.ameco-group.com\/es\/#organization"},"potentialAction":[{"@type":"SearchAction","target":{"@type":"EntryPoint","urlTemplate":"https:\/\/www.ameco-group.com\/es\/?s={search_term_string}"},"query-input":{"@type":"PropertyValueSpecification","valueRequired":true,"valueName":"search_term_string"}}],"inLanguage":"es"},{"@type":"Organization","@id":"https:\/\/www.ameco-group.com\/es\/#organization","name":"Ameco","url":"https:\/\/www.ameco-group.com\/es\/","logo":{"@type":"ImageObject","inLanguage":"es","@id":"https:\/\/www.ameco-group.com\/es\/#\/schema\/logo\/image\/","url":"https:\/\/www.ameco-group.com\/wp-inside\/uploads\/2022\/06\/ameco-logo.png","contentUrl":"https:\/\/www.ameco-group.com\/wp-inside\/uploads\/2022\/06\/ameco-logo.png","width":500,"height":134,"caption":"Ameco"},"image":{"@id":"https:\/\/www.ameco-group.com\/es\/#\/schema\/logo\/image\/"}}]}},"_links":{"self":[{"href":"https:\/\/www.ameco-group.com\/es\/wp-json\/wp\/v2\/pages\/7201","targetHints":{"allow":["GET"]}}],"collection":[{"href":"https:\/\/www.ameco-group.com\/es\/wp-json\/wp\/v2\/pages"}],"about":[{"href":"https:\/\/www.ameco-group.com\/es\/wp-json\/wp\/v2\/types\/page"}],"author":[{"embeddable":true,"href":"https:\/\/www.ameco-group.com\/es\/wp-json\/wp\/v2\/users\/2"}],"replies":[{"embeddable":true,"href":"https:\/\/www.ameco-group.com\/es\/wp-json\/wp\/v2\/comments?post=7201"}],"version-history":[{"count":2,"href":"https:\/\/www.ameco-group.com\/es\/wp-json\/wp\/v2\/pages\/7201\/revisions"}],"predecessor-version":[{"id":7294,"href":"https:\/\/www.ameco-group.com\/es\/wp-json\/wp\/v2\/pages\/7201\/revisions\/7294"}],"wp:featuredmedia":[{"embeddable":true,"href":"https:\/\/www.ameco-group.com\/es\/wp-json\/wp\/v2\/media\/7194"}],"wp:attachment":[{"href":"https:\/\/www.ameco-group.com\/es\/wp-json\/wp\/v2\/media?parent=7201"}],"curies":[{"name":"wp","href":"https:\/\/api.w.org\/{rel}","templated":true}]}}