{"id":2634,"date":"2019-04-25T16:18:24","date_gmt":"2019-04-25T14:18:24","guid":{"rendered":"https:\/\/www.ameco-group.com\/?page_id=2634"},"modified":"2020-08-29T01:56:05","modified_gmt":"2020-08-28T23:56:05","slug":"catalogos-ameco-logistica-industria","status":"publish","type":"page","link":"https:\/\/www.ameco-group.com\/es\/catalogos-ameco-logistica-industria\/","title":{"rendered":"Cat\u00e1logos"},"content":{"rendered":"<p>\u00bfInteresado en los productos de AMECO? Por favor completa la siguiente planilla para descargar nuestros cat\u00e1logos de productos:<br \/>\n\n<div class=\"wpcf7 no-js\" id=\"wpcf7-f2413-o1\" lang=\"fr-FR\" dir=\"ltr\" data-wpcf7-id=\"2413\">\n<div class=\"screen-reader-response\"><p role=\"status\" aria-live=\"polite\" aria-atomic=\"true\"><\/p> <ul><\/ul><\/div>\n<form action=\"\/es\/wp-json\/wp\/v2\/pages\/2634#wpcf7-f2413-o1\" method=\"post\" class=\"wpcf7-form init\" aria-label=\"Formulaire de contact\" novalidate=\"novalidate\" data-status=\"init\">\n<fieldset class=\"hidden-fields-container\"><input type=\"hidden\" name=\"_wpcf7\" value=\"2413\" \/><input type=\"hidden\" name=\"_wpcf7_version\" value=\"6.1.5\" \/><input type=\"hidden\" name=\"_wpcf7_locale\" value=\"fr_FR\" \/><input type=\"hidden\" name=\"_wpcf7_unit_tag\" value=\"wpcf7-f2413-o1\" \/><input type=\"hidden\" name=\"_wpcf7_container_post\" value=\"0\" \/><input type=\"hidden\" name=\"_wpcf7_posted_data_hash\" value=\"\" \/>\n<\/fieldset>\n<div class=\"formcontact formsite\">\n\n  <div class=\"row\">\n    <div class=\"medium-6 columns\">\n      <label>\n        <span>Nombre*<\/span>\n        <span class=\"wpcf7-form-control-wrap\" data-name=\"nom\"><input size=\"40\" maxlength=\"400\" class=\"wpcf7-form-control wpcf7-text wpcf7-validates-as-required\" aria-required=\"true\" aria-invalid=\"false\" value=\"\" type=\"text\" name=\"nom\"><\/span>\n      <\/label>\n    <\/div>\n    <div class=\"medium-6 columns\">\n      <label>\n        <span>Correo electr\u00f3nico*<\/span>\n        <span class=\"wpcf7-form-control-wrap\" data-name=\"email\"><input size=\"40\" maxlength=\"400\" class=\"wpcf7-form-control wpcf7-email wpcf7-validates-as-required wpcf7-text wpcf7-validates-as-email\" aria-required=\"true\" aria-invalid=\"false\" value=\"\" type=\"email\" name=\"email\"><\/span>\n      <\/label>\n    <\/div>\n  <\/div>\n<span id=\"wpcf7-69f0b1021dae7-wrapper\" class=\"wpcf7-form-control-wrap website-wrap\"><input type=\"hidden\" name=\"website-time-start\" value=\"1777381634\"><input type=\"hidden\" name=\"website-time-check\" value=\"10\"><label for=\"wpcf7-69f0b1021dae7-field\" class=\"hp-message\">Veuillez laisser ce champ vide.<\/label><input id=\"wpcf7-69f0b1021dae7-field\" class=\"wpcf7-form-control wpcf7-text\" type=\"text\" name=\"website\" value=\"\" size=\"40\" tabindex=\"-1\" autocomplete=\"new-password\"><\/span>\n  <div class=\"row\">\n    <div class=\"medium-6 columns end\">\n      <input class=\"wpcf7-form-control wpcf7-hidden\" value=\"\" type=\"hidden\" name=\"societe-value\">\n      <label>\n        <span>Compa\u00f1\u00eda*<\/span>\n        <span class=\"wpcf7-form-control-wrap\" data-name=\"societe\"><select class=\"wpcf7-form-control wpcf7-select wpcf7-validates-as-required\" aria-required=\"true\" aria-invalid=\"false\" name=\"societe\"><option value=\"\">\u2014Por favor ingrese el nombre de su empresa\u2014<\/option><option value=\"PP\">PP<\/option><\/select><\/span>\n      <\/label>\n    <\/div>\n    <div class=\"medium-6 columns\">\n      <label>\n        <span>N\u00famero de tel\u00e9fono*<\/span>\n        <span class=\"wpcf7-form-control-wrap\" data-name=\"number\"><input size=\"40\" maxlength=\"400\" class=\"wpcf7-form-control wpcf7-tel wpcf7-validates-as-required wpcf7-text wpcf7-validates-as-tel\" aria-required=\"true\" aria-invalid=\"false\" value=\"\" type=\"tel\" name=\"number\"><\/span>\n      <\/label>\n    <\/div>\n  <\/div>\n\n  <div class=\"row\">\n    <div class=\"medium-6 columns\">\n      <label>\n        <span>Tu zona geogr\u00e1fica*<\/span>\n        <span class=\"wpcf7-form-control-wrap\" data-name=\"salesregion\"><select class=\"wpcf7-form-control wpcf7-select wpcf7-validates-as-required\" aria-required=\"true\" aria-invalid=\"false\" name=\"salesregion\"><option value=\"\">\u2014Por favor seleccione una opci\u00f3n\u2014<\/option><option value=\"APAC\">APAC<\/option><option value=\"EMEACIS\">EMEACIS<\/option><option value=\"AMERICAS\">AMERICAS<\/option><option value=\"Otro\">Otro<\/option><\/select><\/span>\n      <\/label>\n    <\/div>\n    <div class=\"medium-6 columns\">\n      <label>\n        <span>Tu industria*<\/span>\n        <span class=\"wpcf7-form-control-wrap\" data-name=\"industry\"><select class=\"wpcf7-form-control wpcf7-select wpcf7-validates-as-required\" aria-required=\"true\" aria-invalid=\"false\" name=\"industry\"><option value=\"\">\u2014Por favor seleccione una opci\u00f3n\u2014<\/option><option value=\"Cement\">Cement<\/option><option value=\"Fertilizers\">Fertilizers<\/option><option value=\"Ports &amp; Terminals\">Ports &amp; Terminals<\/option><option value=\"Mining\">Mining<\/option><option value=\"Power Generation\">Power Generation<\/option><option value=\"Pulp &amp; Paper\">Pulp &amp; Paper<\/option><option value=\"Otro\">Otro<\/option><\/select><\/span>\n      <\/label>\n    <\/div>\n  <\/div>\n\n  <div class=\"row\">\n    <div class=\"large-12 columns\">\n      <label>\n        <span class=\"wpcf7-form-control-wrap\" data-name=\"rgpd\"><span class=\"wpcf7-form-control wpcf7-checkbox wpcf7-validates-as-required\"><span class=\"wpcf7-list-item first last\"><input type=\"checkbox\" name=\"rgpd[]\" value=\"Al enviar esta planilla, acepto recibir un enlace para descargar los cat\u00e1logos de producto por correo electr\u00f3nico.*\"><span class=\"wpcf7-list-item-label\">Al enviar esta planilla, acepto recibir un enlace para descargar los cat\u00e1logos de producto por correo electr\u00f3nico.*<\/span><\/span><\/span><\/span>\n      <\/label>\n      <label>\n        <span class=\"wpcf7-form-control-wrap\" data-name=\"rgpd-newsletter\"><span class=\"wpcf7-form-control wpcf7-checkbox\"><span class=\"wpcf7-list-item first last\"><input type=\"checkbox\" name=\"rgpd-newsletter[]\" value=\"Me gustar\u00eda recibir de vez en cuando noticias de AMECO acerca del inicio de nuevos proyectos.\"><span class=\"wpcf7-list-item-label\">Me gustar\u00eda recibir de vez en cuando noticias de AMECO acerca del inicio de nuevos proyectos.<\/span><\/span><\/span><\/span>\n      <\/label>\n      <label>\n        <span class=\"wpcf7-form-control-wrap\" data-name=\"rgpd-project\"><span class=\"wpcf7-form-control wpcf7-checkbox\"><span class=\"wpcf7-list-item first last\"><input type=\"checkbox\" name=\"rgpd-project[]\" value=\"Deseo ser contactado por AMECO en relaci\u00f3n a un proyecto particular.\"><span class=\"wpcf7-list-item-label\">Deseo ser contactado por AMECO en relaci\u00f3n a un proyecto particular.<\/span><\/span><\/span><\/span>\n      <\/label>\n    <\/div>\n  <\/div>\n\n  <div class=\"row\">\n    <div class=\"medium-5 columns\">\n      <div class=\"wpcf7-turnstile cf-turnstile\" data-sitekey=\"0x4AAAAAACGyxy0Uk4EtxHjo\" data-response-field-name=\"_wpcf7_turnstile_response\"><\/div>\n    <\/div>\n    <div class=\"medium-7 columns formcontact-col-submit\">\n      <span class=\"formsite-txt-info\">*Campos requeridos<\/span>\n      <span class=\"formsite-submit-box\">\n        <input class=\"wpcf7-form-control wpcf7-submit has-spinner button-box\" type=\"submit\" value=\"Enviar\">\n      <\/span>\n    <\/div>\n  <\/div>\n\n  <div class=\"row\">\n    <div class=\"large-12 columns\">\n      <div class=\"formsite-legaltxt\">\n        <p>La informaci\u00f3n recolectada mediante esta planilla ser\u00e1 almacenada por AMECO en un archivo computarizado que se utiliza espec\u00edficamente para manejar solicitudes, enviar boletines informativos y otras relaciones de negocios de acuerdo a lo que se seleccione en las casillas de verificaci\u00f3n. La data ser\u00e1 almacenada por 12 meses y solo est\u00e1 destinada a ser utilizada por el equipo de AMECO. De acuerdo con la ley francesa de \"Protecci\u00f3n de Datos\", usted puede ejercer su derecho de acceder a sus datos personales y hacerlos modificar contactando a AMECO a trav\u00e9s de la <a target=\"_blank\" href=\"https:\/\/www.ameco-group.com\/es\/contacto\/\" rel=\"noopener\">planilla de contacto<\/a> o por correo postal a la siguiente direcci\u00f3n: AMECO - 43 rue du 21 Novembre - 68720 Illfurth (Francia).<\/p>\n        <p><a target=\"_blank\" href=\"https:\/\/www.ameco-group.com\/es\/privacidad-legal\/\" rel=\"noopener\">Aprender m\u00e1s acerca de nuestra pol\u00edtica de protecci\u00f3n de datos personales<\/a><\/p>\n      <\/div>\n    <\/div>\n  <\/div>\n\n<\/div><div class=\"wpcf7-response-output\" aria-hidden=\"true\"><\/div>\n<\/form>\n<\/div>\n<\/p>\n","protected":false},"excerpt":{"rendered":"<p>\u00bfInteresado en los productos de AMECO? Por favor completa la siguiente planilla para descargar nuestros cat\u00e1logos de productos:<\/p>\n","protected":false},"author":2,"featured_media":0,"parent":0,"menu_order":0,"comment_status":"closed","ping_status":"closed","template":"","meta":{"_acf_changed":false,"footnotes":""},"class_list":["post-2634","page","type-page","status-publish","hentry","wp-sticky"],"acf":[],"yoast_head":"<!-- This site is optimized with the Yoast SEO plugin v27.4 - https:\/\/yoast.com\/product\/yoast-seo-wordpress\/ -->\n<title>Cat\u00e1logos de servicios y productos industriales y log\u00edsticos de AMECO.<\/title>\n<meta name=\"description\" content=\"Cat\u00e1logos de servicios y productos industriales y log\u00edsticos de AMECO para puertos, miner\u00eda, carga y descarga y m\u00e1s.\" \/>\n<meta name=\"robots\" content=\"index, follow, max-snippet:-1, max-image-preview:large, max-video-preview:-1\" \/>\n<link rel=\"canonical\" href=\"https:\/\/www.ameco-group.com\/es\/catalogos-ameco-logistica-industria\/\" \/>\n<meta property=\"og:locale\" content=\"es_ES\" \/>\n<meta property=\"og:type\" content=\"article\" \/>\n<meta property=\"og:title\" content=\"Cat\u00e1logos de servicios y productos industriales y log\u00edsticos de AMECO.\" \/>\n<meta property=\"og:description\" content=\"Cat\u00e1logos de servicios y productos industriales y log\u00edsticos de AMECO para puertos, miner\u00eda, carga y descarga y m\u00e1s.\" \/>\n<meta property=\"og:url\" content=\"https:\/\/www.ameco-group.com\/es\/catalogos-ameco-logistica-industria\/\" \/>\n<meta property=\"og:site_name\" content=\"AMECO Group\" \/>\n<meta property=\"article:modified_time\" content=\"2020-08-28T23:56:05+00:00\" \/>\n<meta name=\"twitter:card\" content=\"summary_large_image\" \/>\n<script type=\"application\/ld+json\" class=\"yoast-schema-graph\">{\"@context\":\"https:\\\/\\\/schema.org\",\"@graph\":[{\"@type\":\"WebPage\",\"@id\":\"https:\\\/\\\/www.ameco-group.com\\\/es\\\/catalogos-ameco-logistica-industria\\\/\",\"url\":\"https:\\\/\\\/www.ameco-group.com\\\/es\\\/catalogos-ameco-logistica-industria\\\/\",\"name\":\"Cat\u00e1logos de servicios y productos industriales y log\u00edsticos de AMECO.\",\"isPartOf\":{\"@id\":\"https:\\\/\\\/www.ameco-group.com\\\/es\\\/#website\"},\"datePublished\":\"2019-04-25T14:18:24+00:00\",\"dateModified\":\"2020-08-28T23:56:05+00:00\",\"description\":\"Cat\u00e1logos de servicios y productos industriales y log\u00edsticos de AMECO para puertos, miner\u00eda, carga y descarga y m\u00e1s.\",\"breadcrumb\":{\"@id\":\"https:\\\/\\\/www.ameco-group.com\\\/es\\\/catalogos-ameco-logistica-industria\\\/#breadcrumb\"},\"inLanguage\":\"es\",\"potentialAction\":[{\"@type\":\"ReadAction\",\"target\":[\"https:\\\/\\\/www.ameco-group.com\\\/es\\\/catalogos-ameco-logistica-industria\\\/\"]}]},{\"@type\":\"BreadcrumbList\",\"@id\":\"https:\\\/\\\/www.ameco-group.com\\\/es\\\/catalogos-ameco-logistica-industria\\\/#breadcrumb\",\"itemListElement\":[{\"@type\":\"ListItem\",\"position\":1,\"name\":\"Inicio\",\"item\":\"https:\\\/\\\/www.ameco-group.com\\\/es\\\/\"},{\"@type\":\"ListItem\",\"position\":2,\"name\":\"Cat\u00e1logos\"}]},{\"@type\":\"WebSite\",\"@id\":\"https:\\\/\\\/www.ameco-group.com\\\/es\\\/#website\",\"url\":\"https:\\\/\\\/www.ameco-group.com\\\/es\\\/\",\"name\":\"AMECO Group\",\"description\":\"Stackers, Reclaimers, Blending Systems and Shiploaders\",\"publisher\":{\"@id\":\"https:\\\/\\\/www.ameco-group.com\\\/es\\\/#organization\"},\"potentialAction\":[{\"@type\":\"SearchAction\",\"target\":{\"@type\":\"EntryPoint\",\"urlTemplate\":\"https:\\\/\\\/www.ameco-group.com\\\/es\\\/?s={search_term_string}\"},\"query-input\":{\"@type\":\"PropertyValueSpecification\",\"valueRequired\":true,\"valueName\":\"search_term_string\"}}],\"inLanguage\":\"es\"},{\"@type\":\"Organization\",\"@id\":\"https:\\\/\\\/www.ameco-group.com\\\/es\\\/#organization\",\"name\":\"Ameco\",\"url\":\"https:\\\/\\\/www.ameco-group.com\\\/es\\\/\",\"logo\":{\"@type\":\"ImageObject\",\"inLanguage\":\"es\",\"@id\":\"https:\\\/\\\/www.ameco-group.com\\\/es\\\/#\\\/schema\\\/logo\\\/image\\\/\",\"url\":\"https:\\\/\\\/www.ameco-group.com\\\/wp-inside\\\/uploads\\\/2022\\\/06\\\/ameco-logo.png\",\"contentUrl\":\"https:\\\/\\\/www.ameco-group.com\\\/wp-inside\\\/uploads\\\/2022\\\/06\\\/ameco-logo.png\",\"width\":500,\"height\":134,\"caption\":\"Ameco\"},\"image\":{\"@id\":\"https:\\\/\\\/www.ameco-group.com\\\/es\\\/#\\\/schema\\\/logo\\\/image\\\/\"}}]}<\/script>\n<!-- \/ Yoast SEO plugin. -->","yoast_head_json":{"title":"Cat\u00e1logos de servicios y productos industriales y log\u00edsticos de AMECO.","description":"Cat\u00e1logos de servicios y productos industriales y log\u00edsticos de AMECO para puertos, miner\u00eda, carga y descarga y m\u00e1s.","robots":{"index":"index","follow":"follow","max-snippet":"max-snippet:-1","max-image-preview":"max-image-preview:large","max-video-preview":"max-video-preview:-1"},"canonical":"https:\/\/www.ameco-group.com\/es\/catalogos-ameco-logistica-industria\/","og_locale":"es_ES","og_type":"article","og_title":"Cat\u00e1logos de servicios y productos industriales y log\u00edsticos de AMECO.","og_description":"Cat\u00e1logos de servicios y productos industriales y log\u00edsticos de AMECO para puertos, miner\u00eda, carga y descarga y m\u00e1s.","og_url":"https:\/\/www.ameco-group.com\/es\/catalogos-ameco-logistica-industria\/","og_site_name":"AMECO Group","article_modified_time":"2020-08-28T23:56:05+00:00","twitter_card":"summary_large_image","schema":{"@context":"https:\/\/schema.org","@graph":[{"@type":"WebPage","@id":"https:\/\/www.ameco-group.com\/es\/catalogos-ameco-logistica-industria\/","url":"https:\/\/www.ameco-group.com\/es\/catalogos-ameco-logistica-industria\/","name":"Cat\u00e1logos de servicios y productos industriales y log\u00edsticos de AMECO.","isPartOf":{"@id":"https:\/\/www.ameco-group.com\/es\/#website"},"datePublished":"2019-04-25T14:18:24+00:00","dateModified":"2020-08-28T23:56:05+00:00","description":"Cat\u00e1logos de servicios y productos industriales y log\u00edsticos de AMECO para puertos, miner\u00eda, carga y descarga y m\u00e1s.","breadcrumb":{"@id":"https:\/\/www.ameco-group.com\/es\/catalogos-ameco-logistica-industria\/#breadcrumb"},"inLanguage":"es","potentialAction":[{"@type":"ReadAction","target":["https:\/\/www.ameco-group.com\/es\/catalogos-ameco-logistica-industria\/"]}]},{"@type":"BreadcrumbList","@id":"https:\/\/www.ameco-group.com\/es\/catalogos-ameco-logistica-industria\/#breadcrumb","itemListElement":[{"@type":"ListItem","position":1,"name":"Inicio","item":"https:\/\/www.ameco-group.com\/es\/"},{"@type":"ListItem","position":2,"name":"Cat\u00e1logos"}]},{"@type":"WebSite","@id":"https:\/\/www.ameco-group.com\/es\/#website","url":"https:\/\/www.ameco-group.com\/es\/","name":"AMECO Group","description":"Stackers, Reclaimers, Blending Systems and Shiploaders","publisher":{"@id":"https:\/\/www.ameco-group.com\/es\/#organization"},"potentialAction":[{"@type":"SearchAction","target":{"@type":"EntryPoint","urlTemplate":"https:\/\/www.ameco-group.com\/es\/?s={search_term_string}"},"query-input":{"@type":"PropertyValueSpecification","valueRequired":true,"valueName":"search_term_string"}}],"inLanguage":"es"},{"@type":"Organization","@id":"https:\/\/www.ameco-group.com\/es\/#organization","name":"Ameco","url":"https:\/\/www.ameco-group.com\/es\/","logo":{"@type":"ImageObject","inLanguage":"es","@id":"https:\/\/www.ameco-group.com\/es\/#\/schema\/logo\/image\/","url":"https:\/\/www.ameco-group.com\/wp-inside\/uploads\/2022\/06\/ameco-logo.png","contentUrl":"https:\/\/www.ameco-group.com\/wp-inside\/uploads\/2022\/06\/ameco-logo.png","width":500,"height":134,"caption":"Ameco"},"image":{"@id":"https:\/\/www.ameco-group.com\/es\/#\/schema\/logo\/image\/"}}]}},"_links":{"self":[{"href":"https:\/\/www.ameco-group.com\/es\/wp-json\/wp\/v2\/pages\/2634","targetHints":{"allow":["GET"]}}],"collection":[{"href":"https:\/\/www.ameco-group.com\/es\/wp-json\/wp\/v2\/pages"}],"about":[{"href":"https:\/\/www.ameco-group.com\/es\/wp-json\/wp\/v2\/types\/page"}],"author":[{"embeddable":true,"href":"https:\/\/www.ameco-group.com\/es\/wp-json\/wp\/v2\/users\/2"}],"replies":[{"embeddable":true,"href":"https:\/\/www.ameco-group.com\/es\/wp-json\/wp\/v2\/comments?post=2634"}],"version-history":[{"count":5,"href":"https:\/\/www.ameco-group.com\/es\/wp-json\/wp\/v2\/pages\/2634\/revisions"}],"predecessor-version":[{"id":4178,"href":"https:\/\/www.ameco-group.com\/es\/wp-json\/wp\/v2\/pages\/2634\/revisions\/4178"}],"wp:attachment":[{"href":"https:\/\/www.ameco-group.com\/es\/wp-json\/wp\/v2\/media?parent=2634"}],"curies":[{"name":"wp","href":"https:\/\/api.w.org\/{rel}","templated":true}]}}