{"id":2319,"date":"2019-03-25T17:52:17","date_gmt":"2019-03-25T16:52:17","guid":{"rendered":"https:\/\/www.ameco-group.com\/?page_id=2319"},"modified":"2020-08-29T13:59:56","modified_gmt":"2020-08-29T11:59:56","slug":"trabaja-para-nosotros-unete-a-nuestro-equipo-como-gerente-de-ventas","status":"publish","type":"page","link":"https:\/\/www.ameco-group.com\/es\/trabaja-para-nosotros-unete-a-nuestro-equipo-como-gerente-de-ventas\/","title":{"rendered":"Trabaja para Nosotros"},"content":{"rendered":"<p><strong>AMECO es una compa\u00f1\u00eda en pleno crecimiento, por lo que siempre estamos en b\u00fasqueda de personas altamente motivadas y talentosas que quieran unirse a nuestro equipo.<\/strong><\/p>\n<h2>\u00bfQu\u00e9 puede ofrecerte AMECO?<\/h2>\n<ul>\n<li>Un ambiente de alto impacto abierto a tus ideas innovadoras y creativas.<\/li>\n<li>La oportunidad de trabajar con un equipo de jovenes profesionales y de profesionales experimentados en un entorno internacional.<\/li>\n<li>Oportunidades para viajes de negocios, ya que los equipamientos de AMECO est\u00e1n instalados en todas partes del mundo.<\/li>\n<\/ul>\n<p>Encontrar\u00e1s una vista general de nuestras vacantes a\u00fan vigentes.<\/p>\n<p>Por favor no dudes en enviarnos tu CV\/resumen curricular. Si crees que ninguno de los roles se parece a tu perfil, de igual forma hazlo ya que podr\u00edas agregar valor a nuestra organizaci\u00f3n.<\/p>\n","protected":false},"excerpt":{"rendered":"<p>AMECO es una compa\u00f1\u00eda en pleno crecimiento, por lo que siempre estamos en b\u00fasqueda de personas altamente motivadas y talentosas [&hellip;]<\/p>\n","protected":false},"author":2,"featured_media":0,"parent":0,"menu_order":0,"comment_status":"closed","ping_status":"closed","template":"","meta":{"_acf_changed":false,"footnotes":""},"class_list":["post-2319","page","type-page","status-publish","hentry","wp-sticky"],"acf":[],"yoast_head":"<!-- This site is optimized with the Yoast SEO plugin v27.4 - https:\/\/yoast.com\/product\/yoast-seo-wordpress\/ -->\n<title>Trabaja en una compa\u00f1ia l\u00edder en productos industriales y de log\u00edstica.<\/title>\n<meta name=\"description\" content=\"\u00danete al equipo de AMECO y trabaja con uno de los l\u00edderes multinacionales del rubro de servicios y productos industriales y de log\u00edstica.\" \/>\n<meta name=\"robots\" content=\"index, follow, max-snippet:-1, max-image-preview:large, max-video-preview:-1\" \/>\n<link rel=\"canonical\" href=\"https:\/\/www.ameco-group.com\/es\/trabaja-para-nosotros-unete-a-nuestro-equipo-como-gerente-de-ventas\/\" \/>\n<meta property=\"og:locale\" content=\"es_ES\" \/>\n<meta property=\"og:type\" content=\"article\" \/>\n<meta property=\"og:title\" content=\"Trabaja en una compa\u00f1ia l\u00edder en productos industriales y de log\u00edstica.\" \/>\n<meta property=\"og:description\" content=\"\u00danete al equipo de AMECO y trabaja con uno de los l\u00edderes multinacionales del rubro de servicios y productos industriales y de log\u00edstica.\" \/>\n<meta property=\"og:url\" content=\"https:\/\/www.ameco-group.com\/es\/trabaja-para-nosotros-unete-a-nuestro-equipo-como-gerente-de-ventas\/\" \/>\n<meta property=\"og:site_name\" content=\"AMECO Group\" \/>\n<meta property=\"article:modified_time\" content=\"2020-08-29T11:59:56+00:00\" \/>\n<meta name=\"twitter:card\" content=\"summary_large_image\" \/>\n<meta name=\"twitter:label1\" content=\"Tiempo de lectura\" \/>\n\t<meta name=\"twitter:data1\" content=\"1 minuto\" \/>\n<script type=\"application\/ld+json\" class=\"yoast-schema-graph\">{\"@context\":\"https:\\\/\\\/schema.org\",\"@graph\":[{\"@type\":\"WebPage\",\"@id\":\"https:\\\/\\\/www.ameco-group.com\\\/es\\\/trabaja-para-nosotros-unete-a-nuestro-equipo-como-gerente-de-ventas\\\/\",\"url\":\"https:\\\/\\\/www.ameco-group.com\\\/es\\\/trabaja-para-nosotros-unete-a-nuestro-equipo-como-gerente-de-ventas\\\/\",\"name\":\"Trabaja en una compa\u00f1ia l\u00edder en productos industriales y de log\u00edstica.\",\"isPartOf\":{\"@id\":\"https:\\\/\\\/www.ameco-group.com\\\/es\\\/#website\"},\"datePublished\":\"2019-03-25T16:52:17+00:00\",\"dateModified\":\"2020-08-29T11:59:56+00:00\",\"description\":\"\u00danete al equipo de AMECO y trabaja con uno de los l\u00edderes multinacionales del rubro de servicios y productos industriales y de log\u00edstica.\",\"breadcrumb\":{\"@id\":\"https:\\\/\\\/www.ameco-group.com\\\/es\\\/trabaja-para-nosotros-unete-a-nuestro-equipo-como-gerente-de-ventas\\\/#breadcrumb\"},\"inLanguage\":\"es\",\"potentialAction\":[{\"@type\":\"ReadAction\",\"target\":[\"https:\\\/\\\/www.ameco-group.com\\\/es\\\/trabaja-para-nosotros-unete-a-nuestro-equipo-como-gerente-de-ventas\\\/\"]}]},{\"@type\":\"BreadcrumbList\",\"@id\":\"https:\\\/\\\/www.ameco-group.com\\\/es\\\/trabaja-para-nosotros-unete-a-nuestro-equipo-como-gerente-de-ventas\\\/#breadcrumb\",\"itemListElement\":[{\"@type\":\"ListItem\",\"position\":1,\"name\":\"Inicio\",\"item\":\"https:\\\/\\\/www.ameco-group.com\\\/es\\\/\"},{\"@type\":\"ListItem\",\"position\":2,\"name\":\"Trabaja para Nosotros\"}]},{\"@type\":\"WebSite\",\"@id\":\"https:\\\/\\\/www.ameco-group.com\\\/es\\\/#website\",\"url\":\"https:\\\/\\\/www.ameco-group.com\\\/es\\\/\",\"name\":\"AMECO Group\",\"description\":\"Stackers, Reclaimers, Blending Systems and Shiploaders\",\"publisher\":{\"@id\":\"https:\\\/\\\/www.ameco-group.com\\\/es\\\/#organization\"},\"potentialAction\":[{\"@type\":\"SearchAction\",\"target\":{\"@type\":\"EntryPoint\",\"urlTemplate\":\"https:\\\/\\\/www.ameco-group.com\\\/es\\\/?s={search_term_string}\"},\"query-input\":{\"@type\":\"PropertyValueSpecification\",\"valueRequired\":true,\"valueName\":\"search_term_string\"}}],\"inLanguage\":\"es\"},{\"@type\":\"Organization\",\"@id\":\"https:\\\/\\\/www.ameco-group.com\\\/es\\\/#organization\",\"name\":\"Ameco\",\"url\":\"https:\\\/\\\/www.ameco-group.com\\\/es\\\/\",\"logo\":{\"@type\":\"ImageObject\",\"inLanguage\":\"es\",\"@id\":\"https:\\\/\\\/www.ameco-group.com\\\/es\\\/#\\\/schema\\\/logo\\\/image\\\/\",\"url\":\"https:\\\/\\\/www.ameco-group.com\\\/wp-inside\\\/uploads\\\/2022\\\/06\\\/ameco-logo.png\",\"contentUrl\":\"https:\\\/\\\/www.ameco-group.com\\\/wp-inside\\\/uploads\\\/2022\\\/06\\\/ameco-logo.png\",\"width\":500,\"height\":134,\"caption\":\"Ameco\"},\"image\":{\"@id\":\"https:\\\/\\\/www.ameco-group.com\\\/es\\\/#\\\/schema\\\/logo\\\/image\\\/\"}}]}<\/script>\n<!-- \/ Yoast SEO plugin. -->","yoast_head_json":{"title":"Trabaja en una compa\u00f1ia l\u00edder en productos industriales y de log\u00edstica.","description":"\u00danete al equipo de AMECO y trabaja con uno de los l\u00edderes multinacionales del rubro de servicios y productos industriales y de log\u00edstica.","robots":{"index":"index","follow":"follow","max-snippet":"max-snippet:-1","max-image-preview":"max-image-preview:large","max-video-preview":"max-video-preview:-1"},"canonical":"https:\/\/www.ameco-group.com\/es\/trabaja-para-nosotros-unete-a-nuestro-equipo-como-gerente-de-ventas\/","og_locale":"es_ES","og_type":"article","og_title":"Trabaja en una compa\u00f1ia l\u00edder en productos industriales y de log\u00edstica.","og_description":"\u00danete al equipo de AMECO y trabaja con uno de los l\u00edderes multinacionales del rubro de servicios y productos industriales y de log\u00edstica.","og_url":"https:\/\/www.ameco-group.com\/es\/trabaja-para-nosotros-unete-a-nuestro-equipo-como-gerente-de-ventas\/","og_site_name":"AMECO Group","article_modified_time":"2020-08-29T11:59:56+00:00","twitter_card":"summary_large_image","twitter_misc":{"Tiempo de lectura":"1 minuto"},"schema":{"@context":"https:\/\/schema.org","@graph":[{"@type":"WebPage","@id":"https:\/\/www.ameco-group.com\/es\/trabaja-para-nosotros-unete-a-nuestro-equipo-como-gerente-de-ventas\/","url":"https:\/\/www.ameco-group.com\/es\/trabaja-para-nosotros-unete-a-nuestro-equipo-como-gerente-de-ventas\/","name":"Trabaja en una compa\u00f1ia l\u00edder en productos industriales y de log\u00edstica.","isPartOf":{"@id":"https:\/\/www.ameco-group.com\/es\/#website"},"datePublished":"2019-03-25T16:52:17+00:00","dateModified":"2020-08-29T11:59:56+00:00","description":"\u00danete al equipo de AMECO y trabaja con uno de los l\u00edderes multinacionales del rubro de servicios y productos industriales y de log\u00edstica.","breadcrumb":{"@id":"https:\/\/www.ameco-group.com\/es\/trabaja-para-nosotros-unete-a-nuestro-equipo-como-gerente-de-ventas\/#breadcrumb"},"inLanguage":"es","potentialAction":[{"@type":"ReadAction","target":["https:\/\/www.ameco-group.com\/es\/trabaja-para-nosotros-unete-a-nuestro-equipo-como-gerente-de-ventas\/"]}]},{"@type":"BreadcrumbList","@id":"https:\/\/www.ameco-group.com\/es\/trabaja-para-nosotros-unete-a-nuestro-equipo-como-gerente-de-ventas\/#breadcrumb","itemListElement":[{"@type":"ListItem","position":1,"name":"Inicio","item":"https:\/\/www.ameco-group.com\/es\/"},{"@type":"ListItem","position":2,"name":"Trabaja para Nosotros"}]},{"@type":"WebSite","@id":"https:\/\/www.ameco-group.com\/es\/#website","url":"https:\/\/www.ameco-group.com\/es\/","name":"AMECO Group","description":"Stackers, Reclaimers, Blending Systems and Shiploaders","publisher":{"@id":"https:\/\/www.ameco-group.com\/es\/#organization"},"potentialAction":[{"@type":"SearchAction","target":{"@type":"EntryPoint","urlTemplate":"https:\/\/www.ameco-group.com\/es\/?s={search_term_string}"},"query-input":{"@type":"PropertyValueSpecification","valueRequired":true,"valueName":"search_term_string"}}],"inLanguage":"es"},{"@type":"Organization","@id":"https:\/\/www.ameco-group.com\/es\/#organization","name":"Ameco","url":"https:\/\/www.ameco-group.com\/es\/","logo":{"@type":"ImageObject","inLanguage":"es","@id":"https:\/\/www.ameco-group.com\/es\/#\/schema\/logo\/image\/","url":"https:\/\/www.ameco-group.com\/wp-inside\/uploads\/2022\/06\/ameco-logo.png","contentUrl":"https:\/\/www.ameco-group.com\/wp-inside\/uploads\/2022\/06\/ameco-logo.png","width":500,"height":134,"caption":"Ameco"},"image":{"@id":"https:\/\/www.ameco-group.com\/es\/#\/schema\/logo\/image\/"}}]}},"_links":{"self":[{"href":"https:\/\/www.ameco-group.com\/es\/wp-json\/wp\/v2\/pages\/2319","targetHints":{"allow":["GET"]}}],"collection":[{"href":"https:\/\/www.ameco-group.com\/es\/wp-json\/wp\/v2\/pages"}],"about":[{"href":"https:\/\/www.ameco-group.com\/es\/wp-json\/wp\/v2\/types\/page"}],"author":[{"embeddable":true,"href":"https:\/\/www.ameco-group.com\/es\/wp-json\/wp\/v2\/users\/2"}],"replies":[{"embeddable":true,"href":"https:\/\/www.ameco-group.com\/es\/wp-json\/wp\/v2\/comments?post=2319"}],"version-history":[{"count":4,"href":"https:\/\/www.ameco-group.com\/es\/wp-json\/wp\/v2\/pages\/2319\/revisions"}],"predecessor-version":[{"id":4183,"href":"https:\/\/www.ameco-group.com\/es\/wp-json\/wp\/v2\/pages\/2319\/revisions\/4183"}],"wp:attachment":[{"href":"https:\/\/www.ameco-group.com\/es\/wp-json\/wp\/v2\/media?parent=2319"}],"curies":[{"name":"wp","href":"https:\/\/api.w.org\/{rel}","templated":true}]}}