{"id":2316,"date":"2019-03-25T17:28:22","date_gmt":"2019-03-25T16:28:22","guid":{"rendered":"https:\/\/www.ameco-group.com\/?page_id=2316"},"modified":"2019-04-26T10:38:20","modified_gmt":"2019-04-26T08:38:20","slug":"privacidad-legal","status":"publish","type":"page","link":"https:\/\/www.ameco-group.com\/es\/privacidad-legal\/","title":{"rendered":"Privacidad Legal"},"content":{"rendered":"<h2>Acerca de la p\u00e1gina web<\/h2>\n<p>You are currently connected to AMECO\u2019s website.<br \/>\nToda la data e informaci\u00f3n presentada en la p\u00e1gina web <strong>www.ameco-group.com<\/strong> website es hecha p\u00fablica por AMECO Al consultar nuestra p\u00e1gina web <strong>www.ameco-group.com<\/strong>, usted reconoce estar de acuerdo con los t\u00e9rminos y condiciones establecidos en este aviso.<\/p>\n<h2>Publicaci\u00f3n<\/h2>\n<p><strong>AMECO<\/strong><br \/>\nOficinas centrales: 43 rue du 21 Novembre \u2013 68720 Illfurth (Francia)<\/p>\n<p>Tel\u00e9fono: +33(0) 389-255-969<\/p>\n<p><strong>Gerente de publicaci\u00f3n:<\/strong> St\u00e9phane Killian<\/p>\n<h2>Hosting<\/h2>\n<p><strong>OVH<\/strong><br \/>\nOficinas centrales: 2 rue Kellermann \u2013 59100 Roubaix (Francia)<br \/>\nRCS Lille M\u00e9tropole 424 761 419<br \/>\nCode APE 6202A<\/p>\n<h2>Dise\u00f1o y promoci\u00f3n de la p\u00e1gina web<\/h2>\n<p><strong>Premi\u00e8re Place<\/strong><br \/>\nOficinas centrales: KM\u00d8 \u2013 30 rue Fran\u00e7ois Spoerry \u2013 68100 Mulhouse (Francia)<br \/>\nSARL with a capital of 8 000 EUR<br \/>\nRCS Mulhouse 489 995 985<br \/>\nN\u00b0 TVA FR12 489995985<br \/>\nTel\u00e9fono: +33 (0)3 89 60 71 61<br \/>\n<strong><a href=\"https:\/\/www.premiere.place\/\" target=\"_blank\" rel=\"noopener noreferrer\">www.premiere.place<\/a><\/strong><\/p>\n<h2>Protecci\u00f3n de datos personales<\/h2>\n<p>AMECO tiene gran respeto por los derechos de privacidad de nuestros visitantes en l\u00ednea y est\u00e1 comprometida a proteger sus datos personales de acuerdo con las legislaciones francesa y europea actualmente en vigencia. No se requieren datos personales de los visitantes para consultar la p\u00e1gina web <strong>www.ameco-group.com<\/strong>.<\/p>\n<p>Cada formulario de la p\u00e1gina web se limita estrictamente a lo necesario en cuanto a los datos personales e indica sistematicamente:<\/p>\n<ul>\n<li>Prop\u00f3sitos de la recolecci\u00f3n de datos personales<\/li>\n<li>Si la informaci\u00f3n es obligatoria u opcional<\/li>\n<li>El receptor de la informaci\u00f3n recolectada<\/li>\n<li>Por cuanto tiempo se conservara la data recolectada<\/li>\n<li>Sus derechos de privacidad de datos y como ejercerlos<\/li>\n<\/ul>\n<p>Cada formulario de la p\u00e1gina web <strong>www.ameco-group.com<\/strong> contendr\u00e1 una o m\u00e1s casillas de verificaci\u00f3n para que usted pueda expresar explicitamente si est\u00e1 o no de acuerdo con la recolecci\u00f3n y procesamiento de los datos personales que se le solicitan. Esto le permite a AMECO asegurarse que los datos personales que se transmitan pueden ser usados para los prop\u00f3sitos\u00b4 explicitamente descritos en el formulario y aceptados por el usuario. Cada casilla de verificaci\u00f3n seleccionada corresponde a un pr\u00f3posito espec\u00edfico para el procesamiento de los datos personales y servir\u00e1 como prueba legal del consentimiento de parte del usuario.<\/p>\n<p>AMECO no podr\u00e1 utilizar en ning\u00fan caso estos datos personales para otros prop\u00f3sitos que los que se han descrito explicitamente en el formulario aceptado por el usuario. Del mismo modo, estos datos personales no podr\u00e1n ser transmitidos o transferidos a terceros sin mencionar explicitamente dicha posibilidad en este formulario.<\/p>\n<p>De acuerdo con el decreto de \u201cProtecci\u00f3n de Datos\u201d del 6 de enero de 1978 (art. 34), usted tiene el derecho a accesar, modificar, corregir y eliminar cualquier dato personal que le pertenezca. Para ejercer este derecho, puede contactar a AMECO a trav\u00e9s del <strong><a href=\"https:\/\/www.ameco-group.com\/es\/contacto-ameco-logistica-portuaria-mineria-carga\/\">formulario de contacto<\/a><\/strong> de la p\u00e1gina web o medante el correo postal a la siguiente direcci\u00f3n:<\/p>\n<p>AMECO<br \/>\n43 rue du 21 Novembre<br \/>\n68720 Illfurth (Francia)<\/p>\n<p>Los datos personales recolectados en la p\u00e1gina web <strong>www.ameco-group.com<\/strong> se tratan de acuerdo con protocolos seguros que limitan considerablemente el riesgo de intercepci\u00f3n o recuperaci\u00f3n de datos por parte de terceros. Sin embargo, por favor mantengase vigilante en no revelar informaci\u00f3n innecesaria o sensible al usar nuestros formularios. Si desea proveernos esa informaci\u00f3n, por favor cont\u00e1ctenos a trav\u00e9s del correo postal.<\/p>\n<h2>Cookies<\/h2>\n<p>La p\u00e1gina web <strong>www.ameco-group.com<\/strong> utiliza cookies. Las cookies son peque\u00f1os archivos que se descargan en su computadora y le permiten a la p\u00e1gina operar de manera suave y segura (cookies de sesi\u00f3n y seguridad) asi como salvar informaci\u00f3n pertenenciente a la manera en que los visitantes consultan nuestra p\u00e1gina web (cookies de rastreo). Por ejemplo, esto nos permite saber cuales p\u00e1ginas son vistas con m\u00e1s frecuencia por nuestros visitantes y cuanto tiempo permanecen en nuestra p\u00e1gina.<\/p>\n<p>Puede deshabilitar los cookies o recibir alertas cuando se vayan a descargar los mismos, modificando la configuraci\u00f3n de su navegador web. Sin embargo, deshabilitar todos los cookies puede evitar que utilice de forma apropiada todas las funciones de la p\u00e1gina. Por lo tanto, le damos la posibilidad de deshabilita solamente los cookies de rastreo, los cuales no comprometer\u00e1n su navegaci\u00f3n de la p\u00e1gina web (ver \u00abConfiguraci\u00f3n de Cookies\u00bb abajo).<\/p>\n<h3>Google Analytics<\/h3>\n<p>Esta p\u00e1gina usa el servicio Google Analytics. Esto nos permite analizar la manera en que los usuarios utilizan nuestra p\u00e1gina a fin de ofrecerles una mejor experiencia de navegaci\u00f3n. Para hacerlo, Google Analytics emplea cookies de rastreo para seguir la navegaci\u00f3n de un usuario en la p\u00e1gina web. Estas cookies se retienen por 13 meses.<\/p>\n<p>Hemos habilitado la anonimizaci\u00f3n de las direcciones IP para esta p\u00e1gina web. Esto significa que las direcciones IP recolectadas por Google Analytics son recortadas sistematicamente para hacer imposible identificar al usuario. En algunos casos excepcionales, las direcciones IP completas pueden ser transferidas al servidor de Google ubicado en los Estados Unidos, para ser inmediatamente recortadas en el mismo. Google utiliza la informaci\u00f3n recolectada a trav\u00e9s de las cookies en representaci\u00f3n de AMECO para analizar los h\u00e1bitos de navegaci\u00f3n de los usuarios y proveer reportes de actividad de la p\u00e1gina.<\/p>\n<p>Google proporciona a los usuarios un complemento para su buscador web que les permite prevenir la recolecci\u00f3n de datos a su p\u00e1gina web medante Google Analytics.<br \/>\nEse complemento est\u00e1 disponible en la siguiente direcci\u00f3n: <a href=\"https:\/\/tools.google.com\/dlpage\/gaoptout?hl=en\" target=\"_blank\" rel=\"noopener noreferrer\"><strong>tools.google.com\/dlpage\/gaoptout<\/strong><\/a><\/p>\n<h3>Google Remarketing<\/h3>\n<p>Esta p\u00e1gina puede utilizar el servicio Google Remarketing, el cual ofrece a los usuarios anuncios especificamente ajustados a las p\u00e1ginas que han visto en la red de publicidad de Google. De esta manera podemos utilizar sus datos de navegaci\u00f3n en esta p\u00e1gina para proporcionarle publicidad especificamente dirigida cuando visite otras p\u00e1ginas en la red de Google. Puede desactivar esta funci\u00f3n a trav\u00e9s del siguiente enlace: <strong><a href=\"http:\/\/www.google.com\/settings\/ads\" target=\"_blank\" rel=\"noopener noreferrer\">www.google.com\/settings\/ads<\/a><\/strong><\/p>\n<p>Si tienes una cuenta google y te est\u00e1s conectado a la misma mientras visitas nuestra p\u00e1gina y ademas has permitido a Google enlazar tu historial de navegaci\u00f3n con tu cuenta google para usar dicha informaci\u00f3n a fin de personalizar la publicidad, Google enlazar\u00e1 los datos recolectados a trav\u00e9s de Google Analytics con tu cuenta google. Si utilizas esa cuenta google en m\u00faltiples dispositivos, nuestra publicidad puede ser mostrada en los mismos. Aunque Google recolecta datos asociados al uso de cuentas google en esta p\u00e1gina web, AMECO no puede determinar de ninguna forma la identidad de los usurios de cuenta google que navegan en esta p\u00e1gina web.<\/p>\n<p>Para m\u00e1s informaci\u00f3n relacionada con la manera en que Google recolecta y utiliza esta data, le invitamos a consultar la pol\u00edtica de privacidad de Google: <strong><a href=\"http:\/\/www.google.com\/policies\/privacy\/\" target=\"_blank\" rel=\"noopener noreferrer\">www.google.com\/policies\/privacy<\/a><\/strong><\/p>\n<h3>Configuraci\u00f3n de Cookies<\/h3>\n<p>Usted puede modificar la configuraci\u00f3n de las cookies para esta p\u00e1gina web de la siguiente manera:<\/p>\n<div class=\"skp-rgpd-cookie-form\">\r\n\t<div class=\"cookie-options\">\r\n\t\t<label>\r\n\t\t\t<input name=\"skp-rgpd-cookie\" type=\"radio\" value=\"1\" checked=\"checked\" \/>\r\n\t\t\t<strong>Todas las cookies de seguimiento est\u00e1n habilitadas<\/strong>\r\n\t\t<\/label>\r\n\t\t<label>\r\n\t\t\t<input name=\"skp-rgpd-cookie\" type=\"radio\" value=\"2\" \/>\r\n\t\t\t<strong>Todas las cookies de seguimiento est\u00e1n deshabilitadas<\/strong>\r\n\t\t<\/label>\r\n\t<\/div>\r\n\t<div class=\"cookie-submit\">\r\n\t\t<a href=\"#\" class=\"skp-rgpd-cookie-save\">Guardar<\/a>\r\n\t<\/div>\r\n<\/div>\r\n\n<p>Para m\u00e1s informaci\u00f3n acerca de las cookie y como manejarlas, le recomendamos consultar la p\u00e1gina web<strong><a href=\"http:\/\/www.youronlinechoices.com\/\" target=\"_blank\" rel=\"noopener noreferrer\">www.youronlinechoices.com<\/a><\/strong>, desarrollada por la organizaci\u00f3n EDAA (European Interactive Digital Advertising Alliance).<\/p>\n<h2>Propiedad Intelectual<\/h2>\n<p>La legislaci\u00f3n francesa e internacional en cuanto a derechos de autor y propiedad intelectual aplican a todo el contenido de la p\u00e1gina web. Todos los derechos de reproducci\u00f3n son reservados, incluyendo los de los documentos descargables, representaciones iconogr\u00e1ficas y fotogr\u00e1ficas asi como imagenes en movimiento.<\/p>\n<p>Toda reproducci\u00f3n y\/o representaci\u00f3n, en la totalidad o parte de, por cualquier medio, del contenido de la p\u00e1gina web <strong>www.ameco-group.com<\/strong> que se haya hecho sin el permiso expreso de AMECO es ilegal y constituye una violaci\u00f3n de la ley de derechos de autor.<\/p>\n<p>Cualquier uso de informaci\u00f3n proveniente de la p\u00e1gina web <strong>www.ameco-group.com<\/strong> debe mencionar la fuente de dicha informaci\u00f3n. La direcci\u00f3n de internet de la p\u00e1gina web de AMECO debe aparecer imperativamente en dichas referencias.<\/p>\n<p>Los nombres de marcas mencionados en esta p\u00e1gina han sido registrados por las compa\u00f1\u00edas a las cuales pertenecen.<\/p>\n<h2>Responsabilidad<\/h2>\n<p>El contenido y ambiente de las p\u00e1ginas externas a las cuales <strong>www.ameco-group.com<\/strong> pudiese referirse (particularmente a trav\u00e9s de enlaces) no est\u00e1 bajo la responsabilidad de AMECO.<\/p>\n<p>La introducci\u00f3n de enlaces de hipertexto a p\u00e1ginas de terceros o documentos de la p\u00e1gina web de AMECO se autoriza con la condici\u00f3n que estos enlaces no contravengan los intereses de AMECO y que aseguren la posibilidad de que el usuario identifique el origen y autor de dichos documentos.<\/p>\n<p>AMECO no puede ser responsable de ninguna manera por el contenido de la informaci\u00f3n en esta p\u00e1gina o por las consecuencias resultantes de su uso o interpretaci\u00f3n.<\/p>\n<p>La consulta de la p\u00e1gina web <strong>www.ameco-group.com<\/strong> presupone que el usuario acepta los t\u00e9rminos y condiciones especificados arriba.<\/p>\n","protected":false},"excerpt":{"rendered":"<p>Acerca de la p\u00e1gina web You are currently connected to AMECO\u2019s website. Toda la data e informaci\u00f3n presentada en la [&hellip;]<\/p>\n","protected":false},"author":2,"featured_media":0,"parent":0,"menu_order":0,"comment_status":"closed","ping_status":"closed","template":"","meta":{"_acf_changed":false,"footnotes":""},"class_list":["post-2316","page","type-page","status-publish","hentry","wp-sticky"],"acf":[],"yoast_head":"<!-- This site is optimized with the Yoast SEO plugin v27.5 - https:\/\/yoast.com\/product\/yoast-seo-wordpress\/ -->\n<title>Privacidad Legal<\/title>\n<meta name=\"robots\" content=\"index, follow, max-snippet:-1, max-image-preview:large, max-video-preview:-1\" \/>\n<link rel=\"canonical\" href=\"https:\/\/www.ameco-group.com\/es\/privacidad-legal\/\" \/>\n<meta property=\"og:locale\" content=\"es_ES\" \/>\n<meta property=\"og:type\" content=\"article\" \/>\n<meta property=\"og:title\" content=\"Privacidad Legal\" \/>\n<meta property=\"og:description\" content=\"Acerca de la p\u00e1gina web You are currently connected to AMECO\u2019s website. Toda la data e informaci\u00f3n presentada en la [&hellip;]\" \/>\n<meta property=\"og:url\" content=\"https:\/\/www.ameco-group.com\/es\/privacidad-legal\/\" \/>\n<meta property=\"og:site_name\" content=\"AMECO Group\" \/>\n<meta property=\"article:modified_time\" content=\"2019-04-26T08:38:20+00:00\" \/>\n<meta name=\"twitter:card\" content=\"summary_large_image\" \/>\n<meta name=\"twitter:label1\" content=\"Tiempo de lectura\" \/>\n\t<meta name=\"twitter:data1\" content=\"7 minutos\" \/>\n<script type=\"application\/ld+json\" class=\"yoast-schema-graph\">{\"@context\":\"https:\\\/\\\/schema.org\",\"@graph\":[{\"@type\":\"WebPage\",\"@id\":\"https:\\\/\\\/www.ameco-group.com\\\/es\\\/privacidad-legal\\\/\",\"url\":\"https:\\\/\\\/www.ameco-group.com\\\/es\\\/privacidad-legal\\\/\",\"name\":\"Privacidad Legal\",\"isPartOf\":{\"@id\":\"https:\\\/\\\/www.ameco-group.com\\\/es\\\/#website\"},\"datePublished\":\"2019-03-25T16:28:22+00:00\",\"dateModified\":\"2019-04-26T08:38:20+00:00\",\"breadcrumb\":{\"@id\":\"https:\\\/\\\/www.ameco-group.com\\\/es\\\/privacidad-legal\\\/#breadcrumb\"},\"inLanguage\":\"es\",\"potentialAction\":[{\"@type\":\"ReadAction\",\"target\":[\"https:\\\/\\\/www.ameco-group.com\\\/es\\\/privacidad-legal\\\/\"]}]},{\"@type\":\"BreadcrumbList\",\"@id\":\"https:\\\/\\\/www.ameco-group.com\\\/es\\\/privacidad-legal\\\/#breadcrumb\",\"itemListElement\":[{\"@type\":\"ListItem\",\"position\":1,\"name\":\"Inicio\",\"item\":\"https:\\\/\\\/www.ameco-group.com\\\/es\\\/\"},{\"@type\":\"ListItem\",\"position\":2,\"name\":\"Privacidad Legal\"}]},{\"@type\":\"WebSite\",\"@id\":\"https:\\\/\\\/www.ameco-group.com\\\/es\\\/#website\",\"url\":\"https:\\\/\\\/www.ameco-group.com\\\/es\\\/\",\"name\":\"AMECO Group\",\"description\":\"Stackers, Reclaimers, Blending Systems and Shiploaders\",\"publisher\":{\"@id\":\"https:\\\/\\\/www.ameco-group.com\\\/es\\\/#organization\"},\"potentialAction\":[{\"@type\":\"SearchAction\",\"target\":{\"@type\":\"EntryPoint\",\"urlTemplate\":\"https:\\\/\\\/www.ameco-group.com\\\/es\\\/?s={search_term_string}\"},\"query-input\":{\"@type\":\"PropertyValueSpecification\",\"valueRequired\":true,\"valueName\":\"search_term_string\"}}],\"inLanguage\":\"es\"},{\"@type\":\"Organization\",\"@id\":\"https:\\\/\\\/www.ameco-group.com\\\/es\\\/#organization\",\"name\":\"Ameco\",\"url\":\"https:\\\/\\\/www.ameco-group.com\\\/es\\\/\",\"logo\":{\"@type\":\"ImageObject\",\"inLanguage\":\"es\",\"@id\":\"https:\\\/\\\/www.ameco-group.com\\\/es\\\/#\\\/schema\\\/logo\\\/image\\\/\",\"url\":\"https:\\\/\\\/www.ameco-group.com\\\/wp-inside\\\/uploads\\\/2022\\\/06\\\/ameco-logo.png\",\"contentUrl\":\"https:\\\/\\\/www.ameco-group.com\\\/wp-inside\\\/uploads\\\/2022\\\/06\\\/ameco-logo.png\",\"width\":500,\"height\":134,\"caption\":\"Ameco\"},\"image\":{\"@id\":\"https:\\\/\\\/www.ameco-group.com\\\/es\\\/#\\\/schema\\\/logo\\\/image\\\/\"}}]}<\/script>\n<!-- \/ Yoast SEO plugin. -->","yoast_head_json":{"title":"Privacidad Legal","robots":{"index":"index","follow":"follow","max-snippet":"max-snippet:-1","max-image-preview":"max-image-preview:large","max-video-preview":"max-video-preview:-1"},"canonical":"https:\/\/www.ameco-group.com\/es\/privacidad-legal\/","og_locale":"es_ES","og_type":"article","og_title":"Privacidad Legal","og_description":"Acerca de la p\u00e1gina web You are currently connected to AMECO\u2019s website. Toda la data e informaci\u00f3n presentada en la [&hellip;]","og_url":"https:\/\/www.ameco-group.com\/es\/privacidad-legal\/","og_site_name":"AMECO Group","article_modified_time":"2019-04-26T08:38:20+00:00","twitter_card":"summary_large_image","twitter_misc":{"Tiempo de lectura":"7 minutos"},"schema":{"@context":"https:\/\/schema.org","@graph":[{"@type":"WebPage","@id":"https:\/\/www.ameco-group.com\/es\/privacidad-legal\/","url":"https:\/\/www.ameco-group.com\/es\/privacidad-legal\/","name":"Privacidad Legal","isPartOf":{"@id":"https:\/\/www.ameco-group.com\/es\/#website"},"datePublished":"2019-03-25T16:28:22+00:00","dateModified":"2019-04-26T08:38:20+00:00","breadcrumb":{"@id":"https:\/\/www.ameco-group.com\/es\/privacidad-legal\/#breadcrumb"},"inLanguage":"es","potentialAction":[{"@type":"ReadAction","target":["https:\/\/www.ameco-group.com\/es\/privacidad-legal\/"]}]},{"@type":"BreadcrumbList","@id":"https:\/\/www.ameco-group.com\/es\/privacidad-legal\/#breadcrumb","itemListElement":[{"@type":"ListItem","position":1,"name":"Inicio","item":"https:\/\/www.ameco-group.com\/es\/"},{"@type":"ListItem","position":2,"name":"Privacidad Legal"}]},{"@type":"WebSite","@id":"https:\/\/www.ameco-group.com\/es\/#website","url":"https:\/\/www.ameco-group.com\/es\/","name":"AMECO Group","description":"Stackers, Reclaimers, Blending Systems and Shiploaders","publisher":{"@id":"https:\/\/www.ameco-group.com\/es\/#organization"},"potentialAction":[{"@type":"SearchAction","target":{"@type":"EntryPoint","urlTemplate":"https:\/\/www.ameco-group.com\/es\/?s={search_term_string}"},"query-input":{"@type":"PropertyValueSpecification","valueRequired":true,"valueName":"search_term_string"}}],"inLanguage":"es"},{"@type":"Organization","@id":"https:\/\/www.ameco-group.com\/es\/#organization","name":"Ameco","url":"https:\/\/www.ameco-group.com\/es\/","logo":{"@type":"ImageObject","inLanguage":"es","@id":"https:\/\/www.ameco-group.com\/es\/#\/schema\/logo\/image\/","url":"https:\/\/www.ameco-group.com\/wp-inside\/uploads\/2022\/06\/ameco-logo.png","contentUrl":"https:\/\/www.ameco-group.com\/wp-inside\/uploads\/2022\/06\/ameco-logo.png","width":500,"height":134,"caption":"Ameco"},"image":{"@id":"https:\/\/www.ameco-group.com\/es\/#\/schema\/logo\/image\/"}}]}},"_links":{"self":[{"href":"https:\/\/www.ameco-group.com\/es\/wp-json\/wp\/v2\/pages\/2316","targetHints":{"allow":["GET"]}}],"collection":[{"href":"https:\/\/www.ameco-group.com\/es\/wp-json\/wp\/v2\/pages"}],"about":[{"href":"https:\/\/www.ameco-group.com\/es\/wp-json\/wp\/v2\/types\/page"}],"author":[{"embeddable":true,"href":"https:\/\/www.ameco-group.com\/es\/wp-json\/wp\/v2\/users\/2"}],"replies":[{"embeddable":true,"href":"https:\/\/www.ameco-group.com\/es\/wp-json\/wp\/v2\/comments?post=2316"}],"version-history":[{"count":4,"href":"https:\/\/www.ameco-group.com\/es\/wp-json\/wp\/v2\/pages\/2316\/revisions"}],"predecessor-version":[{"id":2683,"href":"https:\/\/www.ameco-group.com\/es\/wp-json\/wp\/v2\/pages\/2316\/revisions\/2683"}],"wp:attachment":[{"href":"https:\/\/www.ameco-group.com\/es\/wp-json\/wp\/v2\/media?parent=2316"}],"curies":[{"name":"wp","href":"https:\/\/api.w.org\/{rel}","templated":true}]}}