{"id":2307,"date":"2019-03-25T16:54:36","date_gmt":"2019-03-25T15:54:36","guid":{"rendered":"https:\/\/www.ameco-group.com\/?page_id=2307"},"modified":"2020-11-03T22:12:39","modified_gmt":"2020-11-03T21:12:39","slug":"sobre-ameco-logistica-puertos-mineria","status":"publish","type":"page","link":"https:\/\/www.ameco-group.com\/es\/sobre-ameco-logistica-puertos-mineria\/","title":{"rendered":"Sobre AMECO"},"content":{"rendered":"<h2 style=\"text-align: center;\">Nuestros origenes<\/h2>\n<p style=\"text-align: center;\"><strong>\u201c Grupo AMECO, un pionero en equipos para manejo de materiales a granel\u201d<\/strong><\/p>\n<p style=\"text-align: center;\">Fundada en 1932,<span lang=\"es\">\u00a0la compa\u00f1\u00eda pas\u00f3 de brindar servicios de mantenimiento a minas de potasa <strong>en la regi\u00f3n donde se encuentran las fronteras alemana, suiza y francesa<\/strong>, a suministrar transportadores para la industria de <a href=\"https:\/\/www.ameco-group.com\/es\/industria\/fertilizantes\/ \">fertilizantes<\/a> y la <a href=\"https:\/\/www.ameco-group.com\/es\/industria\/mineria\/\">miner\u00eda<\/a>\u00a0y entregar equipos robustos de manejo de materiales a granel para satisfacer las nuevas necesidades espec\u00edficas de nuestro cliente actual. <\/span>Las tecnolog\u00edas desarrolladas le permitieron a Grupo AMECO incursionar en diferentes mercados, tales como las <a href=\"https:\/\/www.ameco-group.com\/es\/industria\/cemento\/\">Plantas de Cemento<\/a> y las <a href=\"https:\/\/www.ameco-group.com\/es\/industria\/generacion-de-electricidad\/\">Plantas de Generaci\u00f3n El\u00e9ctrica<\/a>, en las cuales se necesitaban mayores instalaciones de mantenimiento para aquel momento.<\/p>\n<p style=\"text-align: center;\">Para la decada de 1950, Grupo AMECO era una de las pocas empresas de la regi\u00f3n proveyendo maquinarias a nivel internacional Este <strong>enfoque internacional<\/strong> que tuvo desde temprano es el origen de la presencia global de Grupo AMECO hoy en d\u00eda. Con m\u00e1s de 385 referencias alrededor del mundo, este orgulloso negocio opera en la actualidad en las industrias del cemento, materias primas alimenticias, fertilizantes, miner\u00eda, generaci\u00f3n de electricidad as\u00ed como tambi\u00e9n en la <a href=\"https:\/\/www.ameco-group.com\/es\/industria\/pulpa-y-papel\/\">industria de la pulpa y papel<\/a><\/p>\n","protected":false},"excerpt":{"rendered":"<p>Nuestros origenes \u201c Grupo AMECO, un pionero en equipos para manejo de materiales a granel\u201d Fundada en 1932,\u00a0la compa\u00f1\u00eda pas\u00f3 [&hellip;]<\/p>\n","protected":false},"author":2,"featured_media":834,"parent":0,"menu_order":0,"comment_status":"closed","ping_status":"closed","template":"","meta":{"_acf_changed":false,"footnotes":""},"class_list":["post-2307","page","type-page","status-publish","has-post-thumbnail","hentry","wp-sticky"],"acf":[],"yoast_head":"<!-- This site is optimized with the Yoast SEO plugin v27.5 - https:\/\/yoast.com\/product\/yoast-seo-wordpress\/ -->\n<title>Grupo Ameco: Manejo de materiales a granel y reclamadores<\/title>\n<meta name=\"description\" content=\"Grupo AMECO: Instalaciones, equipos y log\u00edstica portuaria, para miner\u00eda, refiner\u00eda, producci\u00f3n energ\u00e9tica y m\u00e1s.\" \/>\n<meta name=\"robots\" content=\"index, follow, max-snippet:-1, max-image-preview:large, max-video-preview:-1\" \/>\n<link rel=\"canonical\" href=\"https:\/\/www.ameco-group.com\/es\/sobre-ameco-logistica-puertos-mineria\/\" \/>\n<meta property=\"og:locale\" content=\"es_ES\" \/>\n<meta property=\"og:type\" content=\"article\" \/>\n<meta property=\"og:title\" content=\"Grupo Ameco: Manejo de materiales a granel y reclamadores\" \/>\n<meta property=\"og:description\" content=\"Grupo AMECO: Instalaciones, equipos y log\u00edstica portuaria, para miner\u00eda, refiner\u00eda, producci\u00f3n energ\u00e9tica y m\u00e1s.\" \/>\n<meta property=\"og:url\" content=\"https:\/\/www.ameco-group.com\/es\/sobre-ameco-logistica-puertos-mineria\/\" \/>\n<meta property=\"og:site_name\" content=\"AMECO Group\" \/>\n<meta property=\"article:modified_time\" content=\"2020-11-03T21:12:39+00:00\" \/>\n<meta property=\"og:image\" content=\"https:\/\/www.ameco-group.com\/wp-inside\/uploads\/2018\/10\/old-pictures-001-1.jpg\" \/>\n\t<meta property=\"og:image:width\" content=\"1200\" \/>\n\t<meta property=\"og:image:height\" content=\"627\" \/>\n\t<meta property=\"og:image:type\" content=\"image\/jpeg\" \/>\n<meta name=\"twitter:card\" content=\"summary_large_image\" \/>\n<meta name=\"twitter:label1\" content=\"Tiempo de lectura\" \/>\n\t<meta name=\"twitter:data1\" content=\"1 minuto\" \/>\n<script type=\"application\/ld+json\" class=\"yoast-schema-graph\">{\"@context\":\"https:\\\/\\\/schema.org\",\"@graph\":[{\"@type\":\"WebPage\",\"@id\":\"https:\\\/\\\/www.ameco-group.com\\\/es\\\/sobre-ameco-logistica-puertos-mineria\\\/\",\"url\":\"https:\\\/\\\/www.ameco-group.com\\\/es\\\/sobre-ameco-logistica-puertos-mineria\\\/\",\"name\":\"Grupo Ameco: Manejo de materiales a granel y reclamadores\",\"isPartOf\":{\"@id\":\"https:\\\/\\\/www.ameco-group.com\\\/es\\\/#website\"},\"primaryImageOfPage\":{\"@id\":\"https:\\\/\\\/www.ameco-group.com\\\/es\\\/sobre-ameco-logistica-puertos-mineria\\\/#primaryimage\"},\"image\":{\"@id\":\"https:\\\/\\\/www.ameco-group.com\\\/es\\\/sobre-ameco-logistica-puertos-mineria\\\/#primaryimage\"},\"thumbnailUrl\":\"https:\\\/\\\/www.ameco-group.com\\\/wp-inside\\\/uploads\\\/2018\\\/10\\\/old-pictures-001-1.jpg\",\"datePublished\":\"2019-03-25T15:54:36+00:00\",\"dateModified\":\"2020-11-03T21:12:39+00:00\",\"description\":\"Grupo AMECO: Instalaciones, equipos y log\u00edstica portuaria, para miner\u00eda, refiner\u00eda, producci\u00f3n energ\u00e9tica y m\u00e1s.\",\"breadcrumb\":{\"@id\":\"https:\\\/\\\/www.ameco-group.com\\\/es\\\/sobre-ameco-logistica-puertos-mineria\\\/#breadcrumb\"},\"inLanguage\":\"es\",\"potentialAction\":[{\"@type\":\"ReadAction\",\"target\":[\"https:\\\/\\\/www.ameco-group.com\\\/es\\\/sobre-ameco-logistica-puertos-mineria\\\/\"]}]},{\"@type\":\"ImageObject\",\"inLanguage\":\"es\",\"@id\":\"https:\\\/\\\/www.ameco-group.com\\\/es\\\/sobre-ameco-logistica-puertos-mineria\\\/#primaryimage\",\"url\":\"https:\\\/\\\/www.ameco-group.com\\\/wp-inside\\\/uploads\\\/2018\\\/10\\\/old-pictures-001-1.jpg\",\"contentUrl\":\"https:\\\/\\\/www.ameco-group.com\\\/wp-inside\\\/uploads\\\/2018\\\/10\\\/old-pictures-001-1.jpg\",\"width\":1200,\"height\":627,\"caption\":\"logistica portuaria, carga buques, miner\u00eda\"},{\"@type\":\"BreadcrumbList\",\"@id\":\"https:\\\/\\\/www.ameco-group.com\\\/es\\\/sobre-ameco-logistica-puertos-mineria\\\/#breadcrumb\",\"itemListElement\":[{\"@type\":\"ListItem\",\"position\":1,\"name\":\"Inicio\",\"item\":\"https:\\\/\\\/www.ameco-group.com\\\/es\\\/\"},{\"@type\":\"ListItem\",\"position\":2,\"name\":\"Sobre AMECO\"}]},{\"@type\":\"WebSite\",\"@id\":\"https:\\\/\\\/www.ameco-group.com\\\/es\\\/#website\",\"url\":\"https:\\\/\\\/www.ameco-group.com\\\/es\\\/\",\"name\":\"AMECO Group\",\"description\":\"Stackers, Reclaimers, Blending Systems and Shiploaders\",\"publisher\":{\"@id\":\"https:\\\/\\\/www.ameco-group.com\\\/es\\\/#organization\"},\"potentialAction\":[{\"@type\":\"SearchAction\",\"target\":{\"@type\":\"EntryPoint\",\"urlTemplate\":\"https:\\\/\\\/www.ameco-group.com\\\/es\\\/?s={search_term_string}\"},\"query-input\":{\"@type\":\"PropertyValueSpecification\",\"valueRequired\":true,\"valueName\":\"search_term_string\"}}],\"inLanguage\":\"es\"},{\"@type\":\"Organization\",\"@id\":\"https:\\\/\\\/www.ameco-group.com\\\/es\\\/#organization\",\"name\":\"Ameco\",\"url\":\"https:\\\/\\\/www.ameco-group.com\\\/es\\\/\",\"logo\":{\"@type\":\"ImageObject\",\"inLanguage\":\"es\",\"@id\":\"https:\\\/\\\/www.ameco-group.com\\\/es\\\/#\\\/schema\\\/logo\\\/image\\\/\",\"url\":\"https:\\\/\\\/www.ameco-group.com\\\/wp-inside\\\/uploads\\\/2022\\\/06\\\/ameco-logo.png\",\"contentUrl\":\"https:\\\/\\\/www.ameco-group.com\\\/wp-inside\\\/uploads\\\/2022\\\/06\\\/ameco-logo.png\",\"width\":500,\"height\":134,\"caption\":\"Ameco\"},\"image\":{\"@id\":\"https:\\\/\\\/www.ameco-group.com\\\/es\\\/#\\\/schema\\\/logo\\\/image\\\/\"}}]}<\/script>\n<!-- \/ Yoast SEO plugin. -->","yoast_head_json":{"title":"Grupo Ameco: Manejo de materiales a granel y reclamadores","description":"Grupo AMECO: Instalaciones, equipos y log\u00edstica portuaria, para miner\u00eda, refiner\u00eda, producci\u00f3n energ\u00e9tica y m\u00e1s.","robots":{"index":"index","follow":"follow","max-snippet":"max-snippet:-1","max-image-preview":"max-image-preview:large","max-video-preview":"max-video-preview:-1"},"canonical":"https:\/\/www.ameco-group.com\/es\/sobre-ameco-logistica-puertos-mineria\/","og_locale":"es_ES","og_type":"article","og_title":"Grupo Ameco: Manejo de materiales a granel y reclamadores","og_description":"Grupo AMECO: Instalaciones, equipos y log\u00edstica portuaria, para miner\u00eda, refiner\u00eda, producci\u00f3n energ\u00e9tica y m\u00e1s.","og_url":"https:\/\/www.ameco-group.com\/es\/sobre-ameco-logistica-puertos-mineria\/","og_site_name":"AMECO Group","article_modified_time":"2020-11-03T21:12:39+00:00","og_image":[{"width":1200,"height":627,"url":"https:\/\/www.ameco-group.com\/wp-inside\/uploads\/2018\/10\/old-pictures-001-1.jpg","type":"image\/jpeg"}],"twitter_card":"summary_large_image","twitter_misc":{"Tiempo de lectura":"1 minuto"},"schema":{"@context":"https:\/\/schema.org","@graph":[{"@type":"WebPage","@id":"https:\/\/www.ameco-group.com\/es\/sobre-ameco-logistica-puertos-mineria\/","url":"https:\/\/www.ameco-group.com\/es\/sobre-ameco-logistica-puertos-mineria\/","name":"Grupo Ameco: Manejo de materiales a granel y reclamadores","isPartOf":{"@id":"https:\/\/www.ameco-group.com\/es\/#website"},"primaryImageOfPage":{"@id":"https:\/\/www.ameco-group.com\/es\/sobre-ameco-logistica-puertos-mineria\/#primaryimage"},"image":{"@id":"https:\/\/www.ameco-group.com\/es\/sobre-ameco-logistica-puertos-mineria\/#primaryimage"},"thumbnailUrl":"https:\/\/www.ameco-group.com\/wp-inside\/uploads\/2018\/10\/old-pictures-001-1.jpg","datePublished":"2019-03-25T15:54:36+00:00","dateModified":"2020-11-03T21:12:39+00:00","description":"Grupo AMECO: Instalaciones, equipos y log\u00edstica portuaria, para miner\u00eda, refiner\u00eda, producci\u00f3n energ\u00e9tica y m\u00e1s.","breadcrumb":{"@id":"https:\/\/www.ameco-group.com\/es\/sobre-ameco-logistica-puertos-mineria\/#breadcrumb"},"inLanguage":"es","potentialAction":[{"@type":"ReadAction","target":["https:\/\/www.ameco-group.com\/es\/sobre-ameco-logistica-puertos-mineria\/"]}]},{"@type":"ImageObject","inLanguage":"es","@id":"https:\/\/www.ameco-group.com\/es\/sobre-ameco-logistica-puertos-mineria\/#primaryimage","url":"https:\/\/www.ameco-group.com\/wp-inside\/uploads\/2018\/10\/old-pictures-001-1.jpg","contentUrl":"https:\/\/www.ameco-group.com\/wp-inside\/uploads\/2018\/10\/old-pictures-001-1.jpg","width":1200,"height":627,"caption":"logistica portuaria, carga buques, miner\u00eda"},{"@type":"BreadcrumbList","@id":"https:\/\/www.ameco-group.com\/es\/sobre-ameco-logistica-puertos-mineria\/#breadcrumb","itemListElement":[{"@type":"ListItem","position":1,"name":"Inicio","item":"https:\/\/www.ameco-group.com\/es\/"},{"@type":"ListItem","position":2,"name":"Sobre AMECO"}]},{"@type":"WebSite","@id":"https:\/\/www.ameco-group.com\/es\/#website","url":"https:\/\/www.ameco-group.com\/es\/","name":"AMECO Group","description":"Stackers, Reclaimers, Blending Systems and Shiploaders","publisher":{"@id":"https:\/\/www.ameco-group.com\/es\/#organization"},"potentialAction":[{"@type":"SearchAction","target":{"@type":"EntryPoint","urlTemplate":"https:\/\/www.ameco-group.com\/es\/?s={search_term_string}"},"query-input":{"@type":"PropertyValueSpecification","valueRequired":true,"valueName":"search_term_string"}}],"inLanguage":"es"},{"@type":"Organization","@id":"https:\/\/www.ameco-group.com\/es\/#organization","name":"Ameco","url":"https:\/\/www.ameco-group.com\/es\/","logo":{"@type":"ImageObject","inLanguage":"es","@id":"https:\/\/www.ameco-group.com\/es\/#\/schema\/logo\/image\/","url":"https:\/\/www.ameco-group.com\/wp-inside\/uploads\/2022\/06\/ameco-logo.png","contentUrl":"https:\/\/www.ameco-group.com\/wp-inside\/uploads\/2022\/06\/ameco-logo.png","width":500,"height":134,"caption":"Ameco"},"image":{"@id":"https:\/\/www.ameco-group.com\/es\/#\/schema\/logo\/image\/"}}]}},"_links":{"self":[{"href":"https:\/\/www.ameco-group.com\/es\/wp-json\/wp\/v2\/pages\/2307","targetHints":{"allow":["GET"]}}],"collection":[{"href":"https:\/\/www.ameco-group.com\/es\/wp-json\/wp\/v2\/pages"}],"about":[{"href":"https:\/\/www.ameco-group.com\/es\/wp-json\/wp\/v2\/types\/page"}],"author":[{"embeddable":true,"href":"https:\/\/www.ameco-group.com\/es\/wp-json\/wp\/v2\/users\/2"}],"replies":[{"embeddable":true,"href":"https:\/\/www.ameco-group.com\/es\/wp-json\/wp\/v2\/comments?post=2307"}],"version-history":[{"count":5,"href":"https:\/\/www.ameco-group.com\/es\/wp-json\/wp\/v2\/pages\/2307\/revisions"}],"predecessor-version":[{"id":4426,"href":"https:\/\/www.ameco-group.com\/es\/wp-json\/wp\/v2\/pages\/2307\/revisions\/4426"}],"wp:featuredmedia":[{"embeddable":true,"href":"https:\/\/www.ameco-group.com\/es\/wp-json\/wp\/v2\/media\/834"}],"wp:attachment":[{"href":"https:\/\/www.ameco-group.com\/es\/wp-json\/wp\/v2\/media?parent=2307"}],"curies":[{"name":"wp","href":"https:\/\/api.w.org\/{rel}","templated":true}]}}