{"id":1293,"date":"2018-08-09T16:29:00","date_gmt":"2018-08-09T14:29:00","guid":{"rendered":"https:\/\/www.ameco-group.com\/homepage\/"},"modified":"2023-02-16T11:00:11","modified_gmt":"2023-02-16T10:00:11","slug":"homepage","status":"publish","type":"page","link":"https:\/\/www.ameco-group.com\/es\/","title":{"rendered":"AMECO"},"content":{"rendered":"<p>AMECO entrega <a href=\"https:\/\/www.ameco-group.com\/es\/products\/\">productos<\/a> de calidad superior, dedic\u00e1ndose a satisfacer las necesidades de <a href=\"https:\/\/www.ameco-group.com\/es\/servicios-instalacion-mantenimiento-repuestos\/\">sus clientes<\/a> en las industrias de la pulpa, almacenamiento de energ\u00eda y carga de barcos, aprovechando sus m\u00e1s de <strong>80 a\u00f1os de experiencia<\/strong> en el dise\u00f1o de maquinarias y combin\u00e1ndolo con un mantenimiento predictivo de primera clase y servicios de remodelaci\u00f3n innovadores.<\/p>\n<p>Dise\u00f1ando y fabricando equipos en Europa desde 1932, AMECO pone a su disposici\u00f3n robustas maquinarias a prueba de fallas y de \u00faltima generaci\u00f3n para el manejo de material a granel, ofreciendo una completa l\u00ednea de <strong>apiladores<\/strong>, <strong>reclamadores<\/strong>, sistemas de mezclado y cargadores de barcos con la capacidad de manejar cualquier tipo de material seco a granel.<\/p>\n<p>Contamos con amplias <a href=\"https:\/\/www.ameco-group.com\/es\/logistica-industria-internacional\/\">referencias<\/a> en todos los continentes, en las <a href=\"https:\/\/www.ameco-group.com\/es\/industries\/\">industrias<\/a> del <strong>cemento<\/strong>, materias primas alimenticias, <strong>fertilizantes<\/strong>, <strong>miner\u00eda<\/strong>, <strong>generaci\u00f3n de electricidad<\/strong>, <strong>pulpa y papel<\/strong>, etc.<\/p>\n<p>Nuestra misi\u00f3n es mantener la satisfacci\u00f3n de nuestra base de clientes alrededor del mundo y aumentar nuestra presencia en el mercado.<\/p>\n","protected":false},"excerpt":{"rendered":"<p>AMECO entrega productos de calidad superior, dedic\u00e1ndose a satisfacer las necesidades de sus clientes en las industrias de la pulpa, [&hellip;]<\/p>\n","protected":false},"author":2,"featured_media":0,"parent":0,"menu_order":0,"comment_status":"closed","ping_status":"closed","template":"","meta":{"_acf_changed":false,"footnotes":""},"class_list":["post-1293","page","type-page","status-publish","hentry","wp-sticky"],"acf":[],"yoast_head":"<!-- This site is optimized with the Yoast SEO plugin v27.4 - https:\/\/yoast.com\/product\/yoast-seo-wordpress\/ -->\n<title>AMECO: Maquinaria industrial y log\u00edstica para grandes industrias.<\/title>\n<meta name=\"description\" content=\"AMECO: Maquinaria industrial y log\u00edstica para industrias portuarias, mineras, el\u00e9ctricas y m\u00e1s. Carga, almacenamiento y mucho m\u00e1s.\" \/>\n<meta name=\"robots\" content=\"index, follow, max-snippet:-1, max-image-preview:large, max-video-preview:-1\" \/>\n<link rel=\"canonical\" href=\"https:\/\/www.ameco-group.com\/es\/\" \/>\n<meta property=\"og:locale\" content=\"es_ES\" \/>\n<meta property=\"og:type\" content=\"article\" \/>\n<meta property=\"og:title\" content=\"AMECO: Maquinaria industrial y log\u00edstica para grandes industrias.\" \/>\n<meta property=\"og:description\" content=\"AMECO: Maquinaria industrial y log\u00edstica para industrias portuarias, mineras, el\u00e9ctricas y m\u00e1s. Carga, almacenamiento y mucho m\u00e1s.\" \/>\n<meta property=\"og:url\" content=\"https:\/\/www.ameco-group.com\/es\/\" \/>\n<meta property=\"og:site_name\" content=\"AMECO Group\" \/>\n<meta property=\"article:modified_time\" content=\"2023-02-16T10:00:11+00:00\" \/>\n<meta name=\"twitter:card\" content=\"summary_large_image\" \/>\n<meta name=\"twitter:label1\" content=\"Tiempo de lectura\" \/>\n\t<meta name=\"twitter:data1\" content=\"1 minuto\" \/>\n<script type=\"application\/ld+json\" class=\"yoast-schema-graph\">{\"@context\":\"https:\\\/\\\/schema.org\",\"@graph\":[{\"@type\":\"WebPage\",\"@id\":\"https:\\\/\\\/www.ameco-group.com\\\/es\\\/\",\"url\":\"https:\\\/\\\/www.ameco-group.com\\\/es\\\/\",\"name\":\"AMECO: Maquinaria industrial y log\u00edstica para grandes industrias.\",\"isPartOf\":{\"@id\":\"https:\\\/\\\/www.ameco-group.com\\\/es\\\/#website\"},\"datePublished\":\"2018-08-09T14:29:00+00:00\",\"dateModified\":\"2023-02-16T10:00:11+00:00\",\"description\":\"AMECO: Maquinaria industrial y log\u00edstica para industrias portuarias, mineras, el\u00e9ctricas y m\u00e1s. Carga, almacenamiento y mucho m\u00e1s.\",\"breadcrumb\":{\"@id\":\"https:\\\/\\\/www.ameco-group.com\\\/es\\\/#breadcrumb\"},\"inLanguage\":\"es\",\"potentialAction\":[{\"@type\":\"ReadAction\",\"target\":[\"https:\\\/\\\/www.ameco-group.com\\\/es\\\/\"]}]},{\"@type\":\"BreadcrumbList\",\"@id\":\"https:\\\/\\\/www.ameco-group.com\\\/es\\\/#breadcrumb\",\"itemListElement\":[{\"@type\":\"ListItem\",\"position\":1,\"name\":\"Inicio\",\"item\":\"https:\\\/\\\/www.ameco-group.com\\\/es\\\/\"},{\"@type\":\"ListItem\",\"position\":2,\"name\":\"AMECO\"}]},{\"@type\":\"WebSite\",\"@id\":\"https:\\\/\\\/www.ameco-group.com\\\/es\\\/#website\",\"url\":\"https:\\\/\\\/www.ameco-group.com\\\/es\\\/\",\"name\":\"AMECO Group\",\"description\":\"Stackers, Reclaimers, Blending Systems and Shiploaders\",\"publisher\":{\"@id\":\"https:\\\/\\\/www.ameco-group.com\\\/es\\\/#organization\"},\"potentialAction\":[{\"@type\":\"SearchAction\",\"target\":{\"@type\":\"EntryPoint\",\"urlTemplate\":\"https:\\\/\\\/www.ameco-group.com\\\/es\\\/?s={search_term_string}\"},\"query-input\":{\"@type\":\"PropertyValueSpecification\",\"valueRequired\":true,\"valueName\":\"search_term_string\"}}],\"inLanguage\":\"es\"},{\"@type\":\"Organization\",\"@id\":\"https:\\\/\\\/www.ameco-group.com\\\/es\\\/#organization\",\"name\":\"Ameco\",\"url\":\"https:\\\/\\\/www.ameco-group.com\\\/es\\\/\",\"logo\":{\"@type\":\"ImageObject\",\"inLanguage\":\"es\",\"@id\":\"https:\\\/\\\/www.ameco-group.com\\\/es\\\/#\\\/schema\\\/logo\\\/image\\\/\",\"url\":\"https:\\\/\\\/www.ameco-group.com\\\/wp-inside\\\/uploads\\\/2022\\\/06\\\/ameco-logo.png\",\"contentUrl\":\"https:\\\/\\\/www.ameco-group.com\\\/wp-inside\\\/uploads\\\/2022\\\/06\\\/ameco-logo.png\",\"width\":500,\"height\":134,\"caption\":\"Ameco\"},\"image\":{\"@id\":\"https:\\\/\\\/www.ameco-group.com\\\/es\\\/#\\\/schema\\\/logo\\\/image\\\/\"}}]}<\/script>\n<!-- \/ Yoast SEO plugin. -->","yoast_head_json":{"title":"AMECO: Maquinaria industrial y log\u00edstica para grandes industrias.","description":"AMECO: Maquinaria industrial y log\u00edstica para industrias portuarias, mineras, el\u00e9ctricas y m\u00e1s. Carga, almacenamiento y mucho m\u00e1s.","robots":{"index":"index","follow":"follow","max-snippet":"max-snippet:-1","max-image-preview":"max-image-preview:large","max-video-preview":"max-video-preview:-1"},"canonical":"https:\/\/www.ameco-group.com\/es\/","og_locale":"es_ES","og_type":"article","og_title":"AMECO: Maquinaria industrial y log\u00edstica para grandes industrias.","og_description":"AMECO: Maquinaria industrial y log\u00edstica para industrias portuarias, mineras, el\u00e9ctricas y m\u00e1s. Carga, almacenamiento y mucho m\u00e1s.","og_url":"https:\/\/www.ameco-group.com\/es\/","og_site_name":"AMECO Group","article_modified_time":"2023-02-16T10:00:11+00:00","twitter_card":"summary_large_image","twitter_misc":{"Tiempo de lectura":"1 minuto"},"schema":{"@context":"https:\/\/schema.org","@graph":[{"@type":"WebPage","@id":"https:\/\/www.ameco-group.com\/es\/","url":"https:\/\/www.ameco-group.com\/es\/","name":"AMECO: Maquinaria industrial y log\u00edstica para grandes industrias.","isPartOf":{"@id":"https:\/\/www.ameco-group.com\/es\/#website"},"datePublished":"2018-08-09T14:29:00+00:00","dateModified":"2023-02-16T10:00:11+00:00","description":"AMECO: Maquinaria industrial y log\u00edstica para industrias portuarias, mineras, el\u00e9ctricas y m\u00e1s. Carga, almacenamiento y mucho m\u00e1s.","breadcrumb":{"@id":"https:\/\/www.ameco-group.com\/es\/#breadcrumb"},"inLanguage":"es","potentialAction":[{"@type":"ReadAction","target":["https:\/\/www.ameco-group.com\/es\/"]}]},{"@type":"BreadcrumbList","@id":"https:\/\/www.ameco-group.com\/es\/#breadcrumb","itemListElement":[{"@type":"ListItem","position":1,"name":"Inicio","item":"https:\/\/www.ameco-group.com\/es\/"},{"@type":"ListItem","position":2,"name":"AMECO"}]},{"@type":"WebSite","@id":"https:\/\/www.ameco-group.com\/es\/#website","url":"https:\/\/www.ameco-group.com\/es\/","name":"AMECO Group","description":"Stackers, Reclaimers, Blending Systems and Shiploaders","publisher":{"@id":"https:\/\/www.ameco-group.com\/es\/#organization"},"potentialAction":[{"@type":"SearchAction","target":{"@type":"EntryPoint","urlTemplate":"https:\/\/www.ameco-group.com\/es\/?s={search_term_string}"},"query-input":{"@type":"PropertyValueSpecification","valueRequired":true,"valueName":"search_term_string"}}],"inLanguage":"es"},{"@type":"Organization","@id":"https:\/\/www.ameco-group.com\/es\/#organization","name":"Ameco","url":"https:\/\/www.ameco-group.com\/es\/","logo":{"@type":"ImageObject","inLanguage":"es","@id":"https:\/\/www.ameco-group.com\/es\/#\/schema\/logo\/image\/","url":"https:\/\/www.ameco-group.com\/wp-inside\/uploads\/2022\/06\/ameco-logo.png","contentUrl":"https:\/\/www.ameco-group.com\/wp-inside\/uploads\/2022\/06\/ameco-logo.png","width":500,"height":134,"caption":"Ameco"},"image":{"@id":"https:\/\/www.ameco-group.com\/es\/#\/schema\/logo\/image\/"}}]}},"_links":{"self":[{"href":"https:\/\/www.ameco-group.com\/es\/wp-json\/wp\/v2\/pages\/1293","targetHints":{"allow":["GET"]}}],"collection":[{"href":"https:\/\/www.ameco-group.com\/es\/wp-json\/wp\/v2\/pages"}],"about":[{"href":"https:\/\/www.ameco-group.com\/es\/wp-json\/wp\/v2\/types\/page"}],"author":[{"embeddable":true,"href":"https:\/\/www.ameco-group.com\/es\/wp-json\/wp\/v2\/users\/2"}],"replies":[{"embeddable":true,"href":"https:\/\/www.ameco-group.com\/es\/wp-json\/wp\/v2\/comments?post=1293"}],"version-history":[{"count":7,"href":"https:\/\/www.ameco-group.com\/es\/wp-json\/wp\/v2\/pages\/1293\/revisions"}],"predecessor-version":[{"id":7738,"href":"https:\/\/www.ameco-group.com\/es\/wp-json\/wp\/v2\/pages\/1293\/revisions\/7738"}],"wp:attachment":[{"href":"https:\/\/www.ameco-group.com\/es\/wp-json\/wp\/v2\/media?parent=1293"}],"curies":[{"name":"wp","href":"https:\/\/api.w.org\/{rel}","templated":true}]}}